{"id":230839,"date":"2024-03-22T15:31:41","date_gmt":"2024-03-22T15:31:41","guid":{"rendered":"https:\/\/delta-paddle.com\/?post_type=product&#038;p=230839"},"modified":"2024-07-05T13:28:06","modified_gmt":"2024-07-05T13:28:06","slug":"confezione-sup-delta-108-copie","status":"publish","type":"product","link":"https:\/\/delta-paddle.com\/it\/produit\/confezione-sup-delta-108-copie\/","title":{"rendered":"PACCHETTO SUP DELTA 10&#8217;8 PREMIUM"},"content":{"rendered":"<p>[et_pb_section fb_built=&#8221;1&#8243; _builder_version=&#8221;4.16&#8243; background_enable_image=&#8221;off&#8221; custom_padding=&#8221;50px||||false|false&#8221; global_colors_info=&#8221;{}&#8221;][et_pb_row column_structure=&#8221;1_2,1_2&#8243; _builder_version=&#8221;4.25.1&#8243; _module_preset=&#8221;default&#8221; hover_enabled=&#8221;0&#8243; global_colors_info=&#8221;{}&#8221; sticky_enabled=&#8221;0&#8243;][et_pb_column type=&#8221;1_2&#8243; _builder_version=&#8221;4.25.1&#8243; _module_preset=&#8221;default&#8221; background_size=&#8221;contain&#8221; hover_enabled=&#8221;0&#8243; global_colors_info=&#8221;{}&#8221; background_enable_image=&#8221;off&#8221; sticky_enabled=&#8221;0&#8243;][et_pb_wc_images _builder_version=&#8221;4.24.2&#8243; _module_preset=&#8221;default&#8221; hover_enabled=&#8221;0&#8243; global_colors_info=&#8221;{}&#8221; sticky_enabled=&#8221;0&#8243;][\/et_pb_wc_images][\/et_pb_column][et_pb_column type=&#8221;1_2&#8243; _builder_version=&#8221;4.16&#8243; _module_preset=&#8221;default&#8221; custom_padding=&#8221;|50px||50px|false|false&#8221; global_colors_info=&#8221;{}&#8221;][et_pb_wc_title _builder_version=&#8221;4.16&#8243; header_text_align=&#8221;left&#8221; global_colors_info=&#8221;{}&#8221;][\/et_pb_wc_title][et_pb_wc_price disabled_on=&#8221;off|off|off&#8221; _builder_version=&#8221;4.16&#8243; text_orientation=&#8221;left&#8221; global_colors_info=&#8221;{}&#8221;][\/et_pb_wc_price][et_pb_wc_description _builder_version=&#8221;4.16&#8243; global_colors_info=&#8221;{}&#8221;][\/et_pb_wc_description][et_pb_image src=&#8221;http:\/\/delta-paddle.com\/wp-content\/uploads\/ACCESSOIRES-PREMIUM-PACK.png&#8221; title_text=&#8221;ACCESSOIRES-PREMIUM PACK&#8221; disabled_on=&#8221;off|off|off&#8221; _builder_version=&#8221;4.25.1&#8243; _module_preset=&#8221;default&#8221; hover_enabled=&#8221;0&#8243; global_colors_info=&#8221;{}&#8221; sticky_enabled=&#8221;0&#8243;][\/et_pb_image][\/et_pb_column][\/et_pb_row][\/et_pb_section][et_pb_section fb_built=&#8221;1&#8243; _builder_version=&#8221;4.16&#8243; background_enable_image=&#8221;off&#8221; custom_padding=&#8221;0px||||false|false&#8221; global_colors_info=&#8221;{}&#8221;][et_pb_row _builder_version=&#8221;4.16&#8243; background_size=&#8221;initial&#8221; background_position=&#8221;top_left&#8221; background_repeat=&#8221;repeat&#8221; width=&#8221;100%&#8221; global_colors_info=&#8221;{}&#8221;][et_pb_column type=&#8221;4_4&#8243; _builder_version=&#8221;4.16&#8243; custom_padding=&#8221;|||&#8221; global_colors_info=&#8221;{}&#8221; custom_padding__hover=&#8221;|||&#8221;][et_pb_wc_tabs _builder_version=&#8221;4.25.1&#8243; hover_enabled=&#8221;0&#8243; global_colors_info=&#8221;{}&#8221; sticky_enabled=&#8221;0&#8243;]\t\t\t\t\t[\/et_pb_wc_tabs][et_pb_wc_upsells _builder_version=&#8221;4.16&#8243; hover_enabled=&#8221;0&#8243; global_colors_info=&#8221;{}&#8221; sticky_enabled=&#8221;0&#8243;][\/et_pb_wc_upsells][et_pb_wc_related_products _builder_version=&#8221;4.16&#8243; global_colors_info=&#8221;{}&#8221;][\/et_pb_wc_related_products][et_pb_wc_breadcrumb _builder_version=&#8221;4.16&#8243; custom_padding_tablet=&#8221;|||25px|false|false&#8221; custom_padding_phone=&#8221;&#8221; custom_padding_last_edited=&#8221;on|phone&#8221; global_colors_info=&#8221;{}&#8221;][\/et_pb_wc_breadcrumb][\/et_pb_column][\/et_pb_row][\/et_pb_section][et_pb_section fb_built=&#8221;1&#8243; disabled_on=&#8221;off|off|off&#8221; _builder_version=&#8221;4.16&#8243; _module_preset=&#8221;default&#8221; background_color=&#8221;#1F2638&#8243; global_colors_info=&#8221;{}&#8221;][et_pb_row column_structure=&#8221;1_3,1_3,1_3&#8243; _builder_version=&#8221;4.16&#8243; _module_preset=&#8221;default&#8221; background_color=&#8221;RGBA(0,0,0,0)&#8221; width=&#8221;100%&#8221; max_width=&#8221;1920px&#8221; module_alignment=&#8221;center&#8221; sticky_position=&#8221;top_bottom&#8221; scroll_fade=&#8221;0|30|30|100|100%|100|100&#8243; sticky_position_tablet=&#8221;&#8221; sticky_position_phone=&#8221;none&#8221; sticky_position_last_edited=&#8221;on|phone&#8221; global_colors_info=&#8221;{}&#8221;][et_pb_column type=&#8221;1_3&#8243; _builder_version=&#8221;4.16&#8243; _module_preset=&#8221;default&#8221; global_colors_info=&#8221;{}&#8221;][\/et_pb_column][et_pb_column type=&#8221;1_3&#8243; _builder_version=&#8221;4.16&#8243; _module_preset=&#8221;default&#8221; global_colors_info=&#8221;{}&#8221;][et_pb_wc_add_to_cart _builder_version=&#8221;4.16&#8243; custom_button=&#8221;on&#8221; button_text_size=&#8221;16px&#8221; button_text_color=&#8221;#ffffff&#8221; button_bg_color=&#8221;#FE0000&#8243; button_border_width=&#8221;0px&#8221; button_border_color=&#8221;RGBA(0,0,0,0)&#8221; button_border_radius=&#8221;50px&#8221; button_letter_spacing=&#8221;2px&#8221; button_font=&#8221;Karla|700||on|||||&#8221; button_use_icon=&#8221;off&#8221; button_custom_padding=&#8221;11px|25px|13px|25px|false|false&#8221; text_orientation=&#8221;center&#8221; box_shadow_style_button=&#8221;preset1&#8243; box_shadow_color_button=&#8221;rgba(254,0,0,0.75)&#8221; global_colors_info=&#8221;{}&#8221;][\/et_pb_wc_add_to_cart][et_pb_wc_cart_notice _builder_version=&#8221;4.16&#8243; custom_button=&#8221;on&#8221; button_text_size=&#8221;16px&#8221; button_text_color=&#8221;#ffffff&#8221; button_bg_color=&#8221;#FE0000&#8243; button_border_color=&#8221;RGBA(0,0,0,0)&#8221; button_border_radius=&#8221;50px&#8221; button_letter_spacing=&#8221;2px&#8221; button_font=&#8221;Karla|700||on|||||&#8221; button_use_icon=&#8221;off&#8221; global_colors_info=&#8221;{}&#8221;][\/et_pb_wc_cart_notice][\/et_pb_column][et_pb_column type=&#8221;1_3&#8243; _builder_version=&#8221;4.16&#8243; _module_preset=&#8221;default&#8221; global_colors_info=&#8221;{}&#8221;][\/et_pb_column][\/et_pb_row][\/et_pb_section]<\/p>\n","protected":false},"excerpt":{"rendered":"<p>Il paddle gonfiabile Delta 10&#8217;8 Premium 2024 arricchisce la gamma Allround con un design innovativo, offrendo versatilit\u00e0 e stabilit\u00e0 per diversi ambienti acquatici. Dotato di un nucleo Dropstitch Premium ad alta densit\u00e0, assicura rigidit\u00e0, durata e leggerezza, ideale per tutte le corporature. Perfetto per le piccole escursioni acquatiche o per l&#8217;uso familiare, garantisce un&#8217;esperienza sicura e piacevole.<\/p>\n<p>Il pacchetto completo include una borsa per il trasporto, una pagaia SUP smontabile e regolabile, una pompa manuale ad alta pressione, un leash coiled per la sicurezza e una custodia impermeabile per smartphone. Il Delta 10&#8217;8 Premium 2024 combina innovazione e praticit\u00e0 per avventure acquatiche indimenticabili.<\/p>\n","protected":false},"featured_media":231214,"comment_status":"closed","ping_status":"closed","template":"","meta":{"_et_pb_use_builder":"on","_et_pb_old_content":"Il Paddle gonfiabile Delta 10'8 Premium 2024 arricchisce la nostra gamma Allround con il suo design innovativo, offrendo una versatilit\u00e0 e una stabilit\u00e0 senza pari per adattarsi a un'ampia gamma di condizioni acquatiche. Questo modello \u00e8 appositamente progettato con un nucleo in Dropstitch Premium ad alta densit\u00e0, garantendo una maggiore rigidit\u00e0 e una durabilit\u00e0 rafforzata, pur mantenendo una leggerezza che facilita la manovrabilit\u00e0. Ideale per tutti i tipi di corporatura, il Delta 10'8 Premium 2024 \u00e8 la scelta perfetta per coloro che cercano una tavola adatta a piccole escursioni acquatiche o per un uso familiare, offrendo un'esperienza sicura e piacevole per tutti.\n\nIl pacchetto completo del Delta 10'8 Premium 2024 \u00e8 accuratamente composto per fornirvi tutto il necessario non appena lo disimballate.v Incluso un pratico sacco per il trasporto, una pagaia SUP smontabile in tre parti regolabile secondo le vostre esigenze, una pompa manuale ad alta pressione per un gonfiaggio efficiente, e un leash coiled per garantire la vostra sicurezza in ogni circostanza. Inoltre, questo pacchetto \u00e8 arricchito da una custodia impermeabile per smartphone, che consente di mantenere i vostri dispositivi asciutti e al sicuro, affinch\u00e9 possiate catturare e condividere le vostre avventure acquatiche senza temere gli elementi.\n\nCon il Delta 10'8 Premium 2024, preparatevi a navigare con fiducia, comfort e stile, sia che si tratti di escursioni in solitaria, esplorazioni in famiglia, o avventure tra amici. Questo SUP \u00e8 il vostro alleato imprescindibile per tutte le vostre gite sull'acqua, combinando innovazione tecnica e praticit\u00e0 per un'esperienza di paddleboarding indimenticabile.\n\nIl paddle gonfiabile Delta 10'8 Premium 2024 arricchisce la gamma Allround con un design innovativo, offrendo versatilit\u00e0 e stabilit\u00e0 per diversi ambienti acquatici. Dotato di un nucleo Dropstitch Premium ad alta densit\u00e0, assicura rigidit\u00e0, durata e leggerezza, ideale per tutte le corporature. Perfetto per le piccole escursioni acquatiche o per l'uso familiare, garantisce un'esperienza sicura e piacevole.\n\nIl pacchetto completo include una borsa per il trasporto, una pagaia SUP smontabile e regolabile, una pompa manuale ad alta pressione, un leash coiled per la sicurezza e una custodia impermeabile per smartphone. Il Delta 10'8 Premium 2024 combina innovazione e praticit\u00e0 per avventure acquatiche indimenticabili.","_et_gb_content_width":"","content-type":"","inline_featured_image":false},"product_cat":[59,58],"product_tag":[],"class_list":{"0":"post-230839","1":"product","2":"type-product","3":"status-publish","4":"has-post-thumbnail","6":"product_cat-tavola-da-paddle-gonflable","7":"product_cat-tutti-i-prodotti","9":"first","10":"instock","11":"taxable","12":"shipping-taxable","13":"purchasable","14":"product-type-simple"},"_links":{"self":[{"href":"https:\/\/delta-paddle.com\/it\/wp-json\/wp\/v2\/product\/230839","targetHints":{"allow":["GET"]}}],"collection":[{"href":"https:\/\/delta-paddle.com\/it\/wp-json\/wp\/v2\/product"}],"about":[{"href":"https:\/\/delta-paddle.com\/it\/wp-json\/wp\/v2\/types\/product"}],"replies":[{"embeddable":true,"href":"https:\/\/delta-paddle.com\/it\/wp-json\/wp\/v2\/comments?post=230839"}],"wp:featuredmedia":[{"embeddable":true,"href":"https:\/\/delta-paddle.com\/it\/wp-json\/wp\/v2\/media\/231214"}],"wp:attachment":[{"href":"https:\/\/delta-paddle.com\/it\/wp-json\/wp\/v2\/media?parent=230839"}],"wp:term":[{"taxonomy":"product_cat","embeddable":true,"href":"https:\/\/delta-paddle.com\/it\/wp-json\/wp\/v2\/product_cat?post=230839"},{"taxonomy":"product_tag","embeddable":true,"href":"https:\/\/delta-paddle.com\/it\/wp-json\/wp\/v2\/product_tag?post=230839"}],"curies":[{"name":"wp","href":"https:\/\/api.w.org\/{rel}","templated":true}]}}