{"id":230834,"date":"2024-03-22T15:31:33","date_gmt":"2024-03-22T15:31:33","guid":{"rendered":"https:\/\/delta-paddle.com\/?post_type=product&#038;p=230834"},"modified":"2024-07-05T14:22:21","modified_gmt":"2024-07-05T14:22:21","slug":"confezione-sup-delta-10-copie-copie","status":"publish","type":"product","link":"https:\/\/delta-paddle.com\/it\/produit\/confezione-sup-delta-10-copie-copie\/","title":{"rendered":"PACK PADDLE DELTA 10&#8242; SUMMER PREMIUM"},"content":{"rendered":"<p>[et_pb_section fb_built=&#8221;1&#8243; _builder_version=&#8221;4.16&#8243; background_enable_image=&#8221;off&#8221; custom_padding=&#8221;50px||||false|false&#8221; global_colors_info=&#8221;{}&#8221;][et_pb_row column_structure=&#8221;1_2,1_2&#8243; _builder_version=&#8221;4.25.1&#8243; _module_preset=&#8221;default&#8221; hover_enabled=&#8221;0&#8243; global_colors_info=&#8221;{}&#8221; sticky_enabled=&#8221;0&#8243;][et_pb_column type=&#8221;1_2&#8243; _builder_version=&#8221;4.25.1&#8243; _module_preset=&#8221;default&#8221; background_size=&#8221;contain&#8221; hover_enabled=&#8221;0&#8243; global_colors_info=&#8221;{}&#8221; sticky_enabled=&#8221;0&#8243;][et_pb_wc_images _builder_version=&#8221;4.24.2&#8243; _module_preset=&#8221;default&#8221; global_colors_info=&#8221;{}&#8221;][\/et_pb_wc_images][\/et_pb_column][et_pb_column type=&#8221;1_2&#8243; _builder_version=&#8221;4.16&#8243; _module_preset=&#8221;default&#8221; custom_padding=&#8221;|50px||50px|false|false&#8221; global_colors_info=&#8221;{}&#8221;][et_pb_wc_title _builder_version=&#8221;4.16&#8243; header_text_align=&#8221;left&#8221; global_colors_info=&#8221;{}&#8221;][\/et_pb_wc_title][et_pb_wc_price _builder_version=&#8221;4.16&#8243; text_orientation=&#8221;left&#8221; global_colors_info=&#8221;{}&#8221;][\/et_pb_wc_price][et_pb_wc_description _builder_version=&#8221;4.16&#8243; global_colors_info=&#8221;{}&#8221;][\/et_pb_wc_description][et_pb_image src=&#8221;http:\/\/delta-paddle.com\/wp-content\/uploads\/ACCESSOIRES-10-PREMIUM-PACK.png&#8221; title_text=&#8221;ACCESSOIRES-10-PREMIUM-PACK&#8221; disabled_on=&#8221;off|off|off&#8221; _builder_version=&#8221;4.25.1&#8243; _module_preset=&#8221;default&#8221; hover_enabled=&#8221;0&#8243; global_colors_info=&#8221;{}&#8221; sticky_enabled=&#8221;0&#8243;][\/et_pb_image][\/et_pb_column][\/et_pb_row][\/et_pb_section][et_pb_section fb_built=&#8221;1&#8243; _builder_version=&#8221;4.16&#8243; background_enable_image=&#8221;off&#8221; custom_padding=&#8221;0px||||false|false&#8221; global_colors_info=&#8221;{}&#8221;][et_pb_row _builder_version=&#8221;4.16&#8243; background_size=&#8221;initial&#8221; background_position=&#8221;top_left&#8221; background_repeat=&#8221;repeat&#8221; width=&#8221;100%&#8221; global_colors_info=&#8221;{}&#8221;][et_pb_column type=&#8221;4_4&#8243; _builder_version=&#8221;4.16&#8243; custom_padding=&#8221;|||&#8221; global_colors_info=&#8221;{}&#8221; custom_padding__hover=&#8221;|||&#8221;][et_pb_wc_tabs include_tabs=&#8221;description|additional_information|&#8221; _builder_version=&#8221;4.25.1&#8243; hover_enabled=&#8221;0&#8243; global_colors_info=&#8221;{}&#8221; sticky_enabled=&#8221;0&#8243;] [\/et_pb_wc_tabs][et_pb_wc_upsells _builder_version=&#8221;4.16&#8243; hover_enabled=&#8221;0&#8243; global_colors_info=&#8221;{}&#8221; sticky_enabled=&#8221;0&#8243;][\/et_pb_wc_upsells][et_pb_wc_related_products _builder_version=&#8221;4.16&#8243; global_colors_info=&#8221;{}&#8221;][\/et_pb_wc_related_products][et_pb_wc_breadcrumb _builder_version=&#8221;4.16&#8243; custom_padding_tablet=&#8221;|||25px|false|false&#8221; custom_padding_phone=&#8221;&#8221; custom_padding_last_edited=&#8221;on|phone&#8221; global_colors_info=&#8221;{}&#8221;][\/et_pb_wc_breadcrumb][\/et_pb_column][\/et_pb_row][\/et_pb_section][et_pb_section fb_built=&#8221;1&#8243; disabled_on=&#8221;off|off|off&#8221; _builder_version=&#8221;4.16&#8243; _module_preset=&#8221;default&#8221; background_color=&#8221;#1F2638&#8243; global_colors_info=&#8221;{}&#8221;][et_pb_row column_structure=&#8221;1_3,1_3,1_3&#8243; _builder_version=&#8221;4.16&#8243; _module_preset=&#8221;default&#8221; background_color=&#8221;RGBA(0,0,0,0)&#8221; width=&#8221;100%&#8221; max_width=&#8221;1920px&#8221; module_alignment=&#8221;center&#8221; sticky_position=&#8221;top_bottom&#8221; scroll_fade=&#8221;0|30|30|100|100%|100|100&#8243; sticky_position_tablet=&#8221;&#8221; sticky_position_phone=&#8221;none&#8221; sticky_position_last_edited=&#8221;on|phone&#8221; global_colors_info=&#8221;{}&#8221;][et_pb_column type=&#8221;1_3&#8243; _builder_version=&#8221;4.16&#8243; _module_preset=&#8221;default&#8221; global_colors_info=&#8221;{}&#8221;][\/et_pb_column][et_pb_column type=&#8221;1_3&#8243; _builder_version=&#8221;4.16&#8243; _module_preset=&#8221;default&#8221; global_colors_info=&#8221;{}&#8221;][et_pb_wc_add_to_cart _builder_version=&#8221;4.16&#8243; custom_button=&#8221;on&#8221; button_text_size=&#8221;16px&#8221; button_text_color=&#8221;#ffffff&#8221; button_bg_color=&#8221;#FE0000&#8243; button_border_width=&#8221;0px&#8221; button_border_color=&#8221;RGBA(0,0,0,0)&#8221; button_border_radius=&#8221;50px&#8221; button_letter_spacing=&#8221;2px&#8221; button_font=&#8221;Karla|700||on|||||&#8221; button_use_icon=&#8221;off&#8221; button_custom_padding=&#8221;11px|25px|13px|25px|false|false&#8221; text_orientation=&#8221;center&#8221; box_shadow_style_button=&#8221;preset1&#8243; box_shadow_color_button=&#8221;rgba(254,0,0,0.75)&#8221; global_colors_info=&#8221;{}&#8221;][\/et_pb_wc_add_to_cart][et_pb_wc_cart_notice _builder_version=&#8221;4.16&#8243; custom_button=&#8221;on&#8221; button_text_size=&#8221;16px&#8221; button_text_color=&#8221;#ffffff&#8221; button_bg_color=&#8221;#FE0000&#8243; button_border_color=&#8221;RGBA(0,0,0,0)&#8221; button_border_radius=&#8221;50px&#8221; button_letter_spacing=&#8221;2px&#8221; button_font=&#8221;Karla|700||on|||||&#8221; button_use_icon=&#8221;off&#8221; global_colors_info=&#8221;{}&#8221;][\/et_pb_wc_cart_notice][\/et_pb_column][et_pb_column type=&#8221;1_3&#8243; _builder_version=&#8221;4.16&#8243; _module_preset=&#8221;default&#8221; global_colors_info=&#8221;{}&#8221;][\/et_pb_column][\/et_pb_row][\/et_pb_section]<\/p>\n","protected":false},"excerpt":{"rendered":"<p>Il paddleboard gonfiabile Delta 10&#8242; Summer Premium 2024 \u00e8 la nuova stella della nostra collezione allround, ideale per diversi ambienti acquatici. Dotato di un&#8217;anima Premium Dropstitch ad alta densit\u00e0, offre una rigidit\u00e0 e una longevit\u00e0 senza pari, pur essendo facile da manovrare e leggero. Perfetto per i principianti o per le attivit\u00e0 in famiglia, pu\u00f2 trasformarsi in un kayak per un maggiore divertimento.<\/p>\n<p>Il pacchetto completo comprende una borsa per il trasporto, una pagaia SUP regolabile in tre pezzi, una pompa manuale ad alta pressione e una custodia impermeabile per smartphone. Il Delta 10&#8242; Summer Premium 2024 combina innovazione, versatilit\u00e0 e divertimento per esperienze di pagaia e kayak eccezionali.<\/p>\n","protected":false},"featured_media":231264,"comment_status":"open","ping_status":"closed","template":"","meta":{"_et_pb_use_builder":"on","_et_pb_old_content":"Il Paddle gonfiabile Delta 10' Summer Premium 2024 \u00e8 la nuova stella della nostra collezione Allround, perfettamente adatto a una variet\u00e0 di ambienti acquatici. Questa edizione reinventa il concetto di polivalenza con il suo nucleo Dropstitch Premium ad alta densit\u00e0, offrendo una rigidit\u00e0 senza pari e una maggiore longevit\u00e0, pur mantenendo una manovrabilit\u00e0 e una leggerezza notevoli. Ideale per coloro che stanno facendo i primi passi nel mondo del paddle o per attivit\u00e0 familiari, questo modello si distingue per la sua capacit\u00e0 di trasformarsi in kayak, aggiungendo una dimensione ludica alla vostra esperienza sull'acqua.\n\nAccompagnato da un pacchetto completo progettato per massimizzare il vostro divertimento sin dal momento dell'apertura, il Delta 10' Summer Premium 2024 include un pratico sacco per il trasporto durante gli spostamenti, una pagaia SUP smontabile in tre parti che pu\u00f2 essere regolata secondo le esigenze di ogni utente, e una pompa manuale ad alta pressione per un gonfiaggio efficace e veloce. Il pacchetto \u00e8 inoltre arricchito da una pochette impermeabile per smartphone, che permette di tenere i vostri dispositivi al riparo dall'acqua mentre catturate le vostre avventure senza preoccupazioni.\n\nIl Delta 10' Summer Premium 2024 vi invita a riscoprire il piacere della navigazione, sia in SUP che in kayak, grazie alla sua concezione innovativa e agli accessori pensati per il vostro comfort e sicurezza. Preparati a vivere momenti indimenticabili sull'acqua, dove innovazione, versatilit\u00e0 e divertimento si incontrano per creare esperienze eccezionali di paddle e kayak.","_et_gb_content_width":"","content-type":"","inline_featured_image":false},"product_cat":[59,58],"product_tag":[],"class_list":{"0":"post-230834","1":"product","2":"type-product","3":"status-publish","4":"has-post-thumbnail","6":"product_cat-tavola-da-paddle-gonflable","7":"product_cat-tutti-i-prodotti","9":"first","10":"instock","11":"taxable","12":"shipping-taxable","13":"purchasable","14":"product-type-simple"},"_links":{"self":[{"href":"https:\/\/delta-paddle.com\/it\/wp-json\/wp\/v2\/product\/230834","targetHints":{"allow":["GET"]}}],"collection":[{"href":"https:\/\/delta-paddle.com\/it\/wp-json\/wp\/v2\/product"}],"about":[{"href":"https:\/\/delta-paddle.com\/it\/wp-json\/wp\/v2\/types\/product"}],"replies":[{"embeddable":true,"href":"https:\/\/delta-paddle.com\/it\/wp-json\/wp\/v2\/comments?post=230834"}],"wp:featuredmedia":[{"embeddable":true,"href":"https:\/\/delta-paddle.com\/it\/wp-json\/wp\/v2\/media\/231264"}],"wp:attachment":[{"href":"https:\/\/delta-paddle.com\/it\/wp-json\/wp\/v2\/media?parent=230834"}],"wp:term":[{"taxonomy":"product_cat","embeddable":true,"href":"https:\/\/delta-paddle.com\/it\/wp-json\/wp\/v2\/product_cat?post=230834"},{"taxonomy":"product_tag","embeddable":true,"href":"https:\/\/delta-paddle.com\/it\/wp-json\/wp\/v2\/product_tag?post=230834"}],"curies":[{"name":"wp","href":"https:\/\/api.w.org\/{rel}","templated":true}]}}