{"id":230814,"date":"2024-03-22T14:58:19","date_gmt":"2024-03-22T14:58:19","guid":{"rendered":"https:\/\/delta-paddle.com\/?post_type=product&#038;p=230814"},"modified":"2024-07-05T13:38:49","modified_gmt":"2024-07-05T13:38:49","slug":"confezione-sup-delta-102-copie","status":"publish","type":"product","link":"https:\/\/delta-paddle.com\/it\/produit\/confezione-sup-delta-102-copie\/","title":{"rendered":"PACK SUP DELTA 10&#8217;2 PREMIUM"},"content":{"rendered":"<p>[et_pb_section fb_built=&#8221;1&#8243; _builder_version=&#8221;4.16&#8243; background_enable_image=&#8221;off&#8221; custom_padding=&#8221;50px||||false|false&#8221; global_colors_info=&#8221;{}&#8221;][et_pb_row column_structure=&#8221;1_2,1_2&#8243; _builder_version=&#8221;4.25.1&#8243; _module_preset=&#8221;default&#8221; global_colors_info=&#8221;{}&#8221;][et_pb_column type=&#8221;1_2&#8243; _builder_version=&#8221;4.25.1&#8243; _module_preset=&#8221;default&#8221; background_enable_image=&#8221;off&#8221; background_size=&#8221;contain&#8221; global_colors_info=&#8221;{}&#8221;][et_pb_wc_images _builder_version=&#8221;4.24.2&#8243; _module_preset=&#8221;default&#8221; global_colors_info=&#8221;{}&#8221;][\/et_pb_wc_images][\/et_pb_column][et_pb_column type=&#8221;1_2&#8243; _builder_version=&#8221;4.16&#8243; _module_preset=&#8221;default&#8221; custom_padding=&#8221;|50px||50px|false|false&#8221; global_colors_info=&#8221;{}&#8221;][et_pb_wc_title _builder_version=&#8221;4.16&#8243; header_text_align=&#8221;left&#8221; global_colors_info=&#8221;{}&#8221;][\/et_pb_wc_title][et_pb_wc_price disabled_on=&#8221;off|off|off&#8221; _builder_version=&#8221;4.16&#8243; text_orientation=&#8221;left&#8221; global_colors_info=&#8221;{}&#8221;][\/et_pb_wc_price][et_pb_wc_description _builder_version=&#8221;4.16&#8243; global_colors_info=&#8221;{}&#8221;][\/et_pb_wc_description][et_pb_image src=&#8221;http:\/\/delta-paddle.com\/wp-content\/uploads\/ACCESSOIRES-PREMIUM-PACK.png&#8221; title_text=&#8221;ACCESSOIRES-PREMIUM PACK&#8221; disabled_on=&#8221;off|off|off&#8221; _builder_version=&#8221;4.25.1&#8243; _module_preset=&#8221;default&#8221; global_colors_info=&#8221;{}&#8221;][\/et_pb_image][\/et_pb_column][\/et_pb_row][\/et_pb_section][et_pb_section fb_built=&#8221;1&#8243; _builder_version=&#8221;4.16&#8243; background_enable_image=&#8221;off&#8221; custom_padding=&#8221;0px||||false|false&#8221; global_colors_info=&#8221;{}&#8221;][et_pb_row _builder_version=&#8221;4.16&#8243; background_size=&#8221;initial&#8221; background_position=&#8221;top_left&#8221; background_repeat=&#8221;repeat&#8221; width=&#8221;100%&#8221; global_colors_info=&#8221;{}&#8221;][et_pb_column type=&#8221;4_4&#8243; _builder_version=&#8221;4.16&#8243; custom_padding=&#8221;|||&#8221; global_colors_info=&#8221;{}&#8221; custom_padding__hover=&#8221;|||&#8221;][et_pb_wc_tabs include_tabs=&#8221;description|additional_information|&#8221; _builder_version=&#8221;4.25.1&#8243; global_colors_info=&#8221;{}&#8221;]\t\t\t\t\t[\/et_pb_wc_tabs][et_pb_wc_upsells _builder_version=&#8221;4.16&#8243; global_colors_info=&#8221;{}&#8221;][\/et_pb_wc_upsells][et_pb_wc_related_products _builder_version=&#8221;4.16&#8243; global_colors_info=&#8221;{}&#8221;][\/et_pb_wc_related_products][et_pb_wc_breadcrumb _builder_version=&#8221;4.16&#8243; custom_padding_tablet=&#8221;|||25px|false|false&#8221; custom_padding_phone=&#8221;&#8221; custom_padding_last_edited=&#8221;on|phone&#8221; global_colors_info=&#8221;{}&#8221;][\/et_pb_wc_breadcrumb][\/et_pb_column][\/et_pb_row][\/et_pb_section][et_pb_section fb_built=&#8221;1&#8243; disabled_on=&#8221;off|off|off&#8221; _builder_version=&#8221;4.16&#8243; _module_preset=&#8221;default&#8221; background_color=&#8221;#1F2638&#8243; global_colors_info=&#8221;{}&#8221;][et_pb_row column_structure=&#8221;1_3,1_3,1_3&#8243; _builder_version=&#8221;4.16&#8243; _module_preset=&#8221;default&#8221; background_color=&#8221;RGBA(0,0,0,0)&#8221; width=&#8221;100%&#8221; max_width=&#8221;1920px&#8221; module_alignment=&#8221;center&#8221; sticky_position=&#8221;top_bottom&#8221; scroll_fade=&#8221;0|30|30|100|100%|100|100&#8243; sticky_position_tablet=&#8221;&#8221; sticky_position_phone=&#8221;none&#8221; sticky_position_last_edited=&#8221;on|phone&#8221; global_colors_info=&#8221;{}&#8221;][et_pb_column type=&#8221;1_3&#8243; _builder_version=&#8221;4.16&#8243; _module_preset=&#8221;default&#8221; global_colors_info=&#8221;{}&#8221;][\/et_pb_column][et_pb_column type=&#8221;1_3&#8243; _builder_version=&#8221;4.16&#8243; _module_preset=&#8221;default&#8221; global_colors_info=&#8221;{}&#8221;][et_pb_wc_add_to_cart _builder_version=&#8221;4.16&#8243; custom_button=&#8221;on&#8221; button_text_size=&#8221;16px&#8221; button_text_color=&#8221;#ffffff&#8221; button_bg_color=&#8221;#FE0000&#8243; button_border_width=&#8221;0px&#8221; button_border_color=&#8221;RGBA(0,0,0,0)&#8221; button_border_radius=&#8221;50px&#8221; button_letter_spacing=&#8221;2px&#8221; button_font=&#8221;Karla|700||on|||||&#8221; button_use_icon=&#8221;off&#8221; button_custom_padding=&#8221;11px|25px|13px|25px|false|false&#8221; text_orientation=&#8221;center&#8221; box_shadow_style_button=&#8221;preset1&#8243; box_shadow_color_button=&#8221;rgba(254,0,0,0.75)&#8221; global_colors_info=&#8221;{}&#8221;][\/et_pb_wc_add_to_cart][et_pb_wc_cart_notice _builder_version=&#8221;4.16&#8243; custom_button=&#8221;on&#8221; button_text_size=&#8221;16px&#8221; button_text_color=&#8221;#ffffff&#8221; button_bg_color=&#8221;#FE0000&#8243; button_border_color=&#8221;RGBA(0,0,0,0)&#8221; button_border_radius=&#8221;50px&#8221; button_letter_spacing=&#8221;2px&#8221; button_font=&#8221;Karla|700||on|||||&#8221; button_use_icon=&#8221;off&#8221; global_colors_info=&#8221;{}&#8221;][\/et_pb_wc_cart_notice][\/et_pb_column][et_pb_column type=&#8221;1_3&#8243; _builder_version=&#8221;4.16&#8243; _module_preset=&#8221;default&#8221; global_colors_info=&#8221;{}&#8221;][\/et_pb_column][\/et_pb_row][\/et_pb_section]<\/p>\n","protected":false},"excerpt":{"rendered":"<p>Il Paddle gonfiabile Delta 10&#8217;2 Premium \u00e8 un modello di punta della gamma Allround, che offre una notevole adattabilit\u00e0 a vari ambienti acquatici. Dotato di un nucleo Dropstitch Premium ad alta densit\u00e0, garantisce rigidit\u00e0, durata, leggerezza e manovrabilit\u00e0, ideale per un adulto di corporatura media che cerca un SUP versatile e reattivo.<\/p>\n<p>Il pacchetto completo del Delta 10&#8217;2 Premium include una sacca da trasporto, una pagaia SUP smontabile in 3 parti, una pompa manuale ad alta pressione, un leash coiled per la sicurezza e una custodia impermeabile per smartphone. Tutto \u00e8 progettato per arricchire la tua esperienza sull&#8217;acqua fin dal primo utilizzo.<\/p>\n","protected":false},"featured_media":231209,"comment_status":"open","ping_status":"closed","template":"","meta":{"_et_pb_use_builder":"on","_et_pb_old_content":"Il SUP gonfiabile Delta 10'2 Premium 2024 \u00e8 un modello di punta della nostra gamma Allround, progettato per offrire un'adattabilit\u00e0 eccezionale a vari ambienti acquatici. La sua progettazione integra un nucleo Dropstitch Premium ad alta densit\u00e0, una scelta materiale all'avanguardia che garantisce sia una rigidit\u00e0 eccezionale sia una durabilit\u00e0 senza compromessi. Questa tecnologia avanzata consente di mantenere un'ottimale leggerezza e offre una maneggevolezza senza precedenti, rendendo questa tavola ideale per coloro che cercano un SUP versatile e reattivo, perfettamente adatto a un adulto di corporatura media.\n\nIl Delta 10'2 Premium 2024 \u00e8 proposto in un pacchetto completo, attentamente assemblato per arricchire la vostra esperienza sull'acqua. Questo pacchetto include tutto il necessario per iniziare senza indugi: una borsa per il trasporto adatta, una pagaia SUP smontabile in 3 parti regolabile alla vostra altezza e tecnica di pagaiare, una pompa manuale ad alta pressione per un gonfiaggio rapido e facile, e un leash coiled per la vostra sicurezza. Da notare che il pacchetto include anche una pochette impermeabile per smartphone, un accessorio pratico per coloro che desiderano tenere i loro dispositivi a portata di mano e protetti dagli elementi, consentendovi cos\u00ec di catturare i vostri momenti sull'acqua senza preoccupazioni.","_et_gb_content_width":"","content-type":"","inline_featured_image":false},"product_cat":[59],"product_tag":[],"class_list":{"0":"post-230814","1":"product","2":"type-product","3":"status-publish","4":"has-post-thumbnail","6":"product_cat-tavola-da-paddle-gonflable","8":"first","9":"instock","10":"taxable","11":"shipping-taxable","12":"purchasable","13":"product-type-simple"},"_links":{"self":[{"href":"https:\/\/delta-paddle.com\/it\/wp-json\/wp\/v2\/product\/230814","targetHints":{"allow":["GET"]}}],"collection":[{"href":"https:\/\/delta-paddle.com\/it\/wp-json\/wp\/v2\/product"}],"about":[{"href":"https:\/\/delta-paddle.com\/it\/wp-json\/wp\/v2\/types\/product"}],"replies":[{"embeddable":true,"href":"https:\/\/delta-paddle.com\/it\/wp-json\/wp\/v2\/comments?post=230814"}],"wp:featuredmedia":[{"embeddable":true,"href":"https:\/\/delta-paddle.com\/it\/wp-json\/wp\/v2\/media\/231209"}],"wp:attachment":[{"href":"https:\/\/delta-paddle.com\/it\/wp-json\/wp\/v2\/media?parent=230814"}],"wp:term":[{"taxonomy":"product_cat","embeddable":true,"href":"https:\/\/delta-paddle.com\/it\/wp-json\/wp\/v2\/product_cat?post=230814"},{"taxonomy":"product_tag","embeddable":true,"href":"https:\/\/delta-paddle.com\/it\/wp-json\/wp\/v2\/product_tag?post=230814"}],"curies":[{"name":"wp","href":"https:\/\/api.w.org\/{rel}","templated":true}]}}