{"id":230687,"date":"2021-02-26T18:15:42","date_gmt":"2021-02-26T18:15:42","guid":{"rendered":"https:\/\/delta-paddle.com\/produit\/confezione-sup-delta-102"},"modified":"2023-07-20T13:18:32","modified_gmt":"2023-07-20T13:18:32","slug":"confezione-sup-delta-102","status":"publish","type":"product","link":"https:\/\/delta-paddle.com\/it\/produit\/confezione-sup-delta-102\/","title":{"rendered":"CONFEZIONE SUP DELTA 10&#8217;2"},"content":{"rendered":"<p>[et_pb_section fb_built=&#8221;1&#8243; _builder_version=&#8221;4.9.0&#8243; background_enable_image=&#8221;off&#8221; custom_padding=&#8221;50px||||false|false&#8221;][et_pb_row column_structure=&#8221;2_5,3_5&#8243; _builder_version=&#8221;4.9.0&#8243; _module_preset=&#8221;default&#8221;][et_pb_column type=&#8221;2_5&#8243; _builder_version=&#8221;4.9.0&#8243; _module_preset=&#8221;default&#8221; background_image=&#8221;http:\/\/delta-paddle.com\/wp-content\/uploads\/\/ROUND-BLUE-BACKGROUND-3.svg&#8221; background_size=&#8221;contain&#8221;][et_pb_image src=&#8221;http:\/\/delta-paddle.com\/wp-content\/uploads\/SUP-GONFLABLE-DELTA-10-GAMME-OK.png&#8221; alt=&#8221;Pagaia Gonflable Delta 10&#8242;&#8221; title_text=&#8221;SUP-GONFLABLE-DELTA-10-GAMME-OK&#8221; align=&#8221;center&#8221; _builder_version=&#8221;4.9.0&#8243; _module_preset=&#8221;default&#8221; module_alignment=&#8221;center&#8221; max_height=&#8221;550px&#8221;][\/et_pb_image][\/et_pb_column][et_pb_column type=&#8221;3_5&#8243; _builder_version=&#8221;4.9.0&#8243; _module_preset=&#8221;default&#8221; custom_padding=&#8221;|50px||50px|false|false&#8221;][et_pb_wc_title _builder_version=&#8221;4.9.0&#8243; header_text_align=&#8221;left&#8221;][\/et_pb_wc_title][et_pb_wc_price _builder_version=&#8221;4.9.0&#8243; text_orientation=&#8221;left&#8221;][\/et_pb_wc_price][et_pb_wc_description _builder_version=&#8221;3.0.47&#8243;][\/et_pb_wc_description][et_pb_image src=&#8221;http:\/\/delta-paddle.com\/wp-content\/uploads\/ACCESSOIRES-DELTA500px.png&#8221; title_text=&#8221;ACCESSORI DELTA500px&#8221; _builder_version=&#8221;4.9.0&#8243; _module_preset=&#8221;default&#8221;][\/et_pb_image][\/et_pb_column][\/et_pb_row][\/et_pb_section][et_pb_section fb_built=&#8221;1&#8243; _builder_version=&#8221;4.9.0&#8243; background_enable_image=&#8221;off&#8221; custom_padding=&#8221;0px||||false|false&#8221;][et_pb_row _builder_version=&#8221;3.25&#8243; background_size=&#8221;initial&#8221; background_position=&#8221;top_left&#8221; background_repeat=&#8221;repeat&#8221; width=&#8221;100%&#8221;][et_pb_column type=&#8221;4_4&#8243; _builder_version=&#8221;3.25&#8243; custom_padding=&#8221;|||&#8221; custom_padding__hover=&#8221;|||&#8221;][et_pb_wc_tabs include_tabs=&#8221;|additional_information|reviews&#8221; _builder_version=&#8221;4.9.0&#8243;]\t\t\t\t\t[\/et_pb_wc_tabs][et_pb_wc_upsells _builder_version=&#8221;3.0.47&#8243;][\/et_pb_wc_upsells][et_pb_wc_related_products _builder_version=&#8221;3.0.47&#8243;][\/et_pb_wc_related_products][et_pb_wc_breadcrumb _builder_version=&#8221;4.9.0&#8243; custom_padding_tablet=&#8221;|||25px|false|false&#8221; custom_padding_phone=&#8221;&#8221; custom_padding_last_edited=&#8221;on|phone&#8221;][\/et_pb_wc_breadcrumb][\/et_pb_column][\/et_pb_row][\/et_pb_section][et_pb_section fb_built=&#8221;1&#8243; _builder_version=&#8221;4.9.0&#8243; _module_preset=&#8221;default&#8221; background_color=&#8221;#1F2638&#8243;][et_pb_row column_structure=&#8221;1_3,1_3,1_3&#8243; _builder_version=&#8221;4.9.0&#8243; _module_preset=&#8221;default&#8221; background_color=&#8221;RGBA(0,0,0,0)&#8221; width=&#8221;100%&#8221; max_width=&#8221;1920px&#8221; module_alignment=&#8221;center&#8221; sticky_position=&#8221;top_bottom&#8221; scroll_fade=&#8221;0|30|30|100|100%|100|100&#8243; sticky_position_tablet=&#8221;&#8221; sticky_position_phone=&#8221;none&#8221; sticky_position_last_edited=&#8221;on|phone&#8221;][et_pb_column type=&#8221;1_3&#8243; _builder_version=&#8221;4.9.0&#8243; _module_preset=&#8221;default&#8221;][\/et_pb_column][et_pb_column type=&#8221;1_3&#8243; _builder_version=&#8221;4.9.0&#8243; _module_preset=&#8221;default&#8221;][et_pb_wc_add_to_cart _builder_version=&#8221;4.9.0&#8243; custom_button=&#8221;on&#8221; button_text_size=&#8221;16px&#8221; button_text_color=&#8221;#ffffff&#8221; button_bg_color=&#8221;#FE0000&#8243; button_border_width=&#8221;0px&#8221; button_border_color=&#8221;RGBA(0,0,0,0)&#8221; button_border_radius=&#8221;50px&#8221; button_letter_spacing=&#8221;2px&#8221; button_font=&#8221;Karla|700||on|||||&#8221; button_use_icon=&#8221;off&#8221; button_custom_padding=&#8221;11px|25px|13px|25px|false|false&#8221; text_orientation=&#8221;center&#8221; box_shadow_style_button=&#8221;preset1&#8243; box_shadow_color_button=&#8221;rgba(254,0,0,0.75)&#8221;][\/et_pb_wc_add_to_cart][et_pb_wc_cart_notice _builder_version=&#8221;4.9.0&#8243; custom_button=&#8221;on&#8221; button_text_size=&#8221;16px&#8221; button_text_color=&#8221;#ffffff&#8221; button_bg_color=&#8221;#FE0000&#8243; button_border_color=&#8221;RGBA(0,0,0,0)&#8221; button_border_radius=&#8221;50px&#8221; button_letter_spacing=&#8221;2px&#8221; button_font=&#8221;Karla|700||on|||||&#8221; button_use_icon=&#8221;off&#8221;][\/et_pb_wc_cart_notice][\/et_pb_column][et_pb_column type=&#8221;1_3&#8243; _builder_version=&#8221;4.9.0&#8243; _module_preset=&#8221;default&#8221;][\/et_pb_column][\/et_pb_row][\/et_pb_section]<\/p>\n","protected":false},"excerpt":{"rendered":"<p>La pagaia gonfiabile Delta 10&#8217;2 \u00e8 una tavola della famiglia Allround che si adatta a quasi tutte le condizioni dell&#8217;acqua. \u00c8 un SUP versatile, ideale per adulti di media statura alla ricerca di una tavola reattiva. La tavola \u00e8 venduta come pacchetto completo, con attrezzature selezionate direttamente dal nostro team di esperti di paddling. Il Delta 10&#8217;2 viene fornito con una borsa per il trasporto, una pagaia da SUP rimovibile in 3 pezzi, una pompa manuale ad alta pressione e un guinzaglio a spirale per la sicurezza.<\/p>\n","protected":false},"featured_media":230407,"comment_status":"open","ping_status":"closed","template":"","meta":{"_et_pb_use_builder":"on","_et_pb_old_content":"","_et_gb_content_width":"","content-type":"","inline_featured_image":false},"product_cat":[58],"product_tag":[],"class_list":{"0":"post-230687","1":"product","2":"type-product","3":"status-publish","4":"has-post-thumbnail","6":"product_cat-tutti-i-prodotti","8":"first","9":"instock","10":"taxable","11":"shipping-taxable","12":"purchasable","13":"product-type-simple"},"_links":{"self":[{"href":"https:\/\/delta-paddle.com\/it\/wp-json\/wp\/v2\/product\/230687","targetHints":{"allow":["GET"]}}],"collection":[{"href":"https:\/\/delta-paddle.com\/it\/wp-json\/wp\/v2\/product"}],"about":[{"href":"https:\/\/delta-paddle.com\/it\/wp-json\/wp\/v2\/types\/product"}],"replies":[{"embeddable":true,"href":"https:\/\/delta-paddle.com\/it\/wp-json\/wp\/v2\/comments?post=230687"}],"wp:featuredmedia":[{"embeddable":true,"href":"https:\/\/delta-paddle.com\/it\/wp-json\/wp\/v2\/media\/230407"}],"wp:attachment":[{"href":"https:\/\/delta-paddle.com\/it\/wp-json\/wp\/v2\/media?parent=230687"}],"wp:term":[{"taxonomy":"product_cat","embeddable":true,"href":"https:\/\/delta-paddle.com\/it\/wp-json\/wp\/v2\/product_cat?post=230687"},{"taxonomy":"product_tag","embeddable":true,"href":"https:\/\/delta-paddle.com\/it\/wp-json\/wp\/v2\/product_tag?post=230687"}],"curies":[{"name":"wp","href":"https:\/\/api.w.org\/{rel}","templated":true}]}}