{"id":230991,"date":"2021-02-15T10:40:06","date_gmt":"2021-02-15T10:40:06","guid":{"rendered":"https:\/\/delta-paddle.com\/dati-personali-e-cookie\/"},"modified":"2024-03-26T11:05:40","modified_gmt":"2024-03-26T11:05:40","slug":"dati-personali-e-cookie","status":"publish","type":"page","link":"https:\/\/delta-paddle.com\/it\/dati-personali-e-cookie\/","title":{"rendered":"Dati personali e cookie"},"content":{"rendered":"<p>[et_pb_section fb_built=&#8221;1&#8243; _builder_version=&#8221;3.22&#8243;][et_pb_row column_structure=&#8221;3_4,1_4&#8243; _builder_version=&#8221;3.25&#8243; background_size=&#8221;initial&#8221; background_position=&#8221;top_left&#8221; background_repeat=&#8221;repeat&#8221;][et_pb_column type=&#8221;3_4&#8243; _builder_version=&#8221;3.25&#8243; custom_padding=&#8221;|||&#8221; custom_padding__hover=&#8221;|||&#8221;][et_pb_text admin_label=&#8221;DONNEES PERSONNELLES &#038; COOKIE&#8221; _builder_version=&#8221;4.9.0&#8243; _module_preset=&#8221;default&#8221; header_text_color=&#8221;#1f2638&#8243; custom_margin=&#8221;||50px||false|false&#8221;]<\/p>\n<h1>DATI PERSONALI E COOKIE<\/h1>\n<p>[\/et_pb_text][et_pb_text admin_label=&#8221;Chartes&#8221; _builder_version=&#8221;4.9.0&#8243; background_size=&#8221;initial&#8221; background_position=&#8221;top_left&#8221; background_repeat=&#8221;repeat&#8221;]<\/p>\n<p><!-- divi:heading -->Lo scopo della presente carta (di seguito denominata &#8220;Carta&#8221;) \u00e8 quello di informare gli utenti del sito web https:\/\/delta-paddle.com\/ (di seguito denominato &#8220;Sito web&#8221;) delle misure e degli impegni presi da DELTA PADDLE (di seguito denominata &#8220;DELTA&#8221;) in merito alla riservatezza dei dati personali degli utenti del Sito web, nonch\u00e9 della politica sui cookie attuata da DELTA.<\/p>\n<p>Si consiglia agli utenti del Sito di consultare regolarmente la Carta prima di consultare e utilizzare il Sito.<\/p>\n<h2>ARTICOLO 1 &#8211; CAMPO DI APPLICAZIONE<\/h2>\n<p>La Carta si applica al Sito, ad esclusione dei siti web e dei servizi di terzi ai quali il Sito pu\u00f2 fare riferimento o fornire accesso.<\/p>\n<p>In particolare, il Sito pu\u00f2 contenere link ad altri siti web sui quali DELTA non ha alcun controllo. DELTA si impegna a inserire nel Sito web solo link a siti che rispettano le stesse regole di DELTA in materia di dati personali e sicurezza. Tuttavia, DELTA non pu\u00f2 essere ritenuta responsabile della protezione e del rispetto della privacy delle informazioni che gli utenti del Sito comunicano su altri siti web. Gli utenti del Sito sono invitati a prestare attenzione e a familiarizzare con le norme applicabili ai dati personali in ciascun sito interessato. I dati personali che gli utenti del Sito scelgono di fornire a terzi o che vengono raccolti da questi ultimi non sono coperti dalla Carta.<\/p>\n<h2>ARTICOLO 2 &#8211; TITOLARE DEL TRATTAMENTO<\/h2>\n<p>I dati personali sul Sito sono raccolti da OSP CONCEPT.<\/p>\n<p>OSP CONCEPT \u00e8 una societ\u00e0 per azioni semplificata con un unico azionista, con un capitale sociale di 10.000,00 euro, iscritta al Registro del Commercio e delle Imprese di Manosque con il numero 893 245 035, con partita IVA intracomunitaria FR 228 932 450 35 e con sede legale in ZA, 1264 AVENUE DE TRAVERSETOLO 04 700 ORAISON, rappresentata dai signori Barbier, in qualit\u00e0 di amministratori.<\/p>\n<h2>ARTICOLO 3 &#8211; DATI PERSONALI RACCOLTI<\/h2>\n<p>Nell&#8217;ambito dell&#8217;utilizzo del Sito web e a seconda del servizio utilizzato dall&#8217;utente sul Sito web, DELTA pu\u00f2 raccogliere ed elaborare il nome, la data di nascita, il sesso, l&#8217;indirizzo e-mail, il domicilio\/indirizzo postale, il numero di telefono, l&#8217;indirizzo IP, la geolocalizzazione, l&#8217;ID utente, la password, i dati di connessione e di navigazione, la cronologia degli ordini, le coordinate bancarie, le preferenze e gli interessi, i prodotti visualizzati e acquistati, gli incidenti di consegna e i reclami.<\/p>\n<p>La natura obbligatoria o facoltativa dei dati \u00e8 indicata al momento della raccolta mediante l&#8217;uso di un asterisco. Il rifiuto di fornire i dati obbligatori pu\u00f2 comportare la limitazione o il divieto di utilizzo di una funzione o di un servizio.<\/p>\n<h2>ARTICOLO 4 &#8211; UTILIZZO DEI DATI PERSONALI<\/h2>\n<p>I dati raccolti aiutano DELTA a stabilire e gestire il rapporto con gli utenti del Sito e a offrire loro un&#8217;esperienza personalizzata in linea con le loro esigenze e i loro interessi.<\/p>\n<p>DELTA pu\u00f2 in particolare utilizzare i loro dati personali per :<\/p>\n<p>eseguire una transazione o un ordine,<br \/> creare un account cliente,<br \/> prevenire e rilevare minacce alla sicurezza, frodi e altre attivit\u00e0 dannose,<br \/> fornire informazioni sui prodotti e sui servizi DELTA,<br \/> fornire e migliorare i servizi offerti da DELTA, in particolare il servizio clienti,<br \/> fornire informazioni su nuovi prodotti, servizi e vantaggi,<br \/> per l&#8217;invio di offerte commerciali e di informazioni personalizzate (newsletter, campagne telefoniche, ecc.),<br \/> personalizzare il Sito,<br \/> misurare l&#8217;efficacia di campagne di marketing, pubblicit\u00e0 e pagine web,<br \/> consentire agli utenti del Sito di partecipare a concorsi, promozioni, lotterie o sondaggi,<br \/> consentire l&#8217;attivazione e la registrazione di prodotti o servizi, come, ad esempio, la memorizzazione dei prodotti inseriti nel carrello dagli utenti del Sito,<br \/> raccogliere richieste di informazioni e reclami da parte degli utenti del Sito,<br \/> gestire una domanda di lavoro,<br \/> gestire le iscrizioni agli eventi,<br \/> utilizzare i social network per condividere i contenuti,<br \/> raccogliere e distribuire contributi come commenti, valutazioni, ecc.<br \/> I dati della carta di credito vengono utilizzati solo per il tempo necessario a completare una transazione, a meno che l&#8217;utente del Sito non richieda di conservarli per un acquisto successivo.<\/p>\n<h2>ARTICOLO 5 &#8211; DESTINATARI DEI DATI PERSONALI E TRASFERIMENTI<\/h2>\n<h3>5.1 I DATI RACCOLTI SUL SITO SONO DESTINATI AD ABSTRACT E ALLE SUE FILIALI DEL GRUPPO.<\/h3>\n<p>Potranno tuttavia essere trasmessi o consultati da societ\u00e0 terze (subappaltatori) di cui DELTA si avvale per l&#8217;esecuzione di alcuni servizi e ordini effettuati tramite il Sito, quali :<\/p>\n<p>il fornitore di servizi responsabile del trasporto dei prodotti ordinati o da riparare,<br \/> la banca di DELTA e\/o il suo fornitore di servizi di pagamento,<br \/> il fornitore di servizi responsabile dell&#8217;invio delle newsletter.<\/p>\n<h3>5.2 MARKETING DIRETTO E INDIRETTO<\/h3>\n<p>DELTA pu\u00f2, previo consenso, utilizzare le informazioni in suo possesso sull&#8217;utente del Sito Web per fornire all&#8217;utente informazioni sui propri prodotti, promozioni, offerte speciali e altre informazioni relative ai propri prodotti o servizi o che DELTA ritiene possano essere di interesse per gli utenti del Sito Web.<\/p>\n<p>DELTA pu\u00f2 inviare queste informazioni tramite :<\/p>\n<p>&#8211; E-mail ;<br \/> \u2013 Telefono ;<br \/> &#8211; Messaggio di testo SMS o MMS e\/o qualsiasi altra forma di messaggio elettronico ;<br \/> &#8211; Posta convenzionale o qualsiasi altro mezzo;<br \/> &#8211; Banner promozionale su siti o social network di terzi;<br \/> &#8211; Motore di ricerca su Internet.<\/p>\n<p>Agli utenti del Sito Web verr\u00e0 chiesto di indicare se acconsentono o meno all&#8217;utilizzo di tali informazioni per scopi di marketing diretto e indiretto, da parte di DELTA o di terzi (compresi i suoi partner commerciali). A tal fine, dovranno barrare una o pi\u00f9 caselle per esprimere il loro consenso esplicito, dopo essere stati messi al corrente delle varie azioni commerciali che possono essere svolte sulla base delle informazioni che desiderano comunicare.<\/p>\n<p>DELTA utilizza pertanto le informazioni relative agli utenti del Sito che hanno dato il loro consenso preventivo a campagne di marketing diretto e indiretto esclusivamente per gli scopi per i quali hanno dato il loro consenso informato.<\/p>\n<p>Gli utenti del Sito possono in qualsiasi momento revocare il loro accordo o il mancato accordo o la portata dell&#8217;accordo precedentemente dato in materia di marketing diretto e indiretto, compilando il modulo accessibile tramite l&#8217;URL: https:\/\/abstract-sport.com\/gestion-des-donnees-personnelles\/.<\/p>\n<p>Inoltre, quando DELTA invia messaggi di marketing diretti o indiretti agli utenti del Sito web, ricorder\u00e0 loro il diritto di richiedere l&#8217;interruzione di tali informazioni.<\/p>\n<h3>5.3 TRASFERIMENTO A TERZI O AL DI FUORI DELL&#8217;UNIONE EUROPEA<\/h3>\n<p>In generale, se non diversamente specificato nella Carta, DELTA si impegna a non condividere alcuna informazione personale con terzi senza il previo consenso esplicito dell&#8217;utente del Sito, tranne nel caso in cui DELTA abbia bisogno di :<\/p>\n<p>&#8211; Rispondere alle richieste di informazioni da parte delle autorit\u00e0 competenti;<br \/> &#8211; Rispettare i regolamenti o una decisione amministrativa o giudiziaria;<br \/> &#8211; Rilevare e prevenire minacce alla sicurezza, frodi e altre attivit\u00e0 dannose;<br \/> &#8211; Far valere e proteggere i diritti di DELTA e delle sue filiali;<br \/> &#8211; Proteggere i diritti o la sicurezza personale di DELTA, dei suoi dipendenti e di terzi.<\/p>\n<p>I dati personali raccolti tramite il Sito sono ospitati su server situati in Francia e negli Stati Uniti.<\/p>\n<p>Nel caso in cui DELTA dovesse comunicare i dati personali degli utenti del Sito a una societ\u00e0 del gruppo DELTA o a una terza parte stabilita al di fuori dello Spazio Economico Europeo, DELTA avr\u00e0 adottato misure preventive per garantire che tali dati beneficino dello stesso livello di protezione imposto dalla legge sulla protezione dei dati applicabile.<\/p>\n<h2>ARTICOLO 6 &#8211; TUTELA DELLA PRIVACY DEI MINORI<\/h2>\n<p>Il Sito non \u00e8 destinato ai minori. Tuttavia, l&#8217;accesso al sito non \u00e8 limitato agli adulti, a condizione che non vi siano contenuti vietati ai minori di 18 anni.<\/p>\n<p>Il Sito non intende raccogliere i dati personali dei minori.<\/p>\n<p>Se le informazioni di un minore vengono comunque raccolte, il rappresentante legale del minore potr\u00e0 rivolgersi a DELTA per rettificare, modificare o cancellare tali informazioni in conformit\u00e0 all&#8217;articolo 6 della legge francese sulla protezione dei dati, in applicazione delle disposizioni dell&#8217;articolo 7 di seguito.<\/p>\n<h2>ARTICOLO 7 &#8211; DIRITTI RELATIVI AL TRATTAMENTO DEI DATI PERSONALI<\/h2>\n<h3>7.1 DIRITTO DI ACCESSO, MODIFICA, RETTIFICA E CANCELLAZIONE<\/h3>\n<p>Gli utenti del Sito hanno il diritto di accedere ai propri dati personali e, se del caso, di richiedere :<\/p>\n<p>&#8211; Rettifica o cancellazione di tali dati;<br \/> &#8211; La limitazione del trattamento di tali dati da parte di DELTA,<br \/> &#8211; Opporsi al trattamento dei propri dati personali;<br \/> &#8211; Tutte le informazioni relative ai loro dati.<\/p>\n<p>Nonostante i diritti di cui sopra, DELTA non sar\u00e0 obbligata a intervenire sui dati che rimangono essenziali per il rispetto degli obblighi legali e normativi di DELTA.<\/p>\n<p>A tal fine, gli utenti del Sito devono contattare DELTA compilando il modulo accessibile tramite l&#8217;URL: https:\/\/delta-paddle\/gestion-des-donnees-personnelles\/ o inviando una lettera all&#8217;indirizzo della sede legale:<\/p>\n<p>DELTA<br \/> ZA, 1264 AVENUE DE TRAVERSETOLO<br \/> 04700 ORAISON<\/p>\n<p>Email : marketing@delta-paddle.com<\/p>\n<p>In base alla normativa vigente, la richiesta deve essere firmata e accompagnata dalla fotocopia di un documento d&#8217;identit\u00e0 che riporti la firma dell&#8217;utente del Sito che effettua la richiesta e che specifichi l&#8217;indirizzo a cui inviare la risposta. La risposta sar\u00e0 inviata entro 2 mesi dal ricevimento della richiesta.<\/p>\n<h3>7.2 DIRITTO ALLA PORTABILIT\u00c0 DEI DATI<\/h3>\n<p>Gli utenti del Sito hanno inoltre diritto alla portabilit\u00e0 dei dati personali che li riguardano e che hanno comunicato a DELTA nell&#8217;ambito dell&#8217;utilizzo del Sito, consentendo loro di recuperare parte dei dati registrati da DELTA sul Sito per archiviarli o trasmetterli facilmente dal Sito a un altro sito web, al fine di riutilizzarli per scopi personali.<\/p>\n<p>A tal fine, gli utenti del Sito web devono inviare una richiesta in tal senso a DELTA compilando il modulo accessibile tramite l&#8217;URL: https:\/\/delta-paddle.com\/gestion-des-donnees-personnelles\/. Una volta ricevuto il modulo debitamente compilato dall&#8217;utente del Sito web, DELTA invier\u00e0 i dati personali dell&#8217;utente nel pi\u00f9 breve tempo possibile e comunque entro un mese, a meno che la richiesta non venga eccezionalmente estesa a tre mesi a causa della complessit\u00e0 della richiesta dell&#8217;utente.<\/p>\n<p>Gli utenti del Sito sono informati che solo i seguenti dati personali sono interessati da questo diritto alla portabilit\u00e0:<\/p>\n<p>&#8211; dati forniti attivamente e consapevolmente dagli utenti del Sito che richiedono la portabilit\u00e0 (ad esempio, indirizzo postale, nome utente, ecc.);<\/p>\n<p>&#8211; dati risultanti dall&#8217;uso del Sito da parte di tali utenti (ad esempio, cronologia delle ricerche, dati sulla posizione dell&#8217;utente).<\/p>\n<p>In nessun caso il diritto alla portabilit\u00e0 pu\u00f2 riguardare tutti i dati personali degli utenti del Sito in possesso di DELTA che deriverebbero da un&#8217;analisi effettuata da DELTA sulla base dei dati forniti dagli utenti del Sito. D&#8217;altro canto, tali dati possono essere consultati dagli utenti del Sito nell&#8217;ambito della richiesta di accesso ai propri dati personali, come indicato al precedente punto 7.1.<\/p>\n<h3>7.3 CANCELLAZIONE DALLA NEWSLETTER<\/h3>\n<p>DELTA offre agli utenti di Internet che non desiderano pi\u00f9 ricevere la Newsletter la possibilit\u00e0 di annullare l&#8217;iscrizione cliccando sull&#8217;apposito link presente in una delle Newsletter, tramite il proprio account cliente o compilando il modulo accessibile all&#8217;URL: https:\/\/delta-paddle.com\/gestion-des-donnees-personnelles\/.<\/p>\n<h3>7.4 OPPOSIZIONE AL CANVASSING TELEFONICO<\/h3>\n<p>Se gli utenti del Sito non desiderano ricevere sollecitazioni telefoniche, devono comunicare a DELTA il proprio numero di telefono al seguente indirizzo e-mail marketing@delta-paddle.com, oppure per posta all&#8217;indirizzo di cui all&#8217;articolo 7.1.<\/p>\n<p>Gli utenti del Sito riceveranno quindi una ricevuta che specificher\u00e0 la data in cui la loro registrazione diventer\u00e0 effettiva, fermo restando che tale periodo sar\u00e0 al massimo di 30 giorni dall&#8217;emissione della ricevuta. La ricevuta indicher\u00e0 anche la durata dell&#8217;iscrizione alla lista di opposizione.<\/p>\n<h2>ARTICOLO 8 &#8211; PROTEZIONE DEI DATI<\/h2>\n<p>DELTA adotta tutte le misure ragionevolmente possibili per proteggere i dati personali degli utenti del Sito, e in particolare a titolo esemplificativo :<\/p>\n<p>&#8211; Utilizzo della crittografia per garantire la riservatezza dei dati ;<br \/> &#8211; Meccanismi di protezione affidabili per proteggere i dati da attacchi dannosi;<br \/> &#8211; Meccanismi di controllo dei visitatori, che consentono l&#8217;accesso ai dati personali solo al personale autorizzato;<\/p>\n<p>DELTA adotta tutte le misure ragionevolmente possibili per limitare i dati personali degli utenti del sito web a dati sufficienti e pertinenti.<\/p>\n<p>DELTA conserva i dati personali solo per il tempo necessario agli scopi indicati nella presente Informativa e non li conserver\u00e0 pi\u00f9 a lungo, a meno che un periodo di conservazione pi\u00f9 lungo non sia richiesto o consentito dalla legge.<\/p>\n<p>DELTA \u00e8 tenuta ad archiviare i dati raccolti per adempiere ai propri obblighi legali in materia.<\/p>\n<p>DELTA si impegna al massimo per proteggere i dati personali degli utenti del sito web da danni, perdita, appropriazione indebita, intrusione, divulgazione, alterazione o distruzione.<\/p>\n<p>DELTA ha implementato una serie di misure di sicurezza per impedire l&#8217;accesso e\/o la diffusione non autorizzati, per proteggere l&#8217;integrit\u00e0 dei dati e per garantire che vengano utilizzati in conformit\u00e0 allo scopo per cui sono stati raccolti.<\/p>\n<p>I dipendenti di DELTA che, in virt\u00f9 della loro posizione, hanno accesso ai dati personali degli utenti del Sito web si impegnano a mantenere la massima riservatezza al riguardo.<\/p>\n<p>Quando DELTA invia informazioni altamente riservate (come il numero di carta di credito o la password) su Internet, le protegge utilizzando metodi di crittografia come il protocollo SSL (Secure Socket Layer).<\/p>\n<p>Tuttavia, DELTA non controlla tutti i rischi associati al funzionamento di Internet e richiama l&#8217;attenzione degli utenti del Sito sull&#8217;esistenza di possibili rischi in termini di perdita occasionale di dati o di violazione della riservatezza dei dati che transitano attraverso questa rete.<\/p>\n<h2>ARTICOLO 9 &#8211; RISPETTO DEI DATI PERSONALI<\/h2>\n<h3>9.1 DICHIARAZIONE CNIL :<\/h3>\n<p>DELTA tutela i dati personali degli utenti del Sito rispettando la normativa vigente e in particolare il Regolamento Europeo sulla Protezione dei Dati (RGPD) n. 2016\/679 del 27 aprile 2016 relativo alla protezione delle persone fisiche con riguardo al trattamento dei dati personali, nonch\u00e9 alla libera circolazione di tali dati.<\/p>\n<h3>9.2 DICHIARAZIONE DPO :<\/h3>\n<p>DELTA ha inoltre nominato il sig. Guillaume Barbier quale Responsabile della protezione dei dati (RPD), ai sensi dell&#8217;articolo 37 del RGPD, per supportarla e assisterla nel processo di conformit\u00e0 al suddetto RGPD.<\/p>\n<h3>9.3 RECLAMI DEGLI UTENTI :<\/h3>\n<p>9.3.1 DELTA: Per qualsiasi domanda, commento o suggerimento, gli utenti del Sito possono contattare DELTA via e-mail al seguente indirizzo: marketing@delta-paddle.com.<\/p>\n<p>9.3.2 Con la CNIL: Gli utenti del Sito hanno inoltre il diritto di presentare un reclamo alla Commission Nationale de l&#8217;Informatique et des Libert\u00e9s (CNIL), l&#8217;autorit\u00e0 di controllo responsabile del rispetto degli obblighi relativi ai dati personali in Francia, inviando una lettera al seguente indirizzo: 3, place de Fontenoy &#8211; TSA 80715 &#8211; 75334 Paris Cedex 7.<\/p>\n<h2>ARTICOLO 10 &#8211; COOKIE<\/h2>\n<p>Gli utenti del Sito sono informati del fatto che, quando consultano il Sito, vengono inseriti dei cookie nel loro computer, telefono cellulare o qualsiasi altra apparecchiatura elettronica utilizzata per consultare il Sito.<\/p>\n<p>La prima volta che gli utenti del Sito navigano sul Sito, appare un banner che descrive le precise finalit\u00e0 per cui vengono utilizzati i cookie, la possibilit\u00e0 che hanno di opporsi ad essi e li informa che la prosecuzione della navigazione sul Sito implica il consenso al deposito e all&#8217;utilizzo dei cookie sul loro terminale. Se non accettano l&#8217;uso di questi cookie, gli utenti del Sito devono disattivarli seguendo le istruzioni riportate di seguito.<\/p>\n<p>Definizione. Un cookie \u00e8 un file contenente piccole quantit\u00e0 di informazioni che viene scaricato sul computer degli utenti del Sito o sul loro dispositivo mobile quando visitano il Sito.<\/p>\n<p>I cookie svolgono diverse funzioni, ad esempio consentono di navigare in modo efficiente tra le diverse pagine, di salvare le preferenze e in generale di migliorare l&#8217;esperienza di utilizzo del Sito. Sono gestiti dal browser utilizzato per navigare in Internet.<\/p>\n<p>I dati ottenuti sono limitati. Si tratta solo del numero di pagine visitate, della citt\u00e0 in cui si trova l&#8217;indirizzo IP utilizzato per collegarsi al sito web, della frequenza e della ricorrenza delle visite, della durata della visita, del browser, dell&#8217;operatore o del tipo di terminale da cui viene effettuata la visita. In nessun caso vengono acquisiti dati quali il cognome, il nome dell&#8217;utente del Sito o l&#8217;indirizzo postale di connessione.<\/p>\n<p>delta utilizza i seguenti cookie:<\/p>\n<p>Cookie strettamente necessari :<\/p>\n<p>Questi cookie sono necessari per il funzionamento del Sito. Essi consentono agli utenti del Sito di utilizzare le sue funzioni essenziali, come l&#8217;accesso ad aree protette, la riproduzione di video, la memorizzazione delle preferenze per personalizzare l&#8217;interfaccia utente (ad esempio, la scelta della lingua o della regione) o il mantenimento di una sessione attiva. Questi cookie non raccolgono informazioni che possano identificare l&#8217;utente. Tutte le informazioni raccolte da questi cookie sono anonime.<\/p>\n<p>L&#8217;accettazione di questi cookie \u00e8 una condizione necessaria per l&#8217;utilizzo del Sito. Se gli utenti del Sito li rifiutano, DELTA non sar\u00e0 in grado di garantire la normale navigazione sul Sito.<\/p>\n<p>Cookie di funzionalit\u00e0 :<\/p>\n<p>Vengono utilizzati per consentire l&#8217;utilizzo delle varie funzioni del Sito e per migliorarne il funzionamento.<\/p>\n<p>Questi cookie non raccolgono informazioni che possano identificare gli utenti del Sito. Tutte le informazioni raccolte da questi cookie sono anonime e vengono utilizzate solo per migliorare la funzionalit\u00e0 del Sito.<\/p>\n<p>Se gli utenti del Sito disattivano questi cookie, alcune o tutte queste funzioni potrebbero non essere pi\u00f9 disponibili. Gli utenti del sito web possono trovare maggiori informazioni sui cookie di funzionalit\u00e0 utilizzati da DELTA e sulle loro finalit\u00e0 nella tabella sottostante:<\/p>\n<p>Cookie Google Analytics Social network Apertura popup ;<br \/> Caratteristiche Misurazione dell&#8217;audience del sito Condivisione di contenuti su piattaforme social e monitoraggio della navigazione degli abbonati sul sito;<br \/> Misurazione del tempo trascorso su una pagina ;<br \/> Accesso e destinatari Google Facebook, Twitter, Google+, ecc. DELTA.<\/p>\n<p>Cookie di analisi :<\/p>\n<p>Essi consentono a DELTA di riconoscere e contare il numero di utenti e di scoprire come gli utenti si muovono all&#8217;interno del sito web. Ci\u00f2 consente a DELTA di migliorare la funzionalit\u00e0 del Sito Web, ad esempio garantendo che gli utenti del Sito Web possano trovare facilmente ci\u00f2 che stanno cercando. Questi cookie non raccolgono informazioni di identificazione personale. Tutte le informazioni raccolte da questi cookie sono anonime e vengono utilizzate solo per migliorare la funzionalit\u00e0 del Sito.<\/p>\n<p>Il Sito utilizza i cookie di Google Analytics. Le informazioni raccolte dai cookie di Google Analytics saranno trasmesse e ospitate da Google su server situati negli Stati Uniti d&#8217;America, in conformit\u00e0 con la loro politica di riservatezza. Per una presentazione dell&#8217;informativa sulla privacy di Google e per sapere come si applica a Google Analytics, visitare il sito https:\/\/www.google.fr\/intl\/fr\/policies\/privacy\/.<\/p>\n<p>Disattivazione, impostazione, cancellazione e scadenza dei cookie :<\/p>\n<p>Alla prima visita dell&#8217;utente, sul Sito appare un banner di gestione dei cookie. L&#8217;utente pu\u00f2 quindi impostare i parametri per la raccolta dei cookie. Se desiderano cambiare idea, dovranno reimpostare le impostazioni del browser per visualizzare nuovamente il banner.<\/p>\n<p>Tuttavia, se decidono di disattivare tutti i cookie tramite le impostazioni del browser, in particolare i cookie utilizzati per il funzionamento del Sito (ad esempio, i cookie utilizzati per salvare il carrello degli acquisti o per connettersi al proprio account), probabilmente non saranno pi\u00f9 in grado di accedere a tutto o a parte del Sito.<\/p>\n<p>Inoltre, la disattivazione di un cookie o di una categoria di cookie non li cancella dal browser, poich\u00e9 la cancellazione richiede un&#8217;azione specifica.<\/p>\n<p>La prosecuzione della navigazione implica l&#8217;accettazione e il periodo di validit\u00e0 del consenso degli utenti del Sito \u00e8 di massimo tredici (13) mesi. Se l&#8217;utente del Sito accetta i cookie, questi rimarranno memorizzati sul suo computer per cinque (5) anni, a meno che l&#8217;utente del Sito non li cancelli tramite il suo browser.<\/p>\n<p>In caso contrario, i cookie scadono e vengono quindi disattivati 13 mesi dopo il loro primo deposito nell&#8217;apparecchiatura terminale dell&#8217;utente del Sito.<\/p>\n<h2>ARTICOLO 11 &#8211; AGGIORNAMENTO DELLO STATUTO<\/h2>\n<p>DELTA si riserva il diritto di aggiornare o modificare la Carta di volta in volta. DELTA pubblicher\u00e0 la Carta modificata sul Sito web o la comunicher\u00e0 agli utenti del Sito web, a seconda dei casi, tramite e-mail; si consiglia agli utenti del Sito web di controllare regolarmente il contenuto della Carta.<\/p>\n<p><!-- \/divi:heading --><\/p>\n<p>[\/et_pb_text][\/et_pb_column][et_pb_column type=&#8221;1_4&#8243; _builder_version=&#8221;3.25&#8243; custom_padding=&#8221;|||&#8221; custom_padding__hover=&#8221;|||&#8221;][et_pb_image src=&#8221;http:\/\/delta-paddle.com\/wp-content\/uploads\/\/LOGO-DELTA-VERTICAL.svg&#8221; alt=&#8221;LOGO-DELTA-VERTICAL&#8221; title_text=&#8221;LOGO-DELTA-VERTICAL&#8221; admin_label=&#8221;Logo Delta Vertical&#8221; _builder_version=&#8221;4.9.0&#8243; _module_preset=&#8221;default&#8221;][\/et_pb_image][\/et_pb_column][\/et_pb_row][\/et_pb_section]<\/p>\n","protected":false},"excerpt":{"rendered":"<p>DATI PERSONALI E COOKIELo scopo della presente carta (di seguito denominata &#8220;Carta&#8221;) \u00e8 quello di informare gli utenti del sito web https:\/\/delta-paddle.com\/ (di seguito denominato &#8220;Sito web&#8221;) delle misure e degli impegni presi da DELTA PADDLE (di seguito denominata &#8220;DELTA&#8221;) in merito alla riservatezza dei dati personali degli utenti del Sito web, nonch\u00e9 della politica [&hellip;]<\/p>\n","protected":false},"author":1,"featured_media":0,"parent":0,"menu_order":0,"comment_status":"closed","ping_status":"open","template":"","meta":{"_et_pb_use_builder":"on","_et_pb_old_content":"","_et_gb_content_width":"","content-type":"","inline_featured_image":false,"footnotes":""},"class_list":["post-230991","page","type-page","status-publish","hentry"],"_links":{"self":[{"href":"https:\/\/delta-paddle.com\/it\/wp-json\/wp\/v2\/pages\/230991","targetHints":{"allow":["GET"]}}],"collection":[{"href":"https:\/\/delta-paddle.com\/it\/wp-json\/wp\/v2\/pages"}],"about":[{"href":"https:\/\/delta-paddle.com\/it\/wp-json\/wp\/v2\/types\/page"}],"author":[{"embeddable":true,"href":"https:\/\/delta-paddle.com\/it\/wp-json\/wp\/v2\/users\/1"}],"replies":[{"embeddable":true,"href":"https:\/\/delta-paddle.com\/it\/wp-json\/wp\/v2\/comments?post=230991"}],"version-history":[{"count":7,"href":"https:\/\/delta-paddle.com\/it\/wp-json\/wp\/v2\/pages\/230991\/revisions"}],"predecessor-version":[{"id":230998,"href":"https:\/\/delta-paddle.com\/it\/wp-json\/wp\/v2\/pages\/230991\/revisions\/230998"}],"wp:attachment":[{"href":"https:\/\/delta-paddle.com\/it\/wp-json\/wp\/v2\/media?parent=230991"}],"curies":[{"name":"wp","href":"https:\/\/api.w.org\/{rel}","templated":true}]}}