{"id":230671,"date":"2023-03-17T10:49:43","date_gmt":"2023-03-17T10:49:43","guid":{"rendered":"https:\/\/delta-paddle.com\/informazioni-legali"},"modified":"2024-03-26T11:01:30","modified_gmt":"2024-03-26T11:01:30","slug":"informazioni-legali","status":"publish","type":"page","link":"https:\/\/delta-paddle.com\/it\/informazioni-legali\/","title":{"rendered":"Informazioni legali"},"content":{"rendered":"<p>[et_pb_section fb_built=&#8221;1&#8243; _builder_version=&#8221;4.16&#8243; global_colors_info=&#8221;{}&#8221;][et_pb_row column_structure=&#8221;3_4,1_4&#8243; _builder_version=&#8221;4.16&#8243; background_size=&#8221;initial&#8221; background_position=&#8221;top_left&#8221; background_repeat=&#8221;repeat&#8221; global_colors_info=&#8221;{}&#8221;][et_pb_column type=&#8221;3_4&#8243; _builder_version=&#8221;4.16&#8243; custom_padding=&#8221;|||&#8221; global_colors_info=&#8221;{}&#8221; custom_padding__hover=&#8221;|||&#8221;][et_pb_text admin_label=&#8221;DONNEES PERSONNELLES &#038; COOKIE&#8221; _builder_version=&#8221;4.16&#8243; _module_preset=&#8221;default&#8221; header_text_color=&#8221;#1f2638&#8243; custom_margin=&#8221;||50px||false|false&#8221; global_colors_info=&#8221;{}&#8221;]<\/p>\n<h1>AVVISI LEGALI<\/h1>\n<p>Regole e condizioni d&#8217;uso &#8211; Applicabile dal 01\/01\/2020<\/p>\n<p>[\/et_pb_text][et_pb_text admin_label=&#8221;Chartes&#8221; _builder_version=&#8221;4.16&#8243; background_size=&#8221;initial&#8221; background_position=&#8221;top_left&#8221; background_repeat=&#8221;repeat&#8221; global_colors_info=&#8221;{}&#8221;]<\/p>\n<h2>https:\/\/delta-paddle.com\/donnees-personnelles-et-cookies1. EDITEUR DU SITE<\/h2>\n<p>Il sito delta-paddle.com \u00e8 pubblicato da OSP CONCEPT, una societ\u00e0 per azioni semplificata con un unico socio e un capitale di 10.000,00 euro iscritta al Registro del Commercio e delle Imprese di Manosque.<\/p>\n<p>SIRET : 89324503500017<br \/>Numero di identificazione IVA : FR22893245035<\/p>\n<p>SEDE : 1264 AVENUE DE TRAVERSETOLO 04 700 ORAISON, FRANCE<\/p>\n<p>Tel. 04 92 79 77 03<br \/>Posta. hello@delta-paddle.com<\/p>\n<h2>2. DIRETTORE DELLA PUBBLICAZIONE DEL SITO<\/h2>\n<p>M. Guillaume Barbier<\/p>\n<h2>3. OSPITALIT\u00c0 DEL SITO<\/h2>\n<p>Hostinger International Ltd.<br \/>61 Lordou Vironos, Larnaca, CY, 6023<\/p>\n<p><span>https:\/\/www.hostinger.fr\/contact.<\/span><\/p>\n<p>&nbsp;<\/p>\n<h2>4. DATI PERSONALI<\/h2>\n<h3>4.1 POLITICA DI PROTEZIONE DEI DATI PERSONALI<\/h3>\n<p>Il sito web delta-paddle.com viene costantemente aggiornato per soddisfare i requisiti del RGPD.<\/p>\n<p>Se desiderate saperne di pi\u00f9 su come gestiamo i dati personali, consultate il nostro statuto. : <a href=\"https:\/\/delta-paddle.com\/donnees-personnelles-et-cookies\/\" target=\"_blank\" rel=\"noopener noreferrer\">Dati personali e cookie.<\/a><\/p>\n<h3>4.2 COOKIES<\/h3>\n<p>Il sito delta-paddle.com utilizza cookie interni e di terze parti per migliorare la navigazione e i contenuti. Vengono inoltre utilizzati per fornirci informazioni sull&#8217;utilizzo del sito, per garantirne l&#8217;aggiornamento, la pertinenza e l&#8217;assenza di bug. La maggior parte dei cookie utilizzati sul nostro sito sono essenziali per il suo funzionamento. Questi cookie possono migliorare le prestazioni e fornire funzionalit\u00e0 aggiuntive.<\/p>\n<p>Altri consentono un migliore targeting per migliorare l&#8217;esperienza dell&#8217;utente. Ad esempio, raccolgono le vostre abitudini di navigazione per indirizzare meglio i contenuti offerti.<\/p>\n<p>Quando si visita per la prima volta delta-paddle.com, a pi\u00e8 di pagina appare un banner che consente di accettare o rifiutare l&#8217;uso di questi cookie.<\/p>\n<p>\u00c8 quindi possibile modificare le preferenze direttamente tramite il browser:<\/p>\n<p>Per Chrome\u2122: aprire il menu delle impostazioni (logo della chiave inglese), quindi selezionare &#8220;Opzioni&#8221;; fare clic su &#8220;Opzioni avanzate&#8221;, quindi nella sezione &#8220;Privacy&#8221;, fare clic su &#8220;Impostazioni contenuti&#8221; e scegliere le opzioni desiderate o seguire il seguente link: http:\/\/support.google.com\/chrome\/bin\/answer.py?hl=fr&amp;hlrm=en&amp;answer=95647<\/p>\n<p>Per Safari\u2122: scegliere &#8220;Safari &gt; Preferenze&#8221; e poi cliccare su &#8220;Sicurezza&#8221;; nella sezione &#8220;Accetta i cookie&#8221; scegliere le opzioni desiderate o seguire questo link: http:\/\/docs.info.apple.com\/article.html?path=Safari\/3.0\/fr\/9277.html<\/p>\n<p>Per Firefox\u2122: aprire il menu &#8220;Strumenti&#8221;, quindi selezionare &#8220;Opzioni&#8221;; fare clic sulla scheda &#8220;Privacy&#8221; e scegliere le opzioni desiderate o seguire questo link: http:\/\/support.mozilla.org\/fr\/kb\/Activer%20et%20d%C3%A9sactiver%20les%20cookies<\/p>\n<p>Per Opera\u2122: aprire il menu &#8220;Strumenti&#8221; o &#8220;Impostazioni&#8221;, quindi selezionare &#8220;Elimina dati privati&#8221;; fare clic sulla scheda &#8220;Opzioni dettagliate&#8221;, quindi scegliere le opzioni desiderate o seguire questo link: http:\/\/help.opera.com\/Windows\/10.20\/fr\/cookies.html<\/p>\n<p>Per Internet Explorer\u2122: aprire il menu &#8220;Strumenti&#8221;, quindi selezionare &#8220;Opzioni Internet&#8221;; fare clic sulla scheda &#8220;Riservatezza&#8221;, quindi sulla scheda &#8220;Avanzate&#8221; e scegliere il livello desiderato o seguire questo link: http:\/\/windows.microsoft.com\/fr-FR\/windows-vista\/Block-or-allow-cookies<\/p>\n<p>Per saperne di pi\u00f9 sull&#8217;uso dei cookie, visitare il seguente link: https:\/\/delta-paddle.com\/donnees-personnelles-et-cookies<\/p>\n<p>Continuando a visitare il nostro sito, accettate che durante la vostra navigazione possano essere installati dei cookie.<\/p>\n<h2>5. RESPONSABILIT\u00c0<\/h2>\n<p>DELTA compie costantemente ogni sforzo per garantire che tutte le informazioni fornite sul sito web siano affidabili al momento della loro messa online e che siano disponibili. Tuttavia, non possiamo garantire l&#8217;affidabilit\u00e0 totale. Di conseguenza, l&#8217;utente riconosce di utilizzare queste informazioni sotto la sua esclusiva responsabilit\u00e0.<\/p>\n<p>DELTA si riserva il diritto di modificare o correggere il contenuto delle informazioni e dei documenti pubblicati su questo sito web in qualsiasi momento, senza preavviso. DELTA non pu\u00f2 essere ritenuta responsabile di eventuali errori od omissioni nelle informazioni fornite o di eventuali problemi tecnici riscontrati sul Sito e su altri siti ai quali stabilisce collegamenti, n\u00e9 dell&#8217;interpretazione delle informazioni pubblicate su tali siti, n\u00e9 delle conseguenze del loro utilizzo.<\/p>\n<p>In generale, DELTA declina ogni responsabilit\u00e0 per qualsiasi danno, diretto o indiretto, qualunque ne sia la causa, l&#8217;origine, la natura o le conseguenze, causato dall&#8217;accesso o dall&#8217;impossibilit\u00e0 di accesso al sito abstract-sport.com, nonch\u00e9 dall&#8217;uso del sito e\/o dal credito dato a qualsiasi informazione proveniente direttamente o indirettamente da quest&#8217;ultimo.<\/p>\n<h2>6. CLAIMI<\/h2>\n<p>In caso di domande o reclami, potete contattarci telefonicamente al numero 0492797703 dal luned\u00ec al venerd\u00ec dalle 9.00 alle 18.00 o per posta al seguente indirizzo: DELTA &#8211; OSP CONCEPT 1264 AVENUE DE TRAVERSETOLO 04 700 ORAISON, FRANCIA<\/p>\n<h2>7. PROPRIET\u00c0 INTELLETTUALE<\/h2>\n<p>Il Sito \u00e8 di propriet\u00e0 di OSP CONCEPT. Salvo indicazione contraria, i diritti di propriet\u00e0 intellettuale sugli elementi accessibili sul Sito (in particolare, senza che questo elenco sia esaustivo, sotto forma di testi, fotografie, immagini, icone, mappe, suoni, video, software, banche dati, dati sono anch&#8217;essi protetti da diritti di propriet\u00e0 intellettuale e industriale) sono di propriet\u00e0 esclusiva di OSP CONCEPT, che non concede alcuna licenza o alcun diritto diverso da quello di consultare il Sito.<\/p>\n<p>Di conseguenza, \u00e8 severamente vietata la riproduzione totale o parziale, su qualsiasi supporto e con qualsiasi mezzo, in particolare di testi e fotografie. La riproduzione, l&#8217;adattamento, la modifica, la distribuzione o l&#8217;utilizzo, in particolare a fini commerciali, di questi elementi pu\u00f2 essere oggetto di qualsiasi azione appropriata, in particolare di un&#8217;azione per contraffazione.<\/p>\n<p>Le banche dati informative sono protette dalla legge del 1\u00b0 luglio 1998. Qualsiasi estrazione o tentativo di estrazione, totale o parziale, del Sito \u00e8 pertanto suscettibile di incorrere nella responsabilit\u00e0 civile e penale di qualsiasi trasgressore. \u00c8 pertanto vietato estrarre qualsiasi cosa qualitativamente o quantitativamente sostanziale dalle banche dati pubblicate sul sito.<\/p>\n<h2>8. CREDITI<\/h2>\n<p>\u00a9 DELTA &#8211; OSP CONCEPT<\/p>\n<p>&nbsp;<\/p>\n<p>&nbsp;<\/p>\n<p>&nbsp;<\/p>\n<p><!-- \/divi:heading -->[\/et_pb_text][\/et_pb_column][et_pb_column type=&#8221;1_4&#8243; _builder_version=&#8221;4.16&#8243; custom_padding=&#8221;|||&#8221; global_colors_info=&#8221;{}&#8221; custom_padding__hover=&#8221;|||&#8221;][et_pb_image src=&#8221;http:\/\/delta-paddle.com\/wp-content\/uploads\/\/LOGO-DELTA-VERTICAL.svg&#8221; alt=&#8221;LOGO-DELTA-VERTICAL&#8221; title_text=&#8221;LOGO-DELTA-VERTICAL&#8221; admin_label=&#8221;Logo Delta Vertical&#8221; _builder_version=&#8221;4.16&#8243; _module_preset=&#8221;default&#8221; global_colors_info=&#8221;{}&#8221;][\/et_pb_image][\/et_pb_column][\/et_pb_row][\/et_pb_section]<\/p>\n","protected":false},"excerpt":{"rendered":"<p>AVVISI LEGALI Regole e condizioni d&#8217;uso &#8211; Applicabile dal 01\/01\/2020https:\/\/delta-paddle.com\/donnees-personnelles-et-cookies1. EDITEUR DU SITE Il sito delta-paddle.com \u00e8 pubblicato da OSP CONCEPT, una societ\u00e0 per azioni semplificata con un unico socio e un capitale di 10.000,00 euro iscritta al Registro del Commercio e delle Imprese di Manosque. SIRET : 89324503500017Numero di identificazione IVA : FR22893245035 SEDE [&hellip;]<\/p>\n","protected":false},"author":2,"featured_media":0,"parent":0,"menu_order":0,"comment_status":"closed","ping_status":"closed","template":"","meta":{"_et_pb_use_builder":"on","_et_pb_old_content":"","_et_gb_content_width":"","content-type":"","inline_featured_image":false,"footnotes":""},"class_list":["post-230671","page","type-page","status-publish","hentry"],"_links":{"self":[{"href":"https:\/\/delta-paddle.com\/it\/wp-json\/wp\/v2\/pages\/230671","targetHints":{"allow":["GET"]}}],"collection":[{"href":"https:\/\/delta-paddle.com\/it\/wp-json\/wp\/v2\/pages"}],"about":[{"href":"https:\/\/delta-paddle.com\/it\/wp-json\/wp\/v2\/types\/page"}],"author":[{"embeddable":true,"href":"https:\/\/delta-paddle.com\/it\/wp-json\/wp\/v2\/users\/2"}],"replies":[{"embeddable":true,"href":"https:\/\/delta-paddle.com\/it\/wp-json\/wp\/v2\/comments?post=230671"}],"version-history":[{"count":13,"href":"https:\/\/delta-paddle.com\/it\/wp-json\/wp\/v2\/pages\/230671\/revisions"}],"predecessor-version":[{"id":230972,"href":"https:\/\/delta-paddle.com\/it\/wp-json\/wp\/v2\/pages\/230671\/revisions\/230972"}],"wp:attachment":[{"href":"https:\/\/delta-paddle.com\/it\/wp-json\/wp\/v2\/media?parent=230671"}],"curies":[{"name":"wp","href":"https:\/\/api.w.org\/{rel}","templated":true}]}}