{"id":231125,"date":"2024-07-09T07:12:09","date_gmt":"2024-07-09T07:12:09","guid":{"rendered":"https:\/\/delta-paddle.com\/?post_type=product&#038;p=231125"},"modified":"2024-07-09T07:41:41","modified_gmt":"2024-07-09T07:41:41","slug":"orza-par-sup-hinchable-copie","status":"publish","type":"product","link":"https:\/\/delta-paddle.com\/es\/produit\/orza-par-sup-hinchable-copie\/","title":{"rendered":"FUNDA IMPERMEABLE DELTA PARA TEL\u00c9FONO"},"content":{"rendered":"<p>[et_pb_section fb_built=\u00bb1&#8243; _builder_version=\u00bb4.16&#8243; background_enable_image=\u00bboff\u00bb custom_padding=\u00bb50px||||false|false\u00bb global_colors_info=\u00bb{}\u00bb][et_pb_row column_structure=\u00bb2_5,3_5&#8243; _builder_version=\u00bb4.16&#8243; _module_preset=\u00bbdefault\u00bb global_colors_info=\u00bb{}\u00bb][et_pb_column type=\u00bb2_5&#8243; _builder_version=\u00bb4.16&#8243; _module_preset=\u00bbdefault\u00bb background_image=\u00bbhttp:\/\/delta-paddle.com\/wp-content\/uploads\/\/ROUND-BLUE-BACKGROUND-3.svg\u00bb background_size=\u00bbcontain\u00bb global_colors_info=\u00bb{}\u00bb][et_pb_image src=\u00bbhttp:\/\/delta-paddle.com\/wp-content\/uploads\/DEDR4510-POCHETTE-ETANCHE-TRANSPARENTE-DELTA.jpg\u00bb alt=\u00bbDELB7580-DELTA-SUP_ORZA\u00bb title_text=\u00bbDEDR4510-BOLSILLO IMPERMEABLE-TRANSPARENTE-DELTA\u00bb align=\u00bbcenter\u00bb _builder_version=\u00bb4.25.1&#8243; _module_preset=\u00bbdefault\u00bb module_alignment=\u00bbcenter\u00bb max_height=\u00bb550px\u00bb global_colors_info=\u00bb{}\u00bb][\/et_pb_image][\/et_pb_column][et_pb_column type=\u00bb3_5&#8243; _builder_version=\u00bb4.16&#8243; _module_preset=\u00bbdefault\u00bb custom_padding=\u00bb|50px||50px|false|false\u00bb global_colors_info=\u00bb{}\u00bb][et_pb_wc_title _builder_version=\u00bb4.16&#8243; header_text_align=\u00bbleft\u00bb global_colors_info=\u00bb{}\u00bb][\/et_pb_wc_title][et_pb_wc_price _builder_version=\u00bb4.16&#8243; text_orientation=\u00bbleft\u00bb global_colors_info=\u00bb{}\u00bb][\/et_pb_wc_price][et_pb_wc_description _builder_version=\u00bb4.16&#8243; global_colors_info=\u00bb{}\u00bb][\/et_pb_wc_description][et_pb_image src=\u00bbhttp:\/\/delta-paddle.com\/wp-content\/uploads\/ACCESSOIRES-DELTA500px.png\u00bb title_text=\u00bbACCESORIOS DELTA ALETA \/ ORZA PARA SUP\u00bb disabled_on=\u00bbon|on|on\u00bb _builder_version=\u00bb4.16&#8243; _module_preset=\u00bbdefault\u00bb disabled=\u00bbon\u00bb global_colors_info=\u00bb{}\u00bb][\/et_pb_image][\/et_pb_column][\/et_pb_row][\/et_pb_section][et_pb_section fb_built=\u00bb1&#8243; _builder_version=\u00bb4.16&#8243; background_enable_image=\u00bboff\u00bb custom_padding=\u00bb0px||||false|false\u00bb global_colors_info=\u00bb{}\u00bb][et_pb_row _builder_version=\u00bb4.16&#8243; background_size=\u00bbinitial\u00bb background_position=\u00bbtop_left\u00bb background_repeat=\u00bbrepeat\u00bb width=\u00bb100%\u00bb global_colors_info=\u00bb{}\u00bb][et_pb_column type=\u00bb4_4&#8243; _builder_version=\u00bb4.16&#8243; custom_padding=\u00bb|||\u00bb global_colors_info=\u00bb{}\u00bb custom_padding__hover=\u00bb|||\u00bb][et_pb_wc_tabs include_tabs=\u00bb|additional_information|\u00bb _builder_version=\u00bb4.25.1&#8243; hover_enabled=\u00bb0&#8243; global_colors_info=\u00bb{}\u00bb sticky_enabled=\u00bb0&#8243;]\t\t\t\t\t[\/et_pb_wc_tabs][et_pb_wc_upsells _builder_version=\u00bb4.16&#8243; global_colors_info=\u00bb{}\u00bb][\/et_pb_wc_upsells][et_pb_wc_related_products _builder_version=\u00bb4.16&#8243; global_colors_info=\u00bb{}\u00bb][\/et_pb_wc_related_products][et_pb_wc_breadcrumb _builder_version=\u00bb4.16&#8243; custom_padding_tablet=\u00bb|||25px|false|false\u00bb custom_padding_phone=\u00bb\u00bb custom_padding_last_edited=\u00bbon|phone\u00bb global_colors_info=\u00bb{}\u00bb][\/et_pb_wc_breadcrumb][\/et_pb_column][\/et_pb_row][\/et_pb_section][et_pb_section fb_built=\u00bb1&#8243; _builder_version=\u00bb4.16&#8243; _module_preset=\u00bbdefault\u00bb background_color=\u00bb#1F2638&#8243; global_colors_info=\u00bb{}\u00bb][et_pb_row column_structure=\u00bb1_3,1_3,1_3&#8243; _builder_version=\u00bb4.16&#8243; _module_preset=\u00bbdefault\u00bb background_color=\u00bbRGBA(0,0,0,0)\u00bb width=\u00bb100%\u00bb max_width=\u00bb1920px\u00bb module_alignment=\u00bbcenter\u00bb sticky_position=\u00bbtop_bottom\u00bb scroll_fade=\u00bb0|30|30|100|100%|100|100&#8243; sticky_position_tablet=\u00bb\u00bb sticky_position_phone=\u00bbnone\u00bb sticky_position_last_edited=\u00bbon|phone\u00bb global_colors_info=\u00bb{}\u00bb][et_pb_column type=\u00bb1_3&#8243; _builder_version=\u00bb4.16&#8243; _module_preset=\u00bbdefault\u00bb global_colors_info=\u00bb{}\u00bb][\/et_pb_column][et_pb_column type=\u00bb1_3&#8243; _builder_version=\u00bb4.16&#8243; _module_preset=\u00bbdefault\u00bb global_colors_info=\u00bb{}\u00bb][et_pb_wc_add_to_cart _builder_version=\u00bb4.16&#8243; custom_button=\u00bbon\u00bb button_text_size=\u00bb16px\u00bb button_text_color=\u00bb#ffffff\u00bb button_bg_color=\u00bb#FE0000&#8243; button_border_width=\u00bb0px\u00bb button_border_color=\u00bbRGBA(0,0,0,0)\u00bb button_border_radius=\u00bb50px\u00bb button_letter_spacing=\u00bb2px\u00bb button_font=\u00bbKarla|700||on|||||\u00bb button_use_icon=\u00bboff\u00bb button_custom_padding=\u00bb11px|25px|13px|25px|false|false\u00bb text_orientation=\u00bbcenter\u00bb box_shadow_style_button=\u00bbpreset1&#8243; box_shadow_color_button=\u00bbrgba(254,0,0,0.75)\u00bb global_colors_info=\u00bb{}\u00bb][\/et_pb_wc_add_to_cart][et_pb_wc_cart_notice _builder_version=\u00bb4.16&#8243; custom_button=\u00bbon\u00bb button_text_size=\u00bb16px\u00bb button_text_color=\u00bb#ffffff\u00bb button_bg_color=\u00bb#FE0000&#8243; button_border_color=\u00bbRGBA(0,0,0,0)\u00bb button_border_radius=\u00bb50px\u00bb button_letter_spacing=\u00bb2px\u00bb button_font=\u00bbKarla|700||on|||||\u00bb button_use_icon=\u00bboff\u00bb global_colors_info=\u00bb{}\u00bb][\/et_pb_wc_cart_notice][\/et_pb_column][et_pb_column type=\u00bb1_3&#8243; _builder_version=\u00bb4.16&#8243; _module_preset=\u00bbdefault\u00bb global_colors_info=\u00bb{}\u00bb][\/et_pb_column][\/et_pb_row][\/et_pb_section]<\/p>\n","protected":false},"excerpt":{"rendered":"<p>Descubra la funda estanca Delta, el accesorio indispensable para proteger su tel\u00e9fono en todas sus aventuras acu\u00e1ticas. Dise\u00f1ada para soportar las condiciones m\u00e1s extremas, la funda impermeable Delta proporciona una protecci\u00f3n completa contra el agua, la nieve, el polvo y la arena. Fabricado con materiales de alta calidad, es ideal para bucear, hacer snorkel, nadar&#8230;<\/p>\n","protected":false},"featured_media":231130,"comment_status":"open","ping_status":"closed","template":"","meta":{"_et_pb_use_builder":"on","_et_pb_old_content":"","_et_gb_content_width":"","content-type":"","inline_featured_image":false},"product_cat":[48,49],"product_tag":[],"class_list":{"0":"post-231125","1":"product","2":"type-product","3":"status-publish","4":"has-post-thumbnail","6":"product_cat-accesorios","7":"product_cat-todos-los-productos","9":"first","10":"instock","11":"taxable","12":"shipping-taxable","13":"purchasable","14":"product-type-simple"},"_links":{"self":[{"href":"https:\/\/delta-paddle.com\/es\/wp-json\/wp\/v2\/product\/231125","targetHints":{"allow":["GET"]}}],"collection":[{"href":"https:\/\/delta-paddle.com\/es\/wp-json\/wp\/v2\/product"}],"about":[{"href":"https:\/\/delta-paddle.com\/es\/wp-json\/wp\/v2\/types\/product"}],"replies":[{"embeddable":true,"href":"https:\/\/delta-paddle.com\/es\/wp-json\/wp\/v2\/comments?post=231125"}],"wp:featuredmedia":[{"embeddable":true,"href":"https:\/\/delta-paddle.com\/es\/wp-json\/wp\/v2\/media\/231130"}],"wp:attachment":[{"href":"https:\/\/delta-paddle.com\/es\/wp-json\/wp\/v2\/media?parent=231125"}],"wp:term":[{"taxonomy":"product_cat","embeddable":true,"href":"https:\/\/delta-paddle.com\/es\/wp-json\/wp\/v2\/product_cat?post=231125"},{"taxonomy":"product_tag","embeddable":true,"href":"https:\/\/delta-paddle.com\/es\/wp-json\/wp\/v2\/product_tag?post=231125"}],"curies":[{"name":"wp","href":"https:\/\/api.w.org\/{rel}","templated":true}]}}