{"id":230835,"date":"2024-03-22T15:31:33","date_gmt":"2024-03-22T15:31:33","guid":{"rendered":"https:\/\/delta-paddle.com\/?post_type=product&#038;p=230835"},"modified":"2024-07-05T14:06:22","modified_gmt":"2024-07-05T14:06:22","slug":"paquete-sup-delta-10-copie-copie","status":"publish","type":"product","link":"https:\/\/delta-paddle.com\/es\/produit\/paquete-sup-delta-10-copie-copie\/","title":{"rendered":"PAQUETE PADDLE DELTA 10&#8242; SUMMER PREMIUM"},"content":{"rendered":"<p>[et_pb_section fb_built=\u00bb1&#8243; _builder_version=\u00bb4.16&#8243; background_enable_image=\u00bboff\u00bb custom_padding=\u00bb50px||||false|false\u00bb global_colors_info=\u00bb{}\u00bb][et_pb_row column_structure=\u00bb1_2,1_2&#8243; _builder_version=\u00bb4.25.1&#8243; _module_preset=\u00bbdefault\u00bb hover_enabled=\u00bb0&#8243; global_colors_info=\u00bb{}\u00bb sticky_enabled=\u00bb0&#8243;][et_pb_column type=\u00bb1_2&#8243; _builder_version=\u00bb4.25.1&#8243; _module_preset=\u00bbdefault\u00bb background_size=\u00bbcontain\u00bb hover_enabled=\u00bb0&#8243; global_colors_info=\u00bb{}\u00bb sticky_enabled=\u00bb0&#8243;][et_pb_wc_images _builder_version=\u00bb4.24.2&#8243; _module_preset=\u00bbdefault\u00bb global_colors_info=\u00bb{}\u00bb][\/et_pb_wc_images][\/et_pb_column][et_pb_column type=\u00bb1_2&#8243; _builder_version=\u00bb4.16&#8243; _module_preset=\u00bbdefault\u00bb custom_padding=\u00bb|50px||50px|false|false\u00bb global_colors_info=\u00bb{}\u00bb][et_pb_wc_title _builder_version=\u00bb4.16&#8243; header_text_align=\u00bbleft\u00bb global_colors_info=\u00bb{}\u00bb][\/et_pb_wc_title][et_pb_wc_price _builder_version=\u00bb4.16&#8243; text_orientation=\u00bbleft\u00bb global_colors_info=\u00bb{}\u00bb][\/et_pb_wc_price][et_pb_wc_description _builder_version=\u00bb4.16&#8243; global_colors_info=\u00bb{}\u00bb][\/et_pb_wc_description][et_pb_image src=\u00bbhttp:\/\/delta-paddle.com\/wp-content\/uploads\/ACCESSOIRES-10-PREMIUM-PACK.png\u00bb title_text=\u00bbACCESSOIRES-10-PREMIUM-PACK\u00bb disabled_on=\u00bboff|off|off\u00bb _builder_version=\u00bb4.25.1&#8243; _module_preset=\u00bbdefault\u00bb hover_enabled=\u00bb0&#8243; global_colors_info=\u00bb{}\u00bb sticky_enabled=\u00bb0&#8243;][\/et_pb_image][\/et_pb_column][\/et_pb_row][\/et_pb_section][et_pb_section fb_built=\u00bb1&#8243; _builder_version=\u00bb4.16&#8243; background_enable_image=\u00bboff\u00bb custom_padding=\u00bb0px||||false|false\u00bb global_colors_info=\u00bb{}\u00bb][et_pb_row _builder_version=\u00bb4.16&#8243; background_size=\u00bbinitial\u00bb background_position=\u00bbtop_left\u00bb background_repeat=\u00bbrepeat\u00bb width=\u00bb100%\u00bb global_colors_info=\u00bb{}\u00bb][et_pb_column type=\u00bb4_4&#8243; _builder_version=\u00bb4.16&#8243; custom_padding=\u00bb|||\u00bb global_colors_info=\u00bb{}\u00bb custom_padding__hover=\u00bb|||\u00bb][et_pb_wc_tabs include_tabs=\u00bbdescription|additional_information|\u00bb _builder_version=\u00bb4.25.1&#8243; hover_enabled=\u00bb0&#8243; global_colors_info=\u00bb{}\u00bb sticky_enabled=\u00bb0&#8243;] [\/et_pb_wc_tabs][et_pb_wc_upsells _builder_version=\u00bb4.16&#8243; hover_enabled=\u00bb0&#8243; global_colors_info=\u00bb{}\u00bb sticky_enabled=\u00bb0&#8243;][\/et_pb_wc_upsells][et_pb_wc_related_products _builder_version=\u00bb4.16&#8243; global_colors_info=\u00bb{}\u00bb][\/et_pb_wc_related_products][et_pb_wc_breadcrumb _builder_version=\u00bb4.16&#8243; custom_padding_tablet=\u00bb|||25px|false|false\u00bb custom_padding_phone=\u00bb\u00bb custom_padding_last_edited=\u00bbon|phone\u00bb global_colors_info=\u00bb{}\u00bb][\/et_pb_wc_breadcrumb][\/et_pb_column][\/et_pb_row][\/et_pb_section][et_pb_section fb_built=\u00bb1&#8243; disabled_on=\u00bboff|off|off\u00bb _builder_version=\u00bb4.16&#8243; _module_preset=\u00bbdefault\u00bb background_color=\u00bb#1F2638&#8243; global_colors_info=\u00bb{}\u00bb][et_pb_row column_structure=\u00bb1_3,1_3,1_3&#8243; _builder_version=\u00bb4.16&#8243; _module_preset=\u00bbdefault\u00bb background_color=\u00bbRGBA(0,0,0,0)\u00bb width=\u00bb100%\u00bb max_width=\u00bb1920px\u00bb module_alignment=\u00bbcenter\u00bb sticky_position=\u00bbtop_bottom\u00bb scroll_fade=\u00bb0|30|30|100|100%|100|100&#8243; sticky_position_tablet=\u00bb\u00bb sticky_position_phone=\u00bbnone\u00bb sticky_position_last_edited=\u00bbon|phone\u00bb global_colors_info=\u00bb{}\u00bb][et_pb_column type=\u00bb1_3&#8243; _builder_version=\u00bb4.16&#8243; _module_preset=\u00bbdefault\u00bb global_colors_info=\u00bb{}\u00bb][\/et_pb_column][et_pb_column type=\u00bb1_3&#8243; _builder_version=\u00bb4.16&#8243; _module_preset=\u00bbdefault\u00bb global_colors_info=\u00bb{}\u00bb][et_pb_wc_add_to_cart _builder_version=\u00bb4.16&#8243; custom_button=\u00bbon\u00bb button_text_size=\u00bb16px\u00bb button_text_color=\u00bb#ffffff\u00bb button_bg_color=\u00bb#FE0000&#8243; button_border_width=\u00bb0px\u00bb button_border_color=\u00bbRGBA(0,0,0,0)\u00bb button_border_radius=\u00bb50px\u00bb button_letter_spacing=\u00bb2px\u00bb button_font=\u00bbKarla|700||on|||||\u00bb button_use_icon=\u00bboff\u00bb button_custom_padding=\u00bb11px|25px|13px|25px|false|false\u00bb text_orientation=\u00bbcenter\u00bb box_shadow_style_button=\u00bbpreset1&#8243; box_shadow_color_button=\u00bbrgba(254,0,0,0.75)\u00bb global_colors_info=\u00bb{}\u00bb][\/et_pb_wc_add_to_cart][et_pb_wc_cart_notice _builder_version=\u00bb4.16&#8243; custom_button=\u00bbon\u00bb button_text_size=\u00bb16px\u00bb button_text_color=\u00bb#ffffff\u00bb button_bg_color=\u00bb#FE0000&#8243; button_border_color=\u00bbRGBA(0,0,0,0)\u00bb button_border_radius=\u00bb50px\u00bb button_letter_spacing=\u00bb2px\u00bb button_font=\u00bbKarla|700||on|||||\u00bb button_use_icon=\u00bboff\u00bb global_colors_info=\u00bb{}\u00bb][\/et_pb_wc_cart_notice][\/et_pb_column][et_pb_column type=\u00bb1_3&#8243; _builder_version=\u00bb4.16&#8243; _module_preset=\u00bbdefault\u00bb global_colors_info=\u00bb{}\u00bb][\/et_pb_column][\/et_pb_row][\/et_pb_section]<\/p>\n","protected":false},"excerpt":{"rendered":"<p>La tabla hinchable Delta 10&#8242; Summer Premium 2024 es la nueva estrella de nuestra colecci\u00f3n Allround, ideal para diversos entornos acu\u00e1ticos. Con un n\u00facleo Premium Dropstitch de alta densidad, ofrece una rigidez y longevidad inigualables, a la vez que es f\u00e1cil de maniobrar y ligero. Perfecto para principiantes o actividades familiares, se puede convertir en un kayak para mayor diversi\u00f3n.<\/p>\n<p>The complete package includes a carrying bag, a three-piece adjustable SUP paddle, a high-pressure manual pump, and a waterproof smartphone pouch. El Delta 10&#8242; Summer Premium 2024 combina innovaci\u00f3n, versatilidad y disfrute para ofrecer experiencias excepcionales de remo y kayak.<\/p>\n","protected":false},"featured_media":231265,"comment_status":"open","ping_status":"closed","template":"","meta":{"_et_pb_use_builder":"on","_et_pb_old_content":"El Paddle gonflable Delta 10' Summer Premium 2024 es la nueva estrella de nuestra colecci\u00f3n Allround, perfectamente adaptada a una variedad de entornos acu\u00e1ticos. Esta edici\u00f3n reinventa el concepto de versatilidad con su n\u00facleo Dropstitch Premium de alta densidad, ofreciendo una rigidez inigualable y una durabilidad mejorada, manteniendo al mismo tiempo una notable facilidad de maniobra y ligereza. Ideal para aquellos que dan sus primeros pasos en el mundo del paddle o para actividades familiares, este modelo se distingue por su capacidad para convertirse en kayak, agregando una dimensi\u00f3n l\u00fadica a tu experiencia en el agua.\n\nAcompa\u00f1ado de un paquete completo dise\u00f1ado para maximizar tu diversi\u00f3n desde el desempaque, el Delta 10' Summer Premium 2024 incluye una bolsa de transporte pr\u00e1ctica para tus desplazamientos, una pala SUP desmontable en tres partes que se puede ajustar seg\u00fan las necesidades de cada usuario, y una bomba manual de alta presi\u00f3n para un inflado eficiente y r\u00e1pido. El paquete tambi\u00e9n viene con una bolsa impermeable para smartphones, lo que te permite mantener tus dispositivos protegidos del agua mientras capturas tus aventuras sin preocupaciones.\n\nEl Delta 10' Summer Premium 2024 te invita a redescubrir el placer de navegar, ya sea en SUP o en kayak, gracias a su dise\u00f1o innovador y sus accesorios pensados para tu comodidad y seguridad. \u00a1Prep\u00e1rate para vivir momentos inolvidables en el agua, donde la innovaci\u00f3n, la versatilidad y la diversi\u00f3n se encuentran para crear experiencias excepcionales de paddle y kayak!","_et_gb_content_width":"","content-type":"","inline_featured_image":false},"product_cat":[53,49],"product_tag":[],"class_list":{"0":"post-230835","1":"product","2":"type-product","3":"status-publish","4":"has-post-thumbnail","6":"product_cat-inflatable-paddle-board-es","7":"product_cat-todos-los-productos","9":"first","10":"instock","11":"taxable","12":"shipping-taxable","13":"purchasable","14":"product-type-simple"},"_links":{"self":[{"href":"https:\/\/delta-paddle.com\/es\/wp-json\/wp\/v2\/product\/230835","targetHints":{"allow":["GET"]}}],"collection":[{"href":"https:\/\/delta-paddle.com\/es\/wp-json\/wp\/v2\/product"}],"about":[{"href":"https:\/\/delta-paddle.com\/es\/wp-json\/wp\/v2\/types\/product"}],"replies":[{"embeddable":true,"href":"https:\/\/delta-paddle.com\/es\/wp-json\/wp\/v2\/comments?post=230835"}],"wp:featuredmedia":[{"embeddable":true,"href":"https:\/\/delta-paddle.com\/es\/wp-json\/wp\/v2\/media\/231265"}],"wp:attachment":[{"href":"https:\/\/delta-paddle.com\/es\/wp-json\/wp\/v2\/media?parent=230835"}],"wp:term":[{"taxonomy":"product_cat","embeddable":true,"href":"https:\/\/delta-paddle.com\/es\/wp-json\/wp\/v2\/product_cat?post=230835"},{"taxonomy":"product_tag","embeddable":true,"href":"https:\/\/delta-paddle.com\/es\/wp-json\/wp\/v2\/product_tag?post=230835"}],"curies":[{"name":"wp","href":"https:\/\/api.w.org\/{rel}","templated":true}]}}