{"id":230815,"date":"2024-03-22T14:58:19","date_gmt":"2024-03-22T14:58:19","guid":{"rendered":"https:\/\/delta-paddle.com\/?post_type=product&#038;p=230815"},"modified":"2024-07-05T13:43:56","modified_gmt":"2024-07-05T13:43:56","slug":"pack-sup-delta-102-copie","status":"publish","type":"product","link":"https:\/\/delta-paddle.com\/es\/produit\/pack-sup-delta-102-copie\/","title":{"rendered":"PACK SUP DELTA 10&#8217;2 PREMIUM"},"content":{"rendered":"<p>[et_pb_section fb_built=\u00bb1&#8243; _builder_version=\u00bb4.16&#8243; background_enable_image=\u00bboff\u00bb custom_padding=\u00bb50px||||false|false\u00bb global_colors_info=\u00bb{}\u00bb][et_pb_row column_structure=\u00bb1_2,1_2&#8243; _builder_version=\u00bb4.25.1&#8243; _module_preset=\u00bbdefault\u00bb global_colors_info=\u00bb{}\u00bb][et_pb_column type=\u00bb1_2&#8243; _builder_version=\u00bb4.25.1&#8243; _module_preset=\u00bbdefault\u00bb background_enable_image=\u00bboff\u00bb background_size=\u00bbcontain\u00bb global_colors_info=\u00bb{}\u00bb][et_pb_wc_images _builder_version=\u00bb4.24.2&#8243; _module_preset=\u00bbdefault\u00bb global_colors_info=\u00bb{}\u00bb][\/et_pb_wc_images][\/et_pb_column][et_pb_column type=\u00bb1_2&#8243; _builder_version=\u00bb4.16&#8243; _module_preset=\u00bbdefault\u00bb custom_padding=\u00bb|50px||50px|false|false\u00bb global_colors_info=\u00bb{}\u00bb][et_pb_wc_title _builder_version=\u00bb4.16&#8243; header_text_align=\u00bbleft\u00bb global_colors_info=\u00bb{}\u00bb][\/et_pb_wc_title][et_pb_wc_price disabled_on=\u00bboff|off|off\u00bb _builder_version=\u00bb4.16&#8243; text_orientation=\u00bbleft\u00bb global_colors_info=\u00bb{}\u00bb][\/et_pb_wc_price][et_pb_wc_description _builder_version=\u00bb4.16&#8243; global_colors_info=\u00bb{}\u00bb][\/et_pb_wc_description][et_pb_image src=\u00bbhttp:\/\/delta-paddle.com\/wp-content\/uploads\/ACCESSOIRES-PREMIUM-PACK.png\u00bb title_text=\u00bbACCESSOIRES-PREMIUM PACK\u00bb disabled_on=\u00bboff|off|off\u00bb _builder_version=\u00bb4.25.1&#8243; _module_preset=\u00bbdefault\u00bb global_colors_info=\u00bb{}\u00bb][\/et_pb_image][\/et_pb_column][\/et_pb_row][\/et_pb_section][et_pb_section fb_built=\u00bb1&#8243; _builder_version=\u00bb4.16&#8243; background_enable_image=\u00bboff\u00bb custom_padding=\u00bb0px||||false|false\u00bb global_colors_info=\u00bb{}\u00bb][et_pb_row _builder_version=\u00bb4.16&#8243; background_size=\u00bbinitial\u00bb background_position=\u00bbtop_left\u00bb background_repeat=\u00bbrepeat\u00bb width=\u00bb100%\u00bb global_colors_info=\u00bb{}\u00bb][et_pb_column type=\u00bb4_4&#8243; _builder_version=\u00bb4.16&#8243; custom_padding=\u00bb|||\u00bb global_colors_info=\u00bb{}\u00bb custom_padding__hover=\u00bb|||\u00bb][et_pb_wc_tabs include_tabs=\u00bbdescription|additional_information|\u00bb _builder_version=\u00bb4.25.1&#8243; global_colors_info=\u00bb{}\u00bb]\t\t\t\t\t[\/et_pb_wc_tabs][et_pb_wc_upsells _builder_version=\u00bb4.16&#8243; global_colors_info=\u00bb{}\u00bb][\/et_pb_wc_upsells][et_pb_wc_related_products _builder_version=\u00bb4.16&#8243; global_colors_info=\u00bb{}\u00bb][\/et_pb_wc_related_products][et_pb_wc_breadcrumb _builder_version=\u00bb4.16&#8243; custom_padding_tablet=\u00bb|||25px|false|false\u00bb custom_padding_phone=\u00bb\u00bb custom_padding_last_edited=\u00bbon|phone\u00bb global_colors_info=\u00bb{}\u00bb][\/et_pb_wc_breadcrumb][\/et_pb_column][\/et_pb_row][\/et_pb_section][et_pb_section fb_built=\u00bb1&#8243; disabled_on=\u00bboff|off|off\u00bb _builder_version=\u00bb4.16&#8243; _module_preset=\u00bbdefault\u00bb background_color=\u00bb#1F2638&#8243; global_colors_info=\u00bb{}\u00bb][et_pb_row column_structure=\u00bb1_3,1_3,1_3&#8243; _builder_version=\u00bb4.16&#8243; _module_preset=\u00bbdefault\u00bb background_color=\u00bbRGBA(0,0,0,0)\u00bb width=\u00bb100%\u00bb max_width=\u00bb1920px\u00bb module_alignment=\u00bbcenter\u00bb sticky_position=\u00bbtop_bottom\u00bb scroll_fade=\u00bb0|30|30|100|100%|100|100&#8243; sticky_position_tablet=\u00bb\u00bb sticky_position_phone=\u00bbnone\u00bb sticky_position_last_edited=\u00bbon|phone\u00bb global_colors_info=\u00bb{}\u00bb][et_pb_column type=\u00bb1_3&#8243; _builder_version=\u00bb4.16&#8243; _module_preset=\u00bbdefault\u00bb global_colors_info=\u00bb{}\u00bb][\/et_pb_column][et_pb_column type=\u00bb1_3&#8243; _builder_version=\u00bb4.16&#8243; _module_preset=\u00bbdefault\u00bb global_colors_info=\u00bb{}\u00bb][et_pb_wc_add_to_cart _builder_version=\u00bb4.16&#8243; custom_button=\u00bbon\u00bb button_text_size=\u00bb16px\u00bb button_text_color=\u00bb#ffffff\u00bb button_bg_color=\u00bb#FE0000&#8243; button_border_width=\u00bb0px\u00bb button_border_color=\u00bbRGBA(0,0,0,0)\u00bb button_border_radius=\u00bb50px\u00bb button_letter_spacing=\u00bb2px\u00bb button_font=\u00bbKarla|700||on|||||\u00bb button_use_icon=\u00bboff\u00bb button_custom_padding=\u00bb11px|25px|13px|25px|false|false\u00bb text_orientation=\u00bbcenter\u00bb box_shadow_style_button=\u00bbpreset1&#8243; box_shadow_color_button=\u00bbrgba(254,0,0,0.75)\u00bb global_colors_info=\u00bb{}\u00bb][\/et_pb_wc_add_to_cart][et_pb_wc_cart_notice _builder_version=\u00bb4.16&#8243; custom_button=\u00bbon\u00bb button_text_size=\u00bb16px\u00bb button_text_color=\u00bb#ffffff\u00bb button_bg_color=\u00bb#FE0000&#8243; button_border_color=\u00bbRGBA(0,0,0,0)\u00bb button_border_radius=\u00bb50px\u00bb button_letter_spacing=\u00bb2px\u00bb button_font=\u00bbKarla|700||on|||||\u00bb button_use_icon=\u00bboff\u00bb global_colors_info=\u00bb{}\u00bb][\/et_pb_wc_cart_notice][\/et_pb_column][et_pb_column type=\u00bb1_3&#8243; _builder_version=\u00bb4.16&#8243; _module_preset=\u00bbdefault\u00bb global_colors_info=\u00bb{}\u00bb][\/et_pb_column][\/et_pb_row][\/et_pb_section]<\/p>\n","protected":false},"excerpt":{"rendered":"<p>El Paddle inflable Delta 10&#8217;2 Premium 2024 es un modelo destacado de la gama Allround, que ofrece una adaptabilidad notable a diversos entornos acu\u00e1ticos. Equipado con un n\u00facleo Dropstitch Premium de alta densidad, garantiza rigidez, durabilidad, ligereza y maniobrabilidad, ideal para un adulto de tama\u00f1o medio que busca un SUP vers\u00e1til y reactivo.<\/p>\n<p>El paquete completo del Delta 10&#8217;2 Premium incluye una bolsa de transporte, un remo SUP desmontable en 3 partes, una bomba manual de alta presi\u00f3n, un leash en espiral para seguridad y una funda impermeable para smartphones. Todo est\u00e1 dise\u00f1ado para enriquecer tu experiencia en el agua desde el primer uso.<\/p>\n","protected":false},"featured_media":231210,"comment_status":"open","ping_status":"closed","template":"","meta":{"_et_pb_use_builder":"on","_et_pb_old_content":"El Paddle gonflable Delta 10'2 Premium 2024 es un modelo destacado de nuestra l\u00ednea Allround, dise\u00f1ado para ofrecer una notable adaptabilidad a diversos entornos acu\u00e1ticos. Su dise\u00f1o incorpora un n\u00facleo Dropstitch Premium de alta densidad, una elecci\u00f3n de material de vanguardia que garantiza tanto una rigidez excepcional como una durabilidad sin compromisos. Esta tecnolog\u00eda avanzada permite mantener una ligereza \u00f3ptima y ofrece una maniobrabilidad sin precedentes, haciendo que esta tabla sea ideal para aquellos que buscan un SUP vers\u00e1til y reactivo, perfectamente adaptado para un adulto de tama\u00f1o promedio.\n\nEl Delta 10'2 Premium 2024 se ofrece en un paquete completo, meticulosamente ensamblado para enriquecer tu experiencia en el agua. Este paquete incluye todo lo necesario para empezar de inmediato: una bolsa de transporte adecuada, una pala SUP desmontable en 3 partes que se ajusta a tu tama\u00f1o y t\u00e9cnica de remado, una bomba manual de alta presi\u00f3n para un inflado r\u00e1pido y f\u00e1cil, y un leash enrollado para tu seguridad. A tener en cuenta, el paquete tambi\u00e9n incluye una bolsa impermeable para smartphones, un accesorio pr\u00e1ctico para aquellos que desean mantener sus dispositivos al alcance y protegidos de los elementos, lo que te permite capturar tus momentos en el agua sin preocupaciones.","_et_gb_content_width":"","content-type":"","inline_featured_image":false},"product_cat":[53],"product_tag":[],"class_list":{"0":"post-230815","1":"product","2":"type-product","3":"status-publish","4":"has-post-thumbnail","6":"product_cat-inflatable-paddle-board-es","8":"first","9":"instock","10":"taxable","11":"shipping-taxable","12":"purchasable","13":"product-type-simple"},"_links":{"self":[{"href":"https:\/\/delta-paddle.com\/es\/wp-json\/wp\/v2\/product\/230815","targetHints":{"allow":["GET"]}}],"collection":[{"href":"https:\/\/delta-paddle.com\/es\/wp-json\/wp\/v2\/product"}],"about":[{"href":"https:\/\/delta-paddle.com\/es\/wp-json\/wp\/v2\/types\/product"}],"replies":[{"embeddable":true,"href":"https:\/\/delta-paddle.com\/es\/wp-json\/wp\/v2\/comments?post=230815"}],"wp:featuredmedia":[{"embeddable":true,"href":"https:\/\/delta-paddle.com\/es\/wp-json\/wp\/v2\/media\/231210"}],"wp:attachment":[{"href":"https:\/\/delta-paddle.com\/es\/wp-json\/wp\/v2\/media?parent=230815"}],"wp:term":[{"taxonomy":"product_cat","embeddable":true,"href":"https:\/\/delta-paddle.com\/es\/wp-json\/wp\/v2\/product_cat?post=230815"},{"taxonomy":"product_tag","embeddable":true,"href":"https:\/\/delta-paddle.com\/es\/wp-json\/wp\/v2\/product_tag?post=230815"}],"curies":[{"name":"wp","href":"https:\/\/api.w.org\/{rel}","templated":true}]}}