{"id":230789,"date":"2024-03-22T14:36:28","date_gmt":"2024-03-22T14:36:28","guid":{"rendered":"https:\/\/delta-paddle.com\/?post_type=product&#038;p=230789"},"modified":"2024-07-05T13:57:13","modified_gmt":"2024-07-05T13:57:13","slug":"paquete-sup-delta-10-copie","status":"publish","type":"product","link":"https:\/\/delta-paddle.com\/es\/produit\/paquete-sup-delta-10-copie\/","title":{"rendered":"PACK PADDLE DELTA 10&#8242; PREMIUM"},"content":{"rendered":"<p>[et_pb_section fb_built=\u00bb1&#8243; _builder_version=\u00bb4.16&#8243; background_enable_image=\u00bboff\u00bb custom_padding=\u00bb50px||||false|false\u00bb global_colors_info=\u00bb{}\u00bb][et_pb_row column_structure=\u00bb1_2,1_2&#8243; _builder_version=\u00bb4.25.1&#8243; _module_preset=\u00bbdefault\u00bb hover_enabled=\u00bb0&#8243; global_colors_info=\u00bb{}\u00bb sticky_enabled=\u00bb0&#8243;][et_pb_column type=\u00bb1_2&#8243; _builder_version=\u00bb4.25.1&#8243; _module_preset=\u00bbdefault\u00bb background_enable_image=\u00bboff\u00bb background_size=\u00bbcontain\u00bb global_colors_info=\u00bb{}\u00bb][et_pb_wc_images _builder_version=\u00bb4.24.2&#8243; _module_preset=\u00bbdefault\u00bb global_colors_info=\u00bb{}\u00bb][\/et_pb_wc_images][\/et_pb_column][et_pb_column type=\u00bb1_2&#8243; _builder_version=\u00bb4.16&#8243; _module_preset=\u00bbdefault\u00bb custom_padding=\u00bb|50px||50px|false|false\u00bb global_colors_info=\u00bb{}\u00bb][et_pb_wc_title _builder_version=\u00bb4.16&#8243; header_text_align=\u00bbleft\u00bb global_colors_info=\u00bb{}\u00bb][\/et_pb_wc_title][et_pb_wc_price _builder_version=\u00bb4.16&#8243; text_orientation=\u00bbleft\u00bb global_colors_info=\u00bb{}\u00bb][\/et_pb_wc_price][et_pb_wc_description _builder_version=\u00bb4.16&#8243; global_colors_info=\u00bb{}\u00bb][\/et_pb_wc_description][et_pb_image src=\u00bbhttp:\/\/delta-paddle.com\/wp-content\/uploads\/ACCESSOIRES-PREMIUM-PACK.png\u00bb title_text=\u00bbACCESSOIRES-PREMIUM PACK\u00bb disabled_on=\u00bboff|off|off\u00bb _builder_version=\u00bb4.25.1&#8243; _module_preset=\u00bbdefault\u00bb global_colors_info=\u00bb{}\u00bb][\/et_pb_image][\/et_pb_column][\/et_pb_row][\/et_pb_section][et_pb_section fb_built=\u00bb1&#8243; _builder_version=\u00bb4.16&#8243; background_enable_image=\u00bboff\u00bb custom_padding=\u00bb0px||||false|false\u00bb global_colors_info=\u00bb{}\u00bb][et_pb_row _builder_version=\u00bb4.16&#8243; background_size=\u00bbinitial\u00bb background_position=\u00bbtop_left\u00bb background_repeat=\u00bbrepeat\u00bb width=\u00bb100%\u00bb global_colors_info=\u00bb{}\u00bb][et_pb_column type=\u00bb4_4&#8243; _builder_version=\u00bb4.16&#8243; custom_padding=\u00bb|||\u00bb global_colors_info=\u00bb{}\u00bb custom_padding__hover=\u00bb|||\u00bb][et_pb_wc_tabs _builder_version=\u00bb4.25.1&#8243; hover_enabled=\u00bb0&#8243; global_colors_info=\u00bb{}\u00bb include_tabs=\u00bbdescription|additional_information|\u00bb sticky_enabled=\u00bb0&#8243;]\t\t\t\t\t[\/et_pb_wc_tabs][et_pb_wc_upsells _builder_version=\u00bb4.16&#8243; global_colors_info=\u00bb{}\u00bb][\/et_pb_wc_upsells][et_pb_wc_related_products _builder_version=\u00bb4.16&#8243; global_colors_info=\u00bb{}\u00bb][\/et_pb_wc_related_products][et_pb_wc_breadcrumb _builder_version=\u00bb4.16&#8243; custom_padding_tablet=\u00bb|||25px|false|false\u00bb custom_padding_phone=\u00bb\u00bb custom_padding_last_edited=\u00bbon|phone\u00bb global_colors_info=\u00bb{}\u00bb][\/et_pb_wc_breadcrumb][\/et_pb_column][\/et_pb_row][\/et_pb_section][et_pb_section fb_built=\u00bb1&#8243; disabled_on=\u00bboff|off|off\u00bb _builder_version=\u00bb4.16&#8243; _module_preset=\u00bbdefault\u00bb background_color=\u00bb#1F2638&#8243; global_colors_info=\u00bb{}\u00bb][et_pb_row column_structure=\u00bb1_3,1_3,1_3&#8243; _builder_version=\u00bb4.16&#8243; _module_preset=\u00bbdefault\u00bb background_color=\u00bbRGBA(0,0,0,0)\u00bb width=\u00bb100%\u00bb max_width=\u00bb1920px\u00bb module_alignment=\u00bbcenter\u00bb sticky_position=\u00bbtop_bottom\u00bb scroll_fade=\u00bb0|30|30|100|100%|100|100&#8243; sticky_position_tablet=\u00bb\u00bb sticky_position_phone=\u00bbnone\u00bb sticky_position_last_edited=\u00bbon|phone\u00bb global_colors_info=\u00bb{}\u00bb][et_pb_column type=\u00bb1_3&#8243; _builder_version=\u00bb4.16&#8243; _module_preset=\u00bbdefault\u00bb global_colors_info=\u00bb{}\u00bb][\/et_pb_column][et_pb_column type=\u00bb1_3&#8243; _builder_version=\u00bb4.16&#8243; _module_preset=\u00bbdefault\u00bb global_colors_info=\u00bb{}\u00bb][et_pb_wc_add_to_cart _builder_version=\u00bb4.16&#8243; custom_button=\u00bbon\u00bb button_text_size=\u00bb16px\u00bb button_text_color=\u00bb#ffffff\u00bb button_bg_color=\u00bb#FE0000&#8243; button_border_width=\u00bb0px\u00bb button_border_color=\u00bbRGBA(0,0,0,0)\u00bb button_border_radius=\u00bb50px\u00bb button_letter_spacing=\u00bb2px\u00bb button_font=\u00bbKarla|700||on|||||\u00bb button_use_icon=\u00bboff\u00bb button_custom_padding=\u00bb11px|25px|13px|25px|false|false\u00bb text_orientation=\u00bbcenter\u00bb box_shadow_style_button=\u00bbpreset1&#8243; box_shadow_color_button=\u00bbrgba(254,0,0,0.75)\u00bb global_colors_info=\u00bb{}\u00bb][\/et_pb_wc_add_to_cart][et_pb_wc_cart_notice _builder_version=\u00bb4.16&#8243; custom_button=\u00bbon\u00bb button_text_size=\u00bb16px\u00bb button_text_color=\u00bb#ffffff\u00bb button_bg_color=\u00bb#FE0000&#8243; button_border_color=\u00bbRGBA(0,0,0,0)\u00bb button_border_radius=\u00bb50px\u00bb button_letter_spacing=\u00bb2px\u00bb button_font=\u00bbKarla|700||on|||||\u00bb button_use_icon=\u00bboff\u00bb global_colors_info=\u00bb{}\u00bb][\/et_pb_wc_cart_notice][\/et_pb_column][et_pb_column type=\u00bb1_3&#8243; _builder_version=\u00bb4.16&#8243; _module_preset=\u00bbdefault\u00bb global_colors_info=\u00bb{}\u00bb][\/et_pb_column][\/et_pb_row][\/et_pb_section]<\/p>\n","protected":false},"excerpt":{"rendered":"<p>El remo hinchable Delta 10&#8242; Premium 2024 es una evoluci\u00f3n de la gama Allround, ofreciendo una gran versatilidad para una gran variedad de condiciones de agua. Dise\u00f1ada con un n\u00facleo Dropstitch Premium de alta densidad, garantiza rigidez y durabilidad, al tiempo que es ligera y f\u00e1cil de manejar. Ideal para principiantes y familias, este remo viene con un pack completo que incluye una bolsa de transporte, un remo de SUP extra\u00edble, una bomba manual de alta presi\u00f3n, una correa en espiral y una funda impermeable para smartphone. El Delta 10&#8242; Premium 2024 combina confort, seguridad y rendimiento, prometiendo experiencias de navegaci\u00f3n inolvidables.<\/p>\n","protected":false},"featured_media":231205,"comment_status":"open","ping_status":"closed","template":"","meta":{"_et_pb_use_builder":"on","_et_pb_old_content":"El Paddle gonflable Delta 10' Premium 2024 representa la evoluci\u00f3n de nuestra famosa gama Allround, ofreciendo una versatilidad excepcional adaptada a una multitud de condiciones acu\u00e1ticas. Dise\u00f1ado con un compromiso hacia la excelencia, este modelo incorpora un n\u00facleo Dropstitch Premium de alta densidad, que garantiza una rigidez y durabilidad superiores. Esta mejora t\u00e9cnica permite un uso optimizado, ya sea para una primera compra o para disfrutar de momentos en familia, haciendo que esta tabla sea m\u00e1s ligera y manejable que nunca.\n\nEl Delta 10' Premium 2024 viene acompa\u00f1ado de un paquete completo, pensado para enriquecer tu experiencia desde el primer uso. Este paquete incluye una bolsa de transporte adecuada para desplazamientos y almacenamiento, una pala SUP desmontable en tres partes dise\u00f1ada para adaptarse a diferentes tallas y preferencias de remado, una bomba manual de alta presi\u00f3n que facilita un inflado r\u00e1pido y sin esfuerzo, y un leash enrollado para garantizar tu seguridad en el agua. De plus, le pack est enrichi d'une pochette \u00e9tanche pour smartphones, un accessoire essentiel pour prot\u00e9ger vos appareils des \u00e9claboussures tout en vous permettant de capturer des souvenirs sans vous soucier de l'eau.\n\nEl Delta 10' Premium 2024 es tu compa\u00f1ero ideal para explorar las aguas, ya sea para aventuras en solitario o momentos compartidos con tus seres queridos. El remo hinchable Delta 10' Premium 2024 es una evoluci\u00f3n de la gama Allround, ofreciendo una gran versatilidad para una gran variedad de condiciones de agua. Dise\u00f1ada con un n\u00facleo Dropstitch Premium de alta densidad, garantiza rigidez y durabilidad, al tiempo que es ligera y f\u00e1cil de manejar. Ideal para principiantes y familias, este remo viene con un pack completo que incluye una bolsa de transporte, un remo de SUP extra\u00edble, una bomba manual de alta presi\u00f3n, una correa en espiral y una funda impermeable para smartphone. El Delta 10' Premium 2024 combina confort, seguridad y rendimiento, prometiendo experiencias de navegaci\u00f3n inolvidables.","_et_gb_content_width":"","content-type":"","inline_featured_image":false},"product_cat":[53,49],"product_tag":[],"class_list":{"0":"post-230789","1":"product","2":"type-product","3":"status-publish","4":"has-post-thumbnail","6":"product_cat-inflatable-paddle-board-es","7":"product_cat-todos-los-productos","9":"first","10":"instock","11":"taxable","12":"shipping-taxable","13":"purchasable","14":"product-type-simple"},"_links":{"self":[{"href":"https:\/\/delta-paddle.com\/es\/wp-json\/wp\/v2\/product\/230789","targetHints":{"allow":["GET"]}}],"collection":[{"href":"https:\/\/delta-paddle.com\/es\/wp-json\/wp\/v2\/product"}],"about":[{"href":"https:\/\/delta-paddle.com\/es\/wp-json\/wp\/v2\/types\/product"}],"replies":[{"embeddable":true,"href":"https:\/\/delta-paddle.com\/es\/wp-json\/wp\/v2\/comments?post=230789"}],"wp:featuredmedia":[{"embeddable":true,"href":"https:\/\/delta-paddle.com\/es\/wp-json\/wp\/v2\/media\/231205"}],"wp:attachment":[{"href":"https:\/\/delta-paddle.com\/es\/wp-json\/wp\/v2\/media?parent=230789"}],"wp:term":[{"taxonomy":"product_cat","embeddable":true,"href":"https:\/\/delta-paddle.com\/es\/wp-json\/wp\/v2\/product_cat?post=230789"},{"taxonomy":"product_tag","embeddable":true,"href":"https:\/\/delta-paddle.com\/es\/wp-json\/wp\/v2\/product_tag?post=230789"}],"curies":[{"name":"wp","href":"https:\/\/api.w.org\/{rel}","templated":true}]}}