{"id":230559,"date":"2021-02-16T17:13:15","date_gmt":"2021-02-16T17:13:15","guid":{"rendered":"https:\/\/delta-paddle.com\/home"},"modified":"2025-04-22T09:10:51","modified_gmt":"2025-04-22T09:10:51","slug":"home","status":"publish","type":"page","link":"https:\/\/delta-paddle.com\/es\/","title":{"rendered":"HOME"},"content":{"rendered":"<p>[et_pb_section fb_built=\u00bb1&#8243; disabled_on=\u00bbon|on|off\u00bb _builder_version=\u00bb4.20.4&#8243; _module_preset=\u00bbdefault\u00bb background_color=\u00bb#262F44&#8243; z_index=\u00bb1&#8243; custom_padding=\u00bb0px||||false|false\u00bb global_colors_info=\u00bb{}\u00bb][et_pb_row column_structure=\u00bb1_5,1_5,1_5,1_5,1_5&#8243; disabled_on=\u00bboff|off|off\u00bb _builder_version=\u00bb4.24.2&#8243; _module_preset=\u00bbdefault\u00bb global_colors_info=\u00bb{}\u00bb][et_pb_column type=\u00bb1_5&#8243; disabled_on=\u00bboff|off|off\u00bb _builder_version=\u00bb4.16&#8243; _module_preset=\u00bbdefault\u00bb scroll_horizontal_motion=\u00bb0|55|55|100|0|3.3|-5.5&#8243; global_colors_info=\u00bb{}\u00bb][et_pb_image src=\u00bbhttp:\/\/delta-paddle.com\/wp-content\/uploads\/\/LOGO-DELTA-VERTICAL.svg\u00bb title_text=\u00bbLOGO-DELTA-VERTICAL\u00bb url=\u00bbhttp:\/\/delta-paddle.com\/es\/\u00bb _builder_version=\u00bb4.16&#8243; _module_preset=\u00bbdefault\u00bb max_height=\u00bb390px\u00bb global_colors_info=\u00bb{}\u00bb][\/et_pb_image][\/et_pb_column][et_pb_column type=\u00bb1_5&#8243; _builder_version=\u00bb4.24.2&#8243; _module_preset=\u00bbdefault\u00bb scroll_fade_enable=\u00bbon\u00bb scroll_fade=\u00bb0|65|65|100|100%|100%|0%\u00bb global_colors_info=\u00bb{}\u00bb][et_pb_image src=\u00bbhttp:\/\/delta-paddle.com\/wp-content\/uploads\/DELTA-10-CABESTO-FRONT-BACK-SHAD.png\u00bb alt=\u00bbDELTA-10-CABESTO-FRONT-BACK-SHAD\u00bb title_text=\u00bbDELTA-10-CABESTO-FRONT-BACK-SHAD\u00bb url=\u00bbhttps:\/\/delta-paddle.com\/produit\/pack-paddle-delta-10-summer-premium\/\u00bb align=\u00bbcenter\u00bb _builder_version=\u00bb4.24.2&#8243; _module_preset=\u00bbdefault\u00bb module_alignment=\u00bbcenter\u00bb max_height=\u00bb600px\u00bb custom_padding=\u00bb50px||||false|false\u00bb global_colors_info=\u00bb{}\u00bb][\/et_pb_image][et_pb_text _builder_version=\u00bb4.24.2&#8243; _module_preset=\u00bbdefault\u00bb header_4_text_align=\u00bbcenter\u00bb animation_style=\u00bbfade\u00bb link_option_url=\u00bbhttps:\/\/delta-paddle.com\/produit\/pack-paddle-delta-10-summer-premium\/\u00bb global_colors_info=\u00bb{}\u00bb]<\/p>\n<h4>10&#8242; Summer<\/h4>\n<p><img decoding=\"async\" src=\"http:\/\/delta-paddle.com\/wp-content\/uploads\/SELECTEUR-CENTRE.svg\" alt=\"Selecteur Stand Up Paddle Board Delta 10'\"><\/p>\n<h4>Premium<\/h4>\n<p>[\/et_pb_text][\/et_pb_column][et_pb_column type=\u00bb1_5&#8243; _builder_version=\u00bb4.24.2&#8243; _module_preset=\u00bbdefault\u00bb scroll_fade_enable=\u00bbon\u00bb scroll_fade=\u00bb0|65|65|100|100%|100%|0%\u00bb global_colors_info=\u00bb{}\u00bb][et_pb_image src=\u00bbhttp:\/\/delta-paddle.com\/wp-content\/uploads\/SUP-GONFLABLE-DELTA-10-GAMME-OK.png\u00bb title_text=\u00bbSUP-GONFLABLE-DELTA-10-GAMME-OK\u00bb url=\u00bbhttps:\/\/delta-paddle.com\/produit\/pack-paddle-delta-10-premium\/\u00bb align=\u00bbcenter\u00bb _builder_version=\u00bb4.24.2&#8243; _module_preset=\u00bbdefault\u00bb module_alignment=\u00bbcenter\u00bb max_height=\u00bb600px\u00bb custom_padding=\u00bb50px||||false|false\u00bb global_colors_info=\u00bb{}\u00bb][\/et_pb_image][et_pb_text _builder_version=\u00bb4.24.2&#8243; _module_preset=\u00bbdefault\u00bb header_4_text_align=\u00bbcenter\u00bb animation_style=\u00bbfade\u00bb link_option_url=\u00bbhttps:\/\/delta-paddle.com\/produit\/pack-paddle-delta-10-premium\/\u00bb global_colors_info=\u00bb{}\u00bb]<\/p>\n<h4>10&#8242;<\/h4>\n<p><img decoding=\"async\" src=\"http:\/\/delta-paddle.com\/wp-content\/uploads\/SELECTEUR-CENTRE.svg\" alt=\"Selecteur Stand Up Paddle Board Delta 10'\"><\/p>\n<h4>Premium<\/h4>\n<p>[\/et_pb_text][\/et_pb_column][et_pb_column type=\u00bb1_5&#8243; _builder_version=\u00bb4.16&#8243; _module_preset=\u00bbdefault\u00bb scroll_fade_enable=\u00bbon\u00bb scroll_fade=\u00bb0|65|65|100|100%|100%|0%\u00bb global_colors_info=\u00bb{}\u00bb][et_pb_image src=\u00bbhttp:\/\/delta-paddle.com\/wp-content\/uploads\/SUP-GONFLABLE-DELTA-102-GAMME.png\u00bb title_text=\u00bbSUP-GONFLABLE-DELTA-10&#039;2-GAMME\u00bb url=\u00bbhttps:\/\/delta-paddle.com\/produit\/pack-paddle-delta-102-premium\/\u00bb align=\u00bbcenter\u00bb _builder_version=\u00bb4.24.2&#8243; _module_preset=\u00bbdefault\u00bb module_alignment=\u00bbcenter\u00bb max_height=\u00bb600px\u00bb custom_padding=\u00bb50px||||false|false\u00bb global_colors_info=\u00bb{}\u00bb][\/et_pb_image][et_pb_text _builder_version=\u00bb4.24.2&#8243; _module_preset=\u00bbdefault\u00bb header_4_text_align=\u00bbcenter\u00bb link_option_url=\u00bbhttps:\/\/delta-paddle.com\/produit\/pack-paddle-delta-102-premium\/\u00bb global_colors_info=\u00bb{}\u00bb]<\/p>\n<h4>10&#8217;2<\/h4>\n<p><img decoding=\"async\" src=\"http:\/\/delta-paddle.com\/wp-content\/uploads\/SELECTEUR-CENTRE.svg\" alt=\"Selecteur Stand Up Paddle Board Delta 10'2\"><\/p>\n<h4>Premium<\/h4>\n<p>[\/et_pb_text][\/et_pb_column][et_pb_column type=\u00bb1_5&#8243; _builder_version=\u00bb4.16&#8243; _module_preset=\u00bbdefault\u00bb scroll_fade_enable=\u00bbon\u00bb scroll_fade=\u00bb0|65|65|100|100%|100|0%\u00bb global_colors_info=\u00bb{}\u00bb][et_pb_image src=\u00bbhttp:\/\/delta-paddle.com\/wp-content\/uploads\/SUP-GONFLABLE-DELTA-108-GAMME.png\u00bb title_text=\u00bbSUP-GONFLABLE-DELTA-10&#039;8-GAMME\u00bb url=\u00bbhttps:\/\/delta-paddle.com\/produit\/pack-paddle-delta-108-premium\/\u00bb align=\u00bbcenter\u00bb _builder_version=\u00bb4.24.2&#8243; _module_preset=\u00bbdefault\u00bb module_alignment=\u00bbcenter\u00bb max_height=\u00bb600px\u00bb custom_padding=\u00bb50px||||false|false\u00bb global_colors_info=\u00bb{}\u00bb][\/et_pb_image][et_pb_text _builder_version=\u00bb4.24.2&#8243; _module_preset=\u00bbdefault\u00bb header_4_text_align=\u00bbcenter\u00bb link_option_url=\u00bbhttps:\/\/delta-paddle.com\/produit\/pack-paddle-delta-108-premium\/\u00bb global_colors_info=\u00bb{}\u00bb]<\/p>\n<h4>10&#8217;8<\/h4>\n<p><img decoding=\"async\" src=\"http:\/\/delta-paddle.com\/wp-content\/uploads\/SELECTEUR-CENTRE.svg\" alt=\"Selecteur Stand Up Paddle Board Delta 10'8\"><\/p>\n<h4>Premium<\/h4>\n<p>[\/et_pb_text][\/et_pb_column][\/et_pb_row][\/et_pb_section][et_pb_section fb_built=\u00bb1&#8243; disabled_on=\u00bboff|off|off\u00bb _builder_version=\u00bb4.16&#8243; _module_preset=\u00bbdefault\u00bb background_color=\u00bb#1F2638&#8243; global_colors_info=\u00bb{}\u00bb][et_pb_row column_structure=\u00bb1_2,1_2&#8243; make_equal=\u00bbon\u00bb module_id=\u00bbpack-paddle-delta-10_8-premium\u00bb _builder_version=\u00bb4.27.0&#8243; _module_preset=\u00bbdefault\u00bb global_colors_info=\u00bb{}\u00bb][et_pb_column type=\u00bb1_2&#8243; _builder_version=\u00bb4.16&#8243; _module_preset=\u00bbdefault\u00bb global_colors_info=\u00bb{}\u00bb][et_pb_gallery gallery_ids=\u00bb231413,231398,231378,231403,231474,231484,231469,231459,231464,231454,231434,231444,231388,231439,231353,231479,231429,231424,231408,231419,231393,231383,231373,231358&#8243; fullwidth=\u00bbon\u00bb _builder_version=\u00bb4.27.0&#8243; _module_preset=\u00bbdefault\u00bb custom_margin=\u00bb||-35px|||\u00bb custom_padding=\u00bb||0px|||\u00bb hover_enabled=\u00bb0&#8243; global_colors_info=\u00bb{}\u00bb transform_scale=\u00bb80%|80%\u00bb sticky_enabled=\u00bb0&#8243;][\/et_pb_gallery][\/et_pb_column][et_pb_column type=\u00bb1_2&#8243; _builder_version=\u00bb4.16&#8243; _module_preset=\u00bbdefault\u00bb global_colors_info=\u00bb{}\u00bb][et_pb_video src=\u00bbhttps:\/\/youtu.be\/KLu5Sq8o758?si=XVcNrgnhfQYN3ugs\u00bb _builder_version=\u00bb4.27.0&#8243; _module_preset=\u00bbdefault\u00bb hover_enabled=\u00bb0&#8243; global_colors_info=\u00bb{}\u00bb sticky_enabled=\u00bb0&#8243; custom_padding=\u00bb100px|||||\u00bb][\/et_pb_video][\/et_pb_column][\/et_pb_row][\/et_pb_section][et_pb_section fb_built=\u00bb1&#8243; disabled_on=\u00bbon|on|on\u00bb _builder_version=\u00bb4.16&#8243; _module_preset=\u00bbdefault\u00bb background_color=\u00bb#1F2638&#8243; disabled=\u00bbon\u00bb global_colors_info=\u00bb{}\u00bb][et_pb_row column_structure=\u00bb1_3,1_3,1_3&#8243; make_equal=\u00bbon\u00bb module_id=\u00bbpack-paddle-delta-10_8-premium\u00bb _builder_version=\u00bb4.24.2&#8243; _module_preset=\u00bbdefault\u00bb global_colors_info=\u00bb{}\u00bb][et_pb_column type=\u00bb1_3&#8243; _builder_version=\u00bb4.16&#8243; _module_preset=\u00bbdefault\u00bb global_colors_info=\u00bb{}\u00bb][et_pb_text admin_label=\u00bbTITRE TECHNIQUE\u00bb _builder_version=\u00bb4.16&#8243; _module_preset=\u00bbdefault\u00bb header_4_text_align=\u00bbcenter\u00bb global_colors_info=\u00bb{}\u00bb]<\/p>\n<h4><span>DETALLES<\/span> T\u00c9CNICOS<\/h4>\n<p>[\/et_pb_text][et_pb_image src=\u00bbhttp:\/\/delta-paddle.com\/wp-content\/uploads\/\/DETAILS-TECHNIQUES-PADDLE-GONFLABLE-DELTA-108.svg\u00bb title_text=\u00bbDETAILS TECHNIQUES PADDLE GONFLABLE DELTA 10&#039;8&#8243; align=\u00bbcenter\u00bb _builder_version=\u00bb4.16&#8243; _module_preset=\u00bbdefault\u00bb module_alignment=\u00bbcenter\u00bb max_height=\u00bb625px\u00bb global_colors_info=\u00bb{}\u00bb][\/et_pb_image][\/et_pb_column][et_pb_column type=\u00bb1_3&#8243; _builder_version=\u00bb4.16&#8243; _module_preset=\u00bbdefault\u00bb global_colors_info=\u00bb{}\u00bb][et_pb_image src=\u00bbhttp:\/\/delta-paddle.com\/wp-content\/uploads\/SUP-GONFLABLE-DELTA-108-GAMME.png\u00bb title_text=\u00bbSUP-GONFLABLE-DELTA-10&#039;8-GAMME\u00bb url=\u00bbhttps:\/\/delta-paddle.com\/es\/produit\/paquete-sup-delta-108\/\u00bb align=\u00bbcenter\u00bb _builder_version=\u00bb4.20.4&#8243; _module_preset=\u00bbdefault\u00bb module_alignment=\u00bbcenter\u00bb max_height=\u00bb600px\u00bb scroll_scaling_enable=\u00bbon\u00bb scroll_scaling=\u00bb0|25|75|100|90%|100|90%\u00bb global_colors_info=\u00bb{}\u00bb][\/et_pb_image][et_pb_text admin_label=\u00bbSELECTEUR\u00bb _builder_version=\u00bb4.16&#8243; _module_preset=\u00bbdefault\u00bb header_4_text_align=\u00bbcenter\u00bb width=\u00bb100%\u00bb max_width=\u00bb65%\u00bb module_alignment=\u00bbcenter\u00bb link_option_url=\u00bbhttp:\/\/delta-paddle.com\/#paddble-gonflable-delta-10_2&#8243; global_colors_info=\u00bb{}\u00bb]<\/p>\n<h4>10&#8217;8<\/h4>\n<p><img decoding=\"async\" src=\"http:\/\/delta-paddle.com\/wp-content\/uploads\/SELECTEUR-DELTA_PADDLE-1_3.svg\" alt=\"Selecteur Stand Up Paddle Board Delta 10'8\">[\/et_pb_text][et_pb_wc_price product=\u00bb230025&#8243; _builder_version=\u00bb4.22.1&#8243; _module_preset=\u00bbdefault\u00bb text_orientation=\u00bbcenter\u00bb module_alignment=\u00bbcenter\u00bb custom_margin=\u00bb||||false|false\u00bb custom_padding=\u00bb||||false|false\u00bb global_colors_info=\u00bb{}\u00bb][\/et_pb_wc_price][\/et_pb_column][et_pb_column type=\u00bb1_3&#8243; _builder_version=\u00bb4.16&#8243; _module_preset=\u00bbdefault\u00bb global_colors_info=\u00bb{}\u00bb][et_pb_text admin_label=\u00bbTITRE ACCESSOIRES\u00bb _builder_version=\u00bb4.16&#8243; _module_preset=\u00bbdefault\u00bb header_4_text_align=\u00bbcenter\u00bb global_colors_info=\u00bb{}\u00bb]<\/p>\n<h4><span>ACCESORIOS<\/span> INCLUIDOS<\/h4>\n<p>[\/et_pb_text][et_pb_image src=\u00bbhttp:\/\/delta-paddle.com\/wp-content\/uploads\/ACCESSOIRES-INCLUS-PADDLE-GONFLABLE-DELTA.png\u00bb title_text=\u00bbACCESSOIRES INCLUS PADDLE GONFLABLE DELTA\u00bb align=\u00bbcenter\u00bb _builder_version=\u00bb4.16&#8243; _module_preset=\u00bbdefault\u00bb module_alignment=\u00bbcenter\u00bb max_height=\u00bb625px\u00bb global_colors_info=\u00bb{}\u00bb][\/et_pb_image][\/et_pb_column][\/et_pb_row][\/et_pb_section][et_pb_section fb_built=\u00bb1&#8243; disabled_on=\u00bbon|on|on\u00bb _builder_version=\u00bb4.16&#8243; _module_preset=\u00bbdefault\u00bb background_color=\u00bb#1F2638&#8243; disabled=\u00bbon\u00bb global_colors_info=\u00bb{}\u00bb][et_pb_row column_structure=\u00bb1_3,1_3,1_3&#8243; module_id=\u00bbpack-paddle-delta-10_2-premium\u00bb _builder_version=\u00bb4.24.2&#8243; _module_preset=\u00bbdefault\u00bb global_colors_info=\u00bb{}\u00bb][et_pb_column type=\u00bb1_3&#8243; _builder_version=\u00bb4.16&#8243; _module_preset=\u00bbdefault\u00bb global_colors_info=\u00bb{}\u00bb][et_pb_text admin_label=\u00bbTITRE TECHNIQUE\u00bb _builder_version=\u00bb4.16&#8243; _module_preset=\u00bbdefault\u00bb header_4_text_align=\u00bbcenter\u00bb global_colors_info=\u00bb{}\u00bb]<\/p>\n<h4><span>DETALLES<\/span> T\u00c9CNICOS<\/h4>\n<p>[\/et_pb_text][et_pb_image src=\u00bbhttp:\/\/delta-paddle.com\/wp-content\/uploads\/\/DETAILS-TECHNIQUES-PADDLE-GONFLABLE-DELTA-102.svg\u00bb title_text=\u00bbDETAILS TECHNIQUES PADDLE GONFLABLE DELTA 10&#039;2&#8243; align=\u00bbcenter\u00bb _builder_version=\u00bb4.16&#8243; _module_preset=\u00bbdefault\u00bb module_alignment=\u00bbcenter\u00bb max_height=\u00bb625px\u00bb global_colors_info=\u00bb{}\u00bb][\/et_pb_image][\/et_pb_column][et_pb_column type=\u00bb1_3&#8243; _builder_version=\u00bb4.16&#8243; _module_preset=\u00bbdefault\u00bb global_colors_info=\u00bb{}\u00bb][et_pb_image src=\u00bbhttp:\/\/delta-paddle.com\/wp-content\/uploads\/SUP-GONFLABLE-DELTA-102-GAMME.png\u00bb title_text=\u00bbSUP-GONFLABLE-DELTA-10&#039;2-GAMME\u00bb url=\u00bbhttps:\/\/delta-paddle.com\/es\/produit\/pack-sup-delta-102\/\u00bb align=\u00bbcenter\u00bb _builder_version=\u00bb4.20.4&#8243; _module_preset=\u00bbdefault\u00bb module_alignment=\u00bbcenter\u00bb max_height=\u00bb600px\u00bb scroll_scaling_enable=\u00bbon\u00bb scroll_scaling=\u00bb0|25|75|100|90%|100|90%\u00bb global_colors_info=\u00bb{}\u00bb][\/et_pb_image][et_pb_text admin_label=\u00bbSELECTEUR\u00bb _builder_version=\u00bb4.16&#8243; _module_preset=\u00bbdefault\u00bb header_4_text_align=\u00bbcenter\u00bb width=\u00bb100%\u00bb max_width=\u00bb65%\u00bb module_alignment=\u00bbcenter\u00bb link_option_url=\u00bbhttp:\/\/delta-paddle.com\/#paddble-gonflable-delta-10&#8243; global_colors_info=\u00bb{}\u00bb]<\/p>\n<h4>10&#8217;2<\/h4>\n<p><img decoding=\"async\" src=\"http:\/\/delta-paddle.com\/wp-content\/uploads\/SELECTEUR-DELTA_PADDLE-2_3.svg\" alt=\"Selecteur Stand Up Paddle Board Delta 10'2\">[\/et_pb_text][et_pb_wc_price product=\u00bb230023&#8243; _builder_version=\u00bb4.22.1&#8243; _module_preset=\u00bbdefault\u00bb text_orientation=\u00bbcenter\u00bb module_alignment=\u00bbcenter\u00bb custom_margin=\u00bb||||false|false\u00bb custom_padding=\u00bb||||false|false\u00bb global_colors_info=\u00bb{}\u00bb][\/et_pb_wc_price][\/et_pb_column][et_pb_column type=\u00bb1_3&#8243; _builder_version=\u00bb4.16&#8243; _module_preset=\u00bbdefault\u00bb global_colors_info=\u00bb{}\u00bb][et_pb_text admin_label=\u00bbTITRE ACCESSOIRES\u00bb _builder_version=\u00bb4.16&#8243; _module_preset=\u00bbdefault\u00bb header_4_text_align=\u00bbcenter\u00bb global_colors_info=\u00bb{}\u00bb]<\/p>\n<h4><span>ACCESORIOS<\/span> INCLUIDOS<\/h4>\n<p>[\/et_pb_text][et_pb_image src=\u00bbhttp:\/\/delta-paddle.com\/wp-content\/uploads\/ACCESSOIRES-INCLUS-PADDLE-GONFLABLE-DELTA.png\u00bb title_text=\u00bbACCESSOIRES INCLUS PADDLE GONFLABLE DELTA\u00bb align=\u00bbcenter\u00bb _builder_version=\u00bb4.16&#8243; _module_preset=\u00bbdefault\u00bb module_alignment=\u00bbcenter\u00bb max_height=\u00bb625px\u00bb global_colors_info=\u00bb{}\u00bb][\/et_pb_image][\/et_pb_column][\/et_pb_row][\/et_pb_section][et_pb_section fb_built=\u00bb1&#8243; disabled_on=\u00bbon|on|on\u00bb _builder_version=\u00bb4.16&#8243; _module_preset=\u00bbdefault\u00bb background_color=\u00bb#1F2638&#8243; disabled=\u00bbon\u00bb global_colors_info=\u00bb{}\u00bb][et_pb_row column_structure=\u00bb1_3,1_3,1_3&#8243; module_id=\u00bbpack-paddle-delta-10_0-premium\u00bb _builder_version=\u00bb4.24.2&#8243; _module_preset=\u00bbdefault\u00bb global_colors_info=\u00bb{}\u00bb][et_pb_column type=\u00bb1_3&#8243; _builder_version=\u00bb4.16&#8243; _module_preset=\u00bbdefault\u00bb global_colors_info=\u00bb{}\u00bb][et_pb_text admin_label=\u00bbTITRE TECHNIQUE\u00bb _builder_version=\u00bb4.16&#8243; _module_preset=\u00bbdefault\u00bb header_4_text_align=\u00bbcenter\u00bb global_colors_info=\u00bb{}\u00bb]<\/p>\n<h4><span>DETALLES<\/span> T\u00c9CNICOS<\/h4>\n<p>[\/et_pb_text][et_pb_image src=\u00bbhttp:\/\/delta-paddle.com\/wp-content\/uploads\/\/DETAILS-TECHNIQUES-PADDLE-GONFLABLE-DELTA-10.svg\u00bb title_text=\u00bbDETAILS TECHNIQUES PADDLE GONFLABLE DELTA 10&#039;\u00bb align=\u00bbcenter\u00bb _builder_version=\u00bb4.16&#8243; _module_preset=\u00bbdefault\u00bb module_alignment=\u00bbcenter\u00bb max_height=\u00bb625px\u00bb global_colors_info=\u00bb{}\u00bb][\/et_pb_image][\/et_pb_column][et_pb_column type=\u00bb1_3&#8243; _builder_version=\u00bb4.16&#8243; _module_preset=\u00bbdefault\u00bb global_colors_info=\u00bb{}\u00bb][et_pb_image src=\u00bbhttp:\/\/delta-paddle.com\/wp-content\/uploads\/SUP-GONFLABLE-DELTA-10-GAMME-OK.png\u00bb title_text=\u00bbSUP-GONFLABLE-DELTA-10-GAMME-OK\u00bb url=\u00bbhttps:\/\/delta-paddle.com\/es\/produit\/paquete-sup-delta-10\/\u00bb align=\u00bbcenter\u00bb admin_label=\u00bbSUP\u00bb _builder_version=\u00bb4.20.4&#8243; _module_preset=\u00bbdefault\u00bb module_alignment=\u00bbcenter\u00bb max_height=\u00bb600px\u00bb scroll_scaling_enable=\u00bbon\u00bb scroll_scaling=\u00bb0|25|75|100|90%|100|90%\u00bb global_colors_info=\u00bb{}\u00bb][\/et_pb_image][et_pb_text admin_label=\u00bbSELECTEUR\u00bb _builder_version=\u00bb4.16&#8243; _module_preset=\u00bbdefault\u00bb header_4_text_align=\u00bbcenter\u00bb width=\u00bb100%\u00bb max_width=\u00bb65%\u00bb module_alignment=\u00bbcenter\u00bb link_option_url=\u00bbhttp:\/\/delta-paddle.com\/#paddble-gonflable-delta-10_8&#8243; global_colors_info=\u00bb{}\u00bb]<\/p>\n<h4>10&#8242;<\/h4>\n<p><img decoding=\"async\" src=\"http:\/\/delta-paddle.com\/wp-content\/uploads\/SELECTEUR-DELTA_PADDLE-3_3.svg\" alt=\"Selecteur Stand Up Paddle Board Delta 10'\">[\/et_pb_text][et_pb_wc_price product=\u00bb230785&#8243; _builder_version=\u00bb4.24.2&#8243; _module_preset=\u00bbdefault\u00bb text_orientation=\u00bbcenter\u00bb module_alignment=\u00bbcenter\u00bb custom_margin=\u00bb||||false|false\u00bb custom_padding=\u00bb||||false|false\u00bb global_colors_info=\u00bb{}\u00bb][\/et_pb_wc_price][\/et_pb_column][et_pb_column type=\u00bb1_3&#8243; _builder_version=\u00bb4.16&#8243; _module_preset=\u00bbdefault\u00bb global_colors_info=\u00bb{}\u00bb][et_pb_text admin_label=\u00bbTITRE ACCESSOIRES\u00bb _builder_version=\u00bb4.16&#8243; _module_preset=\u00bbdefault\u00bb header_4_text_align=\u00bbcenter\u00bb global_colors_info=\u00bb{}\u00bb]<\/p>\n<h4><span>ACCESORIOS<\/span> INCLUIDOS<\/h4>\n<p>[\/et_pb_text][et_pb_image src=\u00bbhttp:\/\/delta-paddle.com\/wp-content\/uploads\/ACCESSOIRES-INCLUS-PADDLE-GONFLABLE-DELTA.png\u00bb title_text=\u00bbACCESSOIRES INCLUS PADDLE GONFLABLE DELTA\u00bb align=\u00bbcenter\u00bb _builder_version=\u00bb4.16&#8243; _module_preset=\u00bbdefault\u00bb module_alignment=\u00bbcenter\u00bb max_height=\u00bb625px\u00bb global_colors_info=\u00bb{}\u00bb][\/et_pb_image][\/et_pb_column][\/et_pb_row][\/et_pb_section][et_pb_section fb_built=\u00bb1&#8243; disabled_on=\u00bbon|on|on\u00bb _builder_version=\u00bb4.16&#8243; _module_preset=\u00bbdefault\u00bb background_color=\u00bb#1F2638&#8243; disabled=\u00bbon\u00bb global_colors_info=\u00bb{}\u00bb][et_pb_row column_structure=\u00bb1_3,1_3,1_3&#8243; module_id=\u00bbpack-paddle-delta-10_0-summer-premium\u00bb _builder_version=\u00bb4.24.2&#8243; _module_preset=\u00bbdefault\u00bb global_colors_info=\u00bb{}\u00bb][et_pb_column type=\u00bb1_3&#8243; _builder_version=\u00bb4.16&#8243; _module_preset=\u00bbdefault\u00bb global_colors_info=\u00bb{}\u00bb][et_pb_text admin_label=\u00bbTITRE TECHNIQUE\u00bb _builder_version=\u00bb4.16&#8243; _module_preset=\u00bbdefault\u00bb header_4_text_align=\u00bbcenter\u00bb global_colors_info=\u00bb{}\u00bb]<\/p>\n<h4><span>DETALLES<\/span> T\u00c9CNICOS<\/h4>\n<p>[\/et_pb_text][et_pb_image src=\u00bbhttp:\/\/delta-paddle.com\/wp-content\/uploads\/\/DETAILS-TECHNIQUES-PADDLE-GONFLABLE-DELTA-10.svg\u00bb title_text=\u00bbDETAILS TECHNIQUES PADDLE GONFLABLE DELTA 10&#039;\u00bb align=\u00bbcenter\u00bb _builder_version=\u00bb4.16&#8243; _module_preset=\u00bbdefault\u00bb module_alignment=\u00bbcenter\u00bb max_height=\u00bb625px\u00bb global_colors_info=\u00bb{}\u00bb][\/et_pb_image][\/et_pb_column][et_pb_column type=\u00bb1_3&#8243; _builder_version=\u00bb4.16&#8243; _module_preset=\u00bbdefault\u00bb global_colors_info=\u00bb{}\u00bb][et_pb_image src=\u00bbhttp:\/\/delta-paddle.com\/wp-content\/uploads\/DELTA-10-CABESTO-FRONT-BACK-SHAD.png\u00bb alt=\u00bbDELTA-10-CABESTO-FRONT-BACK-SHAD\u00bb title_text=\u00bbDELTA-10-CABESTO-FRONT-BACK-SHAD\u00bb url=\u00bbhttps:\/\/delta-paddle.com\/es\/produit\/pack-sup-delta-10-summer\/\u00bb align=\u00bbcenter\u00bb admin_label=\u00bbSUP\u00bb _builder_version=\u00bb4.20.4&#8243; _module_preset=\u00bbdefault\u00bb module_alignment=\u00bbcenter\u00bb max_height=\u00bb600px\u00bb scroll_scaling_enable=\u00bbon\u00bb scroll_scaling=\u00bb0|25|75|100|90%|100|90%\u00bb global_colors_info=\u00bb{}\u00bb][\/et_pb_image][et_pb_text admin_label=\u00bbSELECTEUR\u00bb _builder_version=\u00bb4.20.4&#8243; _module_preset=\u00bbdefault\u00bb header_4_text_align=\u00bbcenter\u00bb width=\u00bb100%\u00bb max_width=\u00bb65%\u00bb module_alignment=\u00bbcenter\u00bb link_option_url=\u00bbhttp:\/\/delta-paddle.com\/#paddble-gonflable-delta-10_8&#8243; global_colors_info=\u00bb{}\u00bb]<\/p>\n<h4>10&#8242;<\/h4>\n<p><img decoding=\"async\" src=\"http:\/\/delta-paddle.com\/wp-content\/uploads\/SELECTEUR-DELTA_PADDLE-3_3.svg\" alt=\"Selecteur Stand Up Paddle Board Delta 10'\"><\/p>\n<p>[\/et_pb_text][et_pb_wc_price product=\u00bb230101&#8243; _builder_version=\u00bb4.22.1&#8243; _module_preset=\u00bbdefault\u00bb text_orientation=\u00bbcenter\u00bb module_alignment=\u00bbcenter\u00bb custom_margin=\u00bb||||false|false\u00bb custom_padding=\u00bb|||0px|false|false\u00bb global_colors_info=\u00bb{}\u00bb][\/et_pb_wc_price][\/et_pb_column][et_pb_column type=\u00bb1_3&#8243; _builder_version=\u00bb4.16&#8243; _module_preset=\u00bbdefault\u00bb global_colors_info=\u00bb{}\u00bb][et_pb_text admin_label=\u00bbTITRE ACCESSOIRES\u00bb _builder_version=\u00bb4.16&#8243; _module_preset=\u00bbdefault\u00bb header_4_text_align=\u00bbcenter\u00bb global_colors_info=\u00bb{}\u00bb]<\/p>\n<h4><span>ACCESORIOS<\/span> INCLUIDOS<\/h4>\n<p>[\/et_pb_text][et_pb_image src=\u00bbhttp:\/\/delta-paddle.com\/wp-content\/uploads\/ACCESSOIRES-INCLUS-PADDLE-GONFLABLE-DELTA-without-leash.png\u00bb alt=\u00bbACCESSOIRES-INCLUS-PADDLE-GONFLABLE-DELTA-without-leash\u00bb title_text=\u00bbACCESSOIRES-INCLUS-PADDLE-GONFLABLE-DELTA-without-leash\u00bb align=\u00bbcenter\u00bb _builder_version=\u00bb4.16&#8243; _module_preset=\u00bbdefault\u00bb module_alignment=\u00bbcenter\u00bb max_height=\u00bb625px\u00bb global_colors_info=\u00bb{}\u00bb][\/et_pb_image][\/et_pb_column][\/et_pb_row][\/et_pb_section][et_pb_section fb_built=\u00bb1&#8243; disabled_on=\u00bbon|on|on\u00bb _builder_version=\u00bb4.16&#8243; _module_preset=\u00bbdefault\u00bb background_color=\u00bb#1F2638&#8243; disabled=\u00bbon\u00bb global_colors_info=\u00bb{}\u00bb][et_pb_row column_structure=\u00bb1_5,1_5,1_5,1_5,1_5&#8243; _builder_version=\u00bb4.16&#8243; _module_preset=\u00bbdefault\u00bb background_color=\u00bbRGBA(0,0,0,0)\u00bb width=\u00bb100%\u00bb max_width=\u00bb1920px\u00bb module_alignment=\u00bbcenter\u00bb sticky_position=\u00bbtop_bottom\u00bb scroll_fade=\u00bb0|30|30|100|100%|100|100&#8243; global_colors_info=\u00bb{}\u00bb][et_pb_column type=\u00bb1_5&#8243; _builder_version=\u00bb4.16&#8243; _module_preset=\u00bbdefault\u00bb global_colors_info=\u00bb{}\u00bb][\/et_pb_column][et_pb_column type=\u00bb1_5&#8243; _builder_version=\u00bb4.16&#8243; _module_preset=\u00bbdefault\u00bb global_colors_info=\u00bb{}\u00bb][\/et_pb_column][et_pb_column type=\u00bb1_5&#8243; _builder_version=\u00bb4.16&#8243; _module_preset=\u00bbdefault\u00bb global_colors_info=\u00bb{}\u00bb][et_pb_button button_url=\u00bbhttp:\/\/delta-paddle.com\/shop\u00bb button_text=\u00bbComprar\u00bb button_alignment=\u00bbcenter\u00bb admin_label=\u00bbAcheter\u00bb _builder_version=\u00bb4.16&#8243; _module_preset=\u00bbdefault\u00bb custom_button=\u00bbon\u00bb button_text_size=\u00bb16px\u00bb button_text_color=\u00bb#ffffff\u00bb button_bg_color=\u00bb#FE0000&#8243; button_border_width=\u00bb0px\u00bb button_border_color=\u00bbRGBA(0,0,0,0)\u00bb button_border_radius=\u00bb50px\u00bb button_letter_spacing=\u00bb2px\u00bb button_font=\u00bbKarla|700||on|||||\u00bb button_use_icon=\u00bboff\u00bb custom_padding=\u00bb11px|25px|13px|25px|false|false\u00bb scroll_fade=\u00bb0|0|35|100|100%|100|0%\u00bb box_shadow_style=\u00bbpreset1&#8243; box_shadow_color=\u00bbrgba(254,0,0,0.75)\u00bb global_colors_info=\u00bb{}\u00bb][\/et_pb_button][\/et_pb_column][et_pb_column type=\u00bb1_5&#8243; _builder_version=\u00bb4.16&#8243; _module_preset=\u00bbdefault\u00bb global_colors_info=\u00bb{}\u00bb][\/et_pb_column][et_pb_column type=\u00bb1_5&#8243; _builder_version=\u00bb4.16&#8243; _module_preset=\u00bbdefault\u00bb global_colors_info=\u00bb{}\u00bb][\/et_pb_column][\/et_pb_row][\/et_pb_section]<\/p>\n","protected":false},"excerpt":{"rendered":"<p>10&#8242; Summer Premium10&#8242; Premium10&#8217;2 Premium10&#8217;8 PremiumDETALLES T\u00c9CNICOS10&#8217;8 ACCESORIOS INCLUIDOSDETALLES T\u00c9CNICOS10&#8217;2 ACCESORIOS INCLUIDOSDETALLES T\u00c9CNICOS10&#8242; ACCESORIOS INCLUIDOSDETALLES T\u00c9CNICOS10&#8242; ACCESORIOS INCLUIDOS<\/p>\n","protected":false},"author":1,"featured_media":0,"parent":0,"menu_order":0,"comment_status":"closed","ping_status":"closed","template":"","meta":{"_et_pb_use_builder":"on","_et_pb_old_content":"","_et_gb_content_width":"","content-type":"","inline_featured_image":false,"footnotes":""},"class_list":["post-230559","page","type-page","status-publish","hentry"],"_links":{"self":[{"href":"https:\/\/delta-paddle.com\/es\/wp-json\/wp\/v2\/pages\/230559","targetHints":{"allow":["GET"]}}],"collection":[{"href":"https:\/\/delta-paddle.com\/es\/wp-json\/wp\/v2\/pages"}],"about":[{"href":"https:\/\/delta-paddle.com\/es\/wp-json\/wp\/v2\/types\/page"}],"author":[{"embeddable":true,"href":"https:\/\/delta-paddle.com\/es\/wp-json\/wp\/v2\/users\/1"}],"replies":[{"embeddable":true,"href":"https:\/\/delta-paddle.com\/es\/wp-json\/wp\/v2\/comments?post=230559"}],"version-history":[{"count":20,"href":"https:\/\/delta-paddle.com\/es\/wp-json\/wp\/v2\/pages\/230559\/revisions"}],"predecessor-version":[{"id":231561,"href":"https:\/\/delta-paddle.com\/es\/wp-json\/wp\/v2\/pages\/230559\/revisions\/231561"}],"wp:attachment":[{"href":"https:\/\/delta-paddle.com\/es\/wp-json\/wp\/v2\/media?parent=230559"}],"curies":[{"name":"wp","href":"https:\/\/api.w.org\/{rel}","templated":true}]}}