{"id":230833,"date":"2024-03-22T15:31:33","date_gmt":"2024-03-22T15:31:33","guid":{"rendered":"https:\/\/delta-paddle.com\/?post_type=product&#038;p=230833"},"modified":"2024-07-05T14:21:14","modified_gmt":"2024-07-05T14:21:14","slug":"pack-sup-delta-10-copie-copie","status":"publish","type":"product","link":"https:\/\/delta-paddle.com\/de\/produit\/pack-sup-delta-10-copie-copie\/","title":{"rendered":"PACK PADDLE DELTA 10&#8242; SUMMER PREMIUM"},"content":{"rendered":"<p>[et_pb_section fb_built=&#8220;1&#8243; _builder_version=&#8220;4.16&#8243; background_enable_image=&#8220;off&#8220; custom_padding=&#8220;50px||||false|false&#8220; global_colors_info=&#8220;{}&#8220;][et_pb_row column_structure=&#8220;1_2,1_2&#8243; _builder_version=&#8220;4.25.1&#8243; _module_preset=&#8220;default&#8220; hover_enabled=&#8220;0&#8243; global_colors_info=&#8220;{}&#8220; sticky_enabled=&#8220;0&#8243;][et_pb_column type=&#8220;1_2&#8243; _builder_version=&#8220;4.25.1&#8243; _module_preset=&#8220;default&#8220; background_size=&#8220;contain&#8220; hover_enabled=&#8220;0&#8243; global_colors_info=&#8220;{}&#8220; sticky_enabled=&#8220;0&#8243;][et_pb_wc_images _builder_version=&#8220;4.24.2&#8243; _module_preset=&#8220;default&#8220; global_colors_info=&#8220;{}&#8220;][\/et_pb_wc_images][\/et_pb_column][et_pb_column type=&#8220;1_2&#8243; _builder_version=&#8220;4.16&#8243; _module_preset=&#8220;default&#8220; custom_padding=&#8220;|50px||50px|false|false&#8220; global_colors_info=&#8220;{}&#8220;][et_pb_wc_title _builder_version=&#8220;4.16&#8243; header_text_align=&#8220;left&#8220; global_colors_info=&#8220;{}&#8220;][\/et_pb_wc_title][et_pb_wc_price _builder_version=&#8220;4.16&#8243; text_orientation=&#8220;left&#8220; global_colors_info=&#8220;{}&#8220;][\/et_pb_wc_price][et_pb_wc_description _builder_version=&#8220;4.16&#8243; global_colors_info=&#8220;{}&#8220;][\/et_pb_wc_description][et_pb_image src=&#8220;http:\/\/delta-paddle.com\/wp-content\/uploads\/ACCESSOIRES-10-PREMIUM-PACK.png&#8220; title_text=&#8220;ACCESSOIRES-10-PREMIUM-PACK&#8220; disabled_on=&#8220;off|off|off&#8220; _builder_version=&#8220;4.25.1&#8243; _module_preset=&#8220;default&#8220; hover_enabled=&#8220;0&#8243; global_colors_info=&#8220;{}&#8220; sticky_enabled=&#8220;0&#8243;][\/et_pb_image][\/et_pb_column][\/et_pb_row][\/et_pb_section][et_pb_section fb_built=&#8220;1&#8243; _builder_version=&#8220;4.16&#8243; background_enable_image=&#8220;off&#8220; custom_padding=&#8220;0px||||false|false&#8220; global_colors_info=&#8220;{}&#8220;][et_pb_row _builder_version=&#8220;4.16&#8243; background_size=&#8220;initial&#8220; background_position=&#8220;top_left&#8220; background_repeat=&#8220;repeat&#8220; width=&#8220;100%&#8220; global_colors_info=&#8220;{}&#8220;][et_pb_column type=&#8220;4_4&#8243; _builder_version=&#8220;4.16&#8243; custom_padding=&#8220;|||&#8220; global_colors_info=&#8220;{}&#8220; custom_padding__hover=&#8220;|||&#8220;][et_pb_wc_tabs include_tabs=&#8220;description|additional_information|&#8220; _builder_version=&#8220;4.25.1&#8243; hover_enabled=&#8220;0&#8243; global_colors_info=&#8220;{}&#8220; sticky_enabled=&#8220;0&#8243;] [\/et_pb_wc_tabs][et_pb_wc_upsells _builder_version=&#8220;4.16&#8243; hover_enabled=&#8220;0&#8243; global_colors_info=&#8220;{}&#8220; sticky_enabled=&#8220;0&#8243;][\/et_pb_wc_upsells][et_pb_wc_related_products _builder_version=&#8220;4.16&#8243; global_colors_info=&#8220;{}&#8220;][\/et_pb_wc_related_products][et_pb_wc_breadcrumb _builder_version=&#8220;4.16&#8243; custom_padding_tablet=&#8220;|||25px|false|false&#8220; custom_padding_phone=&#8220;&#8220; custom_padding_last_edited=&#8220;on|phone&#8220; global_colors_info=&#8220;{}&#8220;][\/et_pb_wc_breadcrumb][\/et_pb_column][\/et_pb_row][\/et_pb_section][et_pb_section fb_built=&#8220;1&#8243; disabled_on=&#8220;off|off|off&#8220; _builder_version=&#8220;4.16&#8243; _module_preset=&#8220;default&#8220; background_color=&#8220;#1F2638&#8243; global_colors_info=&#8220;{}&#8220;][et_pb_row column_structure=&#8220;1_3,1_3,1_3&#8243; _builder_version=&#8220;4.16&#8243; _module_preset=&#8220;default&#8220; background_color=&#8220;RGBA(0,0,0,0)&#8220; width=&#8220;100%&#8220; max_width=&#8220;1920px&#8220; module_alignment=&#8220;center&#8220; sticky_position=&#8220;top_bottom&#8220; scroll_fade=&#8220;0|30|30|100|100%|100|100&#8243; sticky_position_tablet=&#8220;&#8220; sticky_position_phone=&#8220;none&#8220; sticky_position_last_edited=&#8220;on|phone&#8220; global_colors_info=&#8220;{}&#8220;][et_pb_column type=&#8220;1_3&#8243; _builder_version=&#8220;4.16&#8243; _module_preset=&#8220;default&#8220; global_colors_info=&#8220;{}&#8220;][\/et_pb_column][et_pb_column type=&#8220;1_3&#8243; _builder_version=&#8220;4.16&#8243; _module_preset=&#8220;default&#8220; global_colors_info=&#8220;{}&#8220;][et_pb_wc_add_to_cart _builder_version=&#8220;4.16&#8243; custom_button=&#8220;on&#8220; button_text_size=&#8220;16px&#8220; button_text_color=&#8220;#ffffff&#8220; button_bg_color=&#8220;#FE0000&#8243; button_border_width=&#8220;0px&#8220; button_border_color=&#8220;RGBA(0,0,0,0)&#8220; button_border_radius=&#8220;50px&#8220; button_letter_spacing=&#8220;2px&#8220; button_font=&#8220;Karla|700||on|||||&#8220; button_use_icon=&#8220;off&#8220; button_custom_padding=&#8220;11px|25px|13px|25px|false|false&#8220; text_orientation=&#8220;center&#8220; box_shadow_style_button=&#8220;preset1&#8243; box_shadow_color_button=&#8220;rgba(254,0,0,0.75)&#8220; global_colors_info=&#8220;{}&#8220;][\/et_pb_wc_add_to_cart][et_pb_wc_cart_notice _builder_version=&#8220;4.16&#8243; custom_button=&#8220;on&#8220; button_text_size=&#8220;16px&#8220; button_text_color=&#8220;#ffffff&#8220; button_bg_color=&#8220;#FE0000&#8243; button_border_color=&#8220;RGBA(0,0,0,0)&#8220; button_border_radius=&#8220;50px&#8220; button_letter_spacing=&#8220;2px&#8220; button_font=&#8220;Karla|700||on|||||&#8220; button_use_icon=&#8220;off&#8220; global_colors_info=&#8220;{}&#8220;][\/et_pb_wc_cart_notice][\/et_pb_column][et_pb_column type=&#8220;1_3&#8243; _builder_version=&#8220;4.16&#8243; _module_preset=&#8220;default&#8220; global_colors_info=&#8220;{}&#8220;][\/et_pb_column][\/et_pb_row][\/et_pb_section]<\/p>\n","protected":false},"excerpt":{"rendered":"<p>Das aufblasbare Paddleboard Delta 10&#8242; Summer Premium 2024 ist der neue Star unserer Allround-Kollektion und ideal f\u00fcr verschiedene Wasserumgebungen. Mit seinem hochdichten Premium-Dropstitch-Kern bietet er un\u00fcbertroffene Steifigkeit und Langlebigkeit und ist gleichzeitig leicht zu man\u00f6vrieren und leicht. Es eignet sich perfekt f\u00fcr Anf\u00e4nger oder Familienaktivit\u00e4ten und kann f\u00fcr zus\u00e4tzlichen Spa\u00df in ein Kajak umgewandelt werden.<\/p>\n<p>Das Komplettpaket umfasst eine Tragetasche, ein dreiteiliges, verstellbares SUP-Paddel, eine Hochdruck-Handpumpe und eine wasserdichte Smartphone-Tasche. Das Delta 10&#8242; Summer Premium 2024 vereint Innovation, Vielseitigkeit und Vergn\u00fcgen f\u00fcr au\u00dfergew\u00f6hnliche Paddel- und Kajakerlebnisse.<\/p>\n","protected":false},"featured_media":231263,"comment_status":"open","ping_status":"closed","template":"","meta":{"_et_pb_use_builder":"on","_et_pb_old_content":"Das aufblasbare Paddle Board Delta 10' Summer Premium 2024 ist der neue Star unserer Allround-Kollektion und perfekt geeignet f\u00fcr eine Vielzahl von Wasserumgebungen. Diese Ausgabe revolutioniert das Konzept der Vielseitigkeit mit seinem hochdichten Premium-Dropstitch-Kern, der eine un\u00fcbertroffene Steifigkeit und erh\u00f6hte Langlebigkeit bietet, w\u00e4hrend er bemerkenswerte Man\u00f6vrierf\u00e4higkeit und Leichtigkeit beibeh\u00e4lt. Ideal f\u00fcr diejenigen, die ihre ersten Schritte in der Welt des Paddelns machen oder f\u00fcr Familienaktivit\u00e4ten, zeichnet sich dieses Modell durch seine F\u00e4higkeit aus, in ein Kajak umgewandelt zu werden, was Ihrem Erlebnis auf dem Wasser eine spielerische Dimension verleiht.\n\nBegleitet von einem kompletten Paket, das entwickelt wurde, um Ihren Spa\u00df sofort nach dem Auspacken zu maximieren, enth\u00e4lt das Delta 10' Summer Premium 2024 eine praktische Transporttasche f\u00fcr unterwegs, ein in drei Teile zerlegbares SUP-Paddel, das den Bed\u00fcrfnissen jedes Benutzers angepasst werden kann, sowie eine Hochdruck-Handpumpe f\u00fcr effizientes und schnelles Aufpumpen. Das Paket wird auch durch eine wasserdichte Smartphone-Tasche bereichert, die es erm\u00f6glicht, Ihre Ger\u00e4te vor Wasser zu sch\u00fctzen, w\u00e4hrend Sie Ihre Abenteuer sorgenfrei festhalten k\u00f6nnen.\n\nDas Delta 10' Summer Premium 2024 l\u00e4dt Sie ein, das Vergn\u00fcgen des Navigierens neu zu entdecken, sei es beim Stand-Up-Paddeln oder Kajakfahren, dank seiner innovativen Konstruktion und der durchdachten Zubeh\u00f6rteile f\u00fcr Ihren Komfort und Ihre Sicherheit. Bereiten Sie sich darauf vor, unvergessliche Momente auf dem Wasser zu erleben, wo Innovation, Vielseitigkeit und Spa\u00df aufeinandertreffen, um au\u00dfergew\u00f6hnliche Stand-Up-Paddle- und Kajak-Erlebnisse zu schaffen.","_et_gb_content_width":"","content-type":"","inline_featured_image":false},"product_cat":[63,61],"product_tag":[],"class_list":{"0":"post-230833","1":"product","2":"type-product","3":"status-publish","4":"has-post-thumbnail","6":"product_cat-alle-produkte","7":"product_cat-paddelbrett-gonflable","9":"first","10":"instock","11":"taxable","12":"shipping-taxable","13":"purchasable","14":"product-type-simple"},"_links":{"self":[{"href":"https:\/\/delta-paddle.com\/de\/wp-json\/wp\/v2\/product\/230833","targetHints":{"allow":["GET"]}}],"collection":[{"href":"https:\/\/delta-paddle.com\/de\/wp-json\/wp\/v2\/product"}],"about":[{"href":"https:\/\/delta-paddle.com\/de\/wp-json\/wp\/v2\/types\/product"}],"replies":[{"embeddable":true,"href":"https:\/\/delta-paddle.com\/de\/wp-json\/wp\/v2\/comments?post=230833"}],"wp:featuredmedia":[{"embeddable":true,"href":"https:\/\/delta-paddle.com\/de\/wp-json\/wp\/v2\/media\/231263"}],"wp:attachment":[{"href":"https:\/\/delta-paddle.com\/de\/wp-json\/wp\/v2\/media?parent=230833"}],"wp:term":[{"taxonomy":"product_cat","embeddable":true,"href":"https:\/\/delta-paddle.com\/de\/wp-json\/wp\/v2\/product_cat?post=230833"},{"taxonomy":"product_tag","embeddable":true,"href":"https:\/\/delta-paddle.com\/de\/wp-json\/wp\/v2\/product_tag?post=230833"}],"curies":[{"name":"wp","href":"https:\/\/api.w.org\/{rel}","templated":true}]}}