{"id":230813,"date":"2024-03-22T14:58:19","date_gmt":"2024-03-22T14:58:19","guid":{"rendered":"https:\/\/delta-paddle.com\/?post_type=product&#038;p=230813"},"modified":"2024-07-05T13:37:26","modified_gmt":"2024-07-05T13:37:26","slug":"pack-sup-delta-102-copie","status":"publish","type":"product","link":"https:\/\/delta-paddle.com\/de\/produit\/pack-sup-delta-102-copie\/","title":{"rendered":"PACK SUP DELTA 10&#8217;2 PREMIUM"},"content":{"rendered":"<p>[et_pb_section fb_built=&#8220;1&#8243; _builder_version=&#8220;4.16&#8243; background_enable_image=&#8220;off&#8220; custom_padding=&#8220;50px||||false|false&#8220; global_colors_info=&#8220;{}&#8220;][et_pb_row column_structure=&#8220;1_2,1_2&#8243; _builder_version=&#8220;4.25.1&#8243; _module_preset=&#8220;default&#8220; global_colors_info=&#8220;{}&#8220;][et_pb_column type=&#8220;1_2&#8243; _builder_version=&#8220;4.25.1&#8243; _module_preset=&#8220;default&#8220; background_enable_image=&#8220;off&#8220; background_size=&#8220;contain&#8220; global_colors_info=&#8220;{}&#8220;][et_pb_wc_images _builder_version=&#8220;4.24.2&#8243; _module_preset=&#8220;default&#8220; global_colors_info=&#8220;{}&#8220;][\/et_pb_wc_images][\/et_pb_column][et_pb_column type=&#8220;1_2&#8243; _builder_version=&#8220;4.16&#8243; _module_preset=&#8220;default&#8220; custom_padding=&#8220;|50px||50px|false|false&#8220; global_colors_info=&#8220;{}&#8220;][et_pb_wc_title _builder_version=&#8220;4.16&#8243; header_text_align=&#8220;left&#8220; global_colors_info=&#8220;{}&#8220;][\/et_pb_wc_title][et_pb_wc_price disabled_on=&#8220;off|off|off&#8220; _builder_version=&#8220;4.16&#8243; text_orientation=&#8220;left&#8220; global_colors_info=&#8220;{}&#8220;][\/et_pb_wc_price][et_pb_wc_description _builder_version=&#8220;4.16&#8243; global_colors_info=&#8220;{}&#8220;][\/et_pb_wc_description][et_pb_image src=&#8220;http:\/\/delta-paddle.com\/wp-content\/uploads\/ACCESSOIRES-PREMIUM-PACK.png&#8220; title_text=&#8220;ACCESSOIRES-PREMIUM PACK&#8220; disabled_on=&#8220;off|off|off&#8220; _builder_version=&#8220;4.25.1&#8243; _module_preset=&#8220;default&#8220; global_colors_info=&#8220;{}&#8220;][\/et_pb_image][\/et_pb_column][\/et_pb_row][\/et_pb_section][et_pb_section fb_built=&#8220;1&#8243; _builder_version=&#8220;4.16&#8243; background_enable_image=&#8220;off&#8220; custom_padding=&#8220;0px||||false|false&#8220; global_colors_info=&#8220;{}&#8220;][et_pb_row _builder_version=&#8220;4.16&#8243; background_size=&#8220;initial&#8220; background_position=&#8220;top_left&#8220; background_repeat=&#8220;repeat&#8220; width=&#8220;100%&#8220; global_colors_info=&#8220;{}&#8220;][et_pb_column type=&#8220;4_4&#8243; _builder_version=&#8220;4.16&#8243; custom_padding=&#8220;|||&#8220; global_colors_info=&#8220;{}&#8220; custom_padding__hover=&#8220;|||&#8220;][et_pb_wc_tabs include_tabs=&#8220;description|additional_information|&#8220; _builder_version=&#8220;4.25.1&#8243; global_colors_info=&#8220;{}&#8220;]\t\t\t\t\t[\/et_pb_wc_tabs][et_pb_wc_upsells _builder_version=&#8220;4.16&#8243; global_colors_info=&#8220;{}&#8220;][\/et_pb_wc_upsells][et_pb_wc_related_products _builder_version=&#8220;4.16&#8243; global_colors_info=&#8220;{}&#8220;][\/et_pb_wc_related_products][et_pb_wc_breadcrumb _builder_version=&#8220;4.16&#8243; custom_padding_tablet=&#8220;|||25px|false|false&#8220; custom_padding_phone=&#8220;&#8220; custom_padding_last_edited=&#8220;on|phone&#8220; global_colors_info=&#8220;{}&#8220;][\/et_pb_wc_breadcrumb][\/et_pb_column][\/et_pb_row][\/et_pb_section][et_pb_section fb_built=&#8220;1&#8243; disabled_on=&#8220;off|off|off&#8220; _builder_version=&#8220;4.16&#8243; _module_preset=&#8220;default&#8220; background_color=&#8220;#1F2638&#8243; global_colors_info=&#8220;{}&#8220;][et_pb_row column_structure=&#8220;1_3,1_3,1_3&#8243; _builder_version=&#8220;4.16&#8243; _module_preset=&#8220;default&#8220; background_color=&#8220;RGBA(0,0,0,0)&#8220; width=&#8220;100%&#8220; max_width=&#8220;1920px&#8220; module_alignment=&#8220;center&#8220; sticky_position=&#8220;top_bottom&#8220; scroll_fade=&#8220;0|30|30|100|100%|100|100&#8243; sticky_position_tablet=&#8220;&#8220; sticky_position_phone=&#8220;none&#8220; sticky_position_last_edited=&#8220;on|phone&#8220; global_colors_info=&#8220;{}&#8220;][et_pb_column type=&#8220;1_3&#8243; _builder_version=&#8220;4.16&#8243; _module_preset=&#8220;default&#8220; global_colors_info=&#8220;{}&#8220;][\/et_pb_column][et_pb_column type=&#8220;1_3&#8243; _builder_version=&#8220;4.16&#8243; _module_preset=&#8220;default&#8220; global_colors_info=&#8220;{}&#8220;][et_pb_wc_add_to_cart _builder_version=&#8220;4.16&#8243; custom_button=&#8220;on&#8220; button_text_size=&#8220;16px&#8220; button_text_color=&#8220;#ffffff&#8220; button_bg_color=&#8220;#FE0000&#8243; button_border_width=&#8220;0px&#8220; button_border_color=&#8220;RGBA(0,0,0,0)&#8220; button_border_radius=&#8220;50px&#8220; button_letter_spacing=&#8220;2px&#8220; button_font=&#8220;Karla|700||on|||||&#8220; button_use_icon=&#8220;off&#8220; button_custom_padding=&#8220;11px|25px|13px|25px|false|false&#8220; text_orientation=&#8220;center&#8220; box_shadow_style_button=&#8220;preset1&#8243; box_shadow_color_button=&#8220;rgba(254,0,0,0.75)&#8220; global_colors_info=&#8220;{}&#8220;][\/et_pb_wc_add_to_cart][et_pb_wc_cart_notice _builder_version=&#8220;4.16&#8243; custom_button=&#8220;on&#8220; button_text_size=&#8220;16px&#8220; button_text_color=&#8220;#ffffff&#8220; button_bg_color=&#8220;#FE0000&#8243; button_border_color=&#8220;RGBA(0,0,0,0)&#8220; button_border_radius=&#8220;50px&#8220; button_letter_spacing=&#8220;2px&#8220; button_font=&#8220;Karla|700||on|||||&#8220; button_use_icon=&#8220;off&#8220; global_colors_info=&#8220;{}&#8220;][\/et_pb_wc_cart_notice][\/et_pb_column][et_pb_column type=&#8220;1_3&#8243; _builder_version=&#8220;4.16&#8243; _module_preset=&#8220;default&#8220; global_colors_info=&#8220;{}&#8220;][\/et_pb_column][\/et_pb_row][\/et_pb_section]<\/p>\n","protected":false},"excerpt":{"rendered":"<p>Das aufblasbare Paddleboard Delta 10&#8217;2 Premium 2024 ist ein Flaggschiffmodell der Allround-Serie und bietet eine bemerkenswerte Anpassungsf\u00e4higkeit an verschiedene Wasserumgebungen. Ausgestattet mit einem hochdichten Premium-Dropstitch-Kern gew\u00e4hrleistet es Steifigkeit, Haltbarkeit, Leichtigkeit und Man\u00f6vrierf\u00e4higkeit, ideal f\u00fcr einen durchschnittlich gro\u00dfen Erwachsenen, der ein vielseitiges und reaktionsschnelles SUP sucht.<\/p>\n<p>Das Komplettpaket des Delta 10&#8217;2 Premium umfasst eine Tragetasche, ein abnehmbares SUP-Paddel in 3 Teilen, eine Hochdruck-Handpumpe, eine Spiral-Sicherheitsleine und eine wasserdichte Smartphone-H\u00fclle. Alles ist darauf ausgelegt, Ihre Erfahrung auf dem Wasser von der ersten Nutzung an zu bereichern.<\/p>\n","protected":false},"featured_media":231208,"comment_status":"open","ping_status":"closed","template":"","meta":{"_et_pb_use_builder":"on","_et_pb_old_content":"Das aufblasbare Paddelboard Delta 10'2 Premium 2024 ist ein herausragendes Modell unserer Allround-Reihe, das entwickelt wurde, um bemerkenswerte Anpassungsf\u00e4higkeit an verschiedene Wasserumgebungen zu bieten. Seine Konstruktion beinhaltet einen hochdichten Premium-Dropstitch-Kern, eine erstklassige Materialwahl, die sowohl au\u00dfergew\u00f6hnliche Steifheit als auch un\u00fcbertroffene Haltbarkeit gew\u00e4hrleistet. Diese fortschrittliche Technologie erm\u00f6glicht es, ein optimales Leichtgewicht aufrechtzuerhalten und eine beispiellose Wendigkeit zu bieten, was dieses Board ideal f\u00fcr diejenigen macht, die auf der Suche nach einem vielseitigen und reaktionsschnellen SUP sind, das perfekt f\u00fcr einen durchschnittlich gro\u00dfen Erwachsenen geeignet ist.\n\nLe Delta 10'2 Premium 2024 est propos\u00e9 dans un pack complet, soigneusement assembl\u00e9 pour enrichir votre exp\u00e9rience sur l'eau. Dieses Paket enth\u00e4lt alles, was Sie ben\u00f6tigen, um sofort loszulegen: eine passende Transporttasche, ein dreiteiliges zerlegbares SUP-Paddel, das sich Ihrer Gr\u00f6\u00dfe und Ihrer Paddeltechnik anpasst, eine Hochdruck-Handpumpe f\u00fcr schnelles und einfaches Aufpumpen und eine Spiralkabel-Leine f\u00fcr Ihre Sicherheit. Zu beachten ist, dass das Paket auch eine wasserdichte Tasche f\u00fcr Smartphones enth\u00e4lt, ein praktisches Zubeh\u00f6r f\u00fcr diejenigen, die ihre Ger\u00e4te griffbereit und vor den Elementen gesch\u00fctzt halten m\u00f6chten, damit Sie Ihre Momente auf dem Wasser ohne Sorgen festhalten k\u00f6nnen.","_et_gb_content_width":"","content-type":"","inline_featured_image":false},"product_cat":[61],"product_tag":[],"class_list":{"0":"post-230813","1":"product","2":"type-product","3":"status-publish","4":"has-post-thumbnail","6":"product_cat-paddelbrett-gonflable","8":"first","9":"instock","10":"taxable","11":"shipping-taxable","12":"purchasable","13":"product-type-simple"},"_links":{"self":[{"href":"https:\/\/delta-paddle.com\/de\/wp-json\/wp\/v2\/product\/230813","targetHints":{"allow":["GET"]}}],"collection":[{"href":"https:\/\/delta-paddle.com\/de\/wp-json\/wp\/v2\/product"}],"about":[{"href":"https:\/\/delta-paddle.com\/de\/wp-json\/wp\/v2\/types\/product"}],"replies":[{"embeddable":true,"href":"https:\/\/delta-paddle.com\/de\/wp-json\/wp\/v2\/comments?post=230813"}],"wp:featuredmedia":[{"embeddable":true,"href":"https:\/\/delta-paddle.com\/de\/wp-json\/wp\/v2\/media\/231208"}],"wp:attachment":[{"href":"https:\/\/delta-paddle.com\/de\/wp-json\/wp\/v2\/media?parent=230813"}],"wp:term":[{"taxonomy":"product_cat","embeddable":true,"href":"https:\/\/delta-paddle.com\/de\/wp-json\/wp\/v2\/product_cat?post=230813"},{"taxonomy":"product_tag","embeddable":true,"href":"https:\/\/delta-paddle.com\/de\/wp-json\/wp\/v2\/product_tag?post=230813"}],"curies":[{"name":"wp","href":"https:\/\/api.w.org\/{rel}","templated":true}]}}