{"id":230787,"date":"2024-03-22T14:36:28","date_gmt":"2024-03-22T14:36:28","guid":{"rendered":"https:\/\/delta-paddle.com\/?post_type=product&#038;p=230787"},"modified":"2024-07-05T13:54:23","modified_gmt":"2024-07-05T13:54:23","slug":"pack-sup-delta-10-copie","status":"publish","type":"product","link":"https:\/\/delta-paddle.com\/de\/produit\/pack-sup-delta-10-copie\/","title":{"rendered":"PACK PADDLE DELTA 10&#8242; PREMIUM"},"content":{"rendered":"<p>[et_pb_section fb_built=&#8220;1&#8243; _builder_version=&#8220;4.16&#8243; background_enable_image=&#8220;off&#8220; custom_padding=&#8220;50px||||false|false&#8220; global_colors_info=&#8220;{}&#8220;][et_pb_row column_structure=&#8220;1_2,1_2&#8243; _builder_version=&#8220;4.25.1&#8243; _module_preset=&#8220;default&#8220; hover_enabled=&#8220;0&#8243; global_colors_info=&#8220;{}&#8220; sticky_enabled=&#8220;0&#8243;][et_pb_column type=&#8220;1_2&#8243; _builder_version=&#8220;4.25.1&#8243; _module_preset=&#8220;default&#8220; background_enable_image=&#8220;off&#8220; background_size=&#8220;contain&#8220; global_colors_info=&#8220;{}&#8220;][et_pb_wc_images _builder_version=&#8220;4.24.2&#8243; _module_preset=&#8220;default&#8220; global_colors_info=&#8220;{}&#8220;][\/et_pb_wc_images][\/et_pb_column][et_pb_column type=&#8220;1_2&#8243; _builder_version=&#8220;4.16&#8243; _module_preset=&#8220;default&#8220; custom_padding=&#8220;|50px||50px|false|false&#8220; global_colors_info=&#8220;{}&#8220;][et_pb_wc_title _builder_version=&#8220;4.16&#8243; header_text_align=&#8220;left&#8220; global_colors_info=&#8220;{}&#8220;][\/et_pb_wc_title][et_pb_wc_price _builder_version=&#8220;4.16&#8243; text_orientation=&#8220;left&#8220; global_colors_info=&#8220;{}&#8220;][\/et_pb_wc_price][et_pb_wc_description _builder_version=&#8220;4.16&#8243; global_colors_info=&#8220;{}&#8220;][\/et_pb_wc_description][et_pb_image src=&#8220;http:\/\/delta-paddle.com\/wp-content\/uploads\/ACCESSOIRES-PREMIUM-PACK.png&#8220; title_text=&#8220;ACCESSOIRES-PREMIUM PACK&#8220; disabled_on=&#8220;off|off|off&#8220; _builder_version=&#8220;4.25.1&#8243; _module_preset=&#8220;default&#8220; global_colors_info=&#8220;{}&#8220;][\/et_pb_image][\/et_pb_column][\/et_pb_row][\/et_pb_section][et_pb_section fb_built=&#8220;1&#8243; _builder_version=&#8220;4.16&#8243; background_enable_image=&#8220;off&#8220; custom_padding=&#8220;0px||||false|false&#8220; global_colors_info=&#8220;{}&#8220;][et_pb_row _builder_version=&#8220;4.16&#8243; background_size=&#8220;initial&#8220; background_position=&#8220;top_left&#8220; background_repeat=&#8220;repeat&#8220; width=&#8220;100%&#8220; global_colors_info=&#8220;{}&#8220;][et_pb_column type=&#8220;4_4&#8243; _builder_version=&#8220;4.16&#8243; custom_padding=&#8220;|||&#8220; global_colors_info=&#8220;{}&#8220; custom_padding__hover=&#8220;|||&#8220;][et_pb_wc_tabs _builder_version=&#8220;4.25.1&#8243; hover_enabled=&#8220;0&#8243; global_colors_info=&#8220;{}&#8220; include_tabs=&#8220;description|additional_information|&#8220; sticky_enabled=&#8220;0&#8243;]\t\t\t\t\t[\/et_pb_wc_tabs][et_pb_wc_upsells _builder_version=&#8220;4.16&#8243; global_colors_info=&#8220;{}&#8220;][\/et_pb_wc_upsells][et_pb_wc_related_products _builder_version=&#8220;4.16&#8243; global_colors_info=&#8220;{}&#8220;][\/et_pb_wc_related_products][et_pb_wc_breadcrumb _builder_version=&#8220;4.16&#8243; custom_padding_tablet=&#8220;|||25px|false|false&#8220; custom_padding_phone=&#8220;&#8220; custom_padding_last_edited=&#8220;on|phone&#8220; global_colors_info=&#8220;{}&#8220;][\/et_pb_wc_breadcrumb][\/et_pb_column][\/et_pb_row][\/et_pb_section][et_pb_section fb_built=&#8220;1&#8243; disabled_on=&#8220;off|off|off&#8220; _builder_version=&#8220;4.16&#8243; _module_preset=&#8220;default&#8220; background_color=&#8220;#1F2638&#8243; global_colors_info=&#8220;{}&#8220;][et_pb_row column_structure=&#8220;1_3,1_3,1_3&#8243; _builder_version=&#8220;4.16&#8243; _module_preset=&#8220;default&#8220; background_color=&#8220;RGBA(0,0,0,0)&#8220; width=&#8220;100%&#8220; max_width=&#8220;1920px&#8220; module_alignment=&#8220;center&#8220; sticky_position=&#8220;top_bottom&#8220; scroll_fade=&#8220;0|30|30|100|100%|100|100&#8243; sticky_position_tablet=&#8220;&#8220; sticky_position_phone=&#8220;none&#8220; sticky_position_last_edited=&#8220;on|phone&#8220; global_colors_info=&#8220;{}&#8220;][et_pb_column type=&#8220;1_3&#8243; _builder_version=&#8220;4.16&#8243; _module_preset=&#8220;default&#8220; global_colors_info=&#8220;{}&#8220;][\/et_pb_column][et_pb_column type=&#8220;1_3&#8243; _builder_version=&#8220;4.16&#8243; _module_preset=&#8220;default&#8220; global_colors_info=&#8220;{}&#8220;][et_pb_wc_add_to_cart _builder_version=&#8220;4.16&#8243; custom_button=&#8220;on&#8220; button_text_size=&#8220;16px&#8220; button_text_color=&#8220;#ffffff&#8220; button_bg_color=&#8220;#FE0000&#8243; button_border_width=&#8220;0px&#8220; button_border_color=&#8220;RGBA(0,0,0,0)&#8220; button_border_radius=&#8220;50px&#8220; button_letter_spacing=&#8220;2px&#8220; button_font=&#8220;Karla|700||on|||||&#8220; button_use_icon=&#8220;off&#8220; button_custom_padding=&#8220;11px|25px|13px|25px|false|false&#8220; text_orientation=&#8220;center&#8220; box_shadow_style_button=&#8220;preset1&#8243; box_shadow_color_button=&#8220;rgba(254,0,0,0.75)&#8220; global_colors_info=&#8220;{}&#8220;][\/et_pb_wc_add_to_cart][et_pb_wc_cart_notice _builder_version=&#8220;4.16&#8243; custom_button=&#8220;on&#8220; button_text_size=&#8220;16px&#8220; button_text_color=&#8220;#ffffff&#8220; button_bg_color=&#8220;#FE0000&#8243; button_border_color=&#8220;RGBA(0,0,0,0)&#8220; button_border_radius=&#8220;50px&#8220; button_letter_spacing=&#8220;2px&#8220; button_font=&#8220;Karla|700||on|||||&#8220; button_use_icon=&#8220;off&#8220; global_colors_info=&#8220;{}&#8220;][\/et_pb_wc_cart_notice][\/et_pb_column][et_pb_column type=&#8220;1_3&#8243; _builder_version=&#8220;4.16&#8243; _module_preset=&#8220;default&#8220; global_colors_info=&#8220;{}&#8220;][\/et_pb_column][\/et_pb_row][\/et_pb_section]<\/p>\n","protected":false},"excerpt":{"rendered":"<p>Das aufblasbare Paddel Delta 10&#8242; Premium 2024 ist eine Weiterentwicklung der Allround-Reihe und bietet eine gro\u00dfe Vielseitigkeit f\u00fcr verschiedene Wasserbedingungen. Er wurde mit einem hochdichten Dropstitch-Premium-Kern entworfen und garantiert Steifigkeit und Haltbarkeit, w\u00e4hrend er gleichzeitig leicht und wendig ist. Dieses Paddle ist ideal f\u00fcr Anf\u00e4nger und Familien und wird mit einem Komplettpaket geliefert, das eine Tragetasche, ein zerlegbares SUP-Paddel, eine Hochdruck-Handpumpe, eine coiled leash und eine wasserdichte Smartphone-Tasche enth\u00e4lt. Die Delta 10&#8242; Premium 2024 vereint Komfort, Sicherheit und Leistung und verspricht unvergessliche Wassersport-Erlebnisse.<\/p>\n","protected":false},"featured_media":231203,"comment_status":"open","ping_status":"closed","template":"","meta":{"_et_pb_use_builder":"on","_et_pb_old_content":"Das aufblasbare Paddelboard Delta 10' Premium 2024 repr\u00e4sentiert die Weiterentwicklung unserer beliebten Allround-Serie und bietet eine au\u00dfergew\u00f6hnliche Vielseitigkeit, die f\u00fcr eine Vielzahl von Wasserbedingungen geeignet ist. Entwickelt mit einem Engagement f\u00fcr Exzellenz, integriert dieses Modell einen hochdichten Premium-Dropstitch-Kern, der \u00fcberlegene Steifigkeit und Haltbarkeit gew\u00e4hrleistet. Diese technologische Weiterentwicklung erm\u00f6glicht eine optimierte Nutzung, sei es f\u00fcr den Erstkauf oder f\u00fcr Familienunterhaltung, was dieses Board leichter und handlicher macht als je zuvor.\n\nDas Delta 10' Premium 2024 wird mit einem kompletten Pack geliefert, das darauf ausgelegt ist, Ihre Erfahrung von der ersten Nutzung an zu bereichern. Dieses Paket beinhaltet eine Transporttasche, die sich f\u00fcr Transport und Aufbewahrung eignet, ein dreiteiliges, zerlegbares SUP-Paddel, das f\u00fcr verschiedene Gr\u00f6\u00dfen und Paddelvorlieben geeignet ist, eine Hochdruck-Handpumpe, die schnelles und m\u00fcheloses Aufpumpen erm\u00f6glicht, sowie ein Spiralkabel-Leash, das Ihre Sicherheit auf dem Wasser gew\u00e4hrleistet. Au\u00dferdem ist das Paket mit einer wasserdichten Tasche f\u00fcr Smartphones ausgestattet, einem unverzichtbaren Zubeh\u00f6r, um Ihre Ger\u00e4te vor Spritzern zu sch\u00fctzen, w\u00e4hrend Sie Erinnerungen festhalten, ohne sich um das Wasser sorgen zu m\u00fcssen.\n\nDas Delta 10' Premium 2024 ist Ihr idealer Begleiter, um die Gew\u00e4sser zu erkunden, sei es f\u00fcr Solo-Abenteuer oder gemeinsame Momente mit Ihren Liebsten. Das aufblasbare Paddle Delta 10' Premium 2024 ist eine Weiterentwicklung der Allround-Reihe und bietet Vielseitigkeit f\u00fcr verschiedene Wasserbedingungen. Er wurde mit einem hochdichten Dropstitch-Premium-Kern entworfen und garantiert Steifigkeit und Haltbarkeit, w\u00e4hrend er gleichzeitig leicht und wendig ist. Dieses Paddle ist ideal f\u00fcr Anf\u00e4nger und Familien und wird mit einem Komplettpaket geliefert, das eine Tragetasche, ein zerlegbares SUP-Paddel, eine Hochdruck-Handpumpe, eine coiled leash und eine wasserdichte Smartphone-Tasche enth\u00e4lt. Die Delta 10' Premium 2024 vereint Komfort, Sicherheit und Leistung und verspricht unvergessliche Wassersport-Erlebnisse.","_et_gb_content_width":"","content-type":"","inline_featured_image":false},"product_cat":[63,61],"product_tag":[],"class_list":{"0":"post-230787","1":"product","2":"type-product","3":"status-publish","4":"has-post-thumbnail","6":"product_cat-alle-produkte","7":"product_cat-paddelbrett-gonflable","9":"first","10":"instock","11":"taxable","12":"shipping-taxable","13":"purchasable","14":"product-type-simple"},"_links":{"self":[{"href":"https:\/\/delta-paddle.com\/de\/wp-json\/wp\/v2\/product\/230787","targetHints":{"allow":["GET"]}}],"collection":[{"href":"https:\/\/delta-paddle.com\/de\/wp-json\/wp\/v2\/product"}],"about":[{"href":"https:\/\/delta-paddle.com\/de\/wp-json\/wp\/v2\/types\/product"}],"replies":[{"embeddable":true,"href":"https:\/\/delta-paddle.com\/de\/wp-json\/wp\/v2\/comments?post=230787"}],"wp:featuredmedia":[{"embeddable":true,"href":"https:\/\/delta-paddle.com\/de\/wp-json\/wp\/v2\/media\/231203"}],"wp:attachment":[{"href":"https:\/\/delta-paddle.com\/de\/wp-json\/wp\/v2\/media?parent=230787"}],"wp:term":[{"taxonomy":"product_cat","embeddable":true,"href":"https:\/\/delta-paddle.com\/de\/wp-json\/wp\/v2\/product_cat?post=230787"},{"taxonomy":"product_tag","embeddable":true,"href":"https:\/\/delta-paddle.com\/de\/wp-json\/wp\/v2\/product_tag?post=230787"}],"curies":[{"name":"wp","href":"https:\/\/api.w.org\/{rel}","templated":true}]}}