{"id":230717,"date":"2021-02-22T17:54:01","date_gmt":"2021-02-22T17:54:01","guid":{"rendered":"https:\/\/delta-paddle.com\/produit\/pack-sup-delta-10"},"modified":"2023-07-21T07:04:22","modified_gmt":"2023-07-21T07:04:22","slug":"pack-sup-delta-10","status":"publish","type":"product","link":"https:\/\/delta-paddle.com\/de\/produit\/pack-sup-delta-10\/","title":{"rendered":"PACK SUP DELTA 10&#8242;"},"content":{"rendered":"<p>[et_pb_section fb_built=&#8220;1&#8243; _builder_version=&#8220;4.9.0&#8243; background_enable_image=&#8220;off&#8220; custom_padding=&#8220;50px||||false|false&#8220;][et_pb_row column_structure=&#8220;2_5,3_5&#8243; _builder_version=&#8220;4.9.0&#8243; _module_preset=&#8220;default&#8220;][et_pb_column type=&#8220;2_5&#8243; _builder_version=&#8220;4.9.0&#8243; _module_preset=&#8220;default&#8220; background_image=&#8220;http:\/\/delta-paddle.com\/wp-content\/uploads\/\/ROUND-BLUE-BACKGROUND-3.svg&#8220; background_size=&#8220;contain&#8220;][et_pb_image src=&#8220;http:\/\/delta-paddle.com\/wp-content\/uploads\/SUP-GONFLABLE-DELTA-10-GAMME-OK.png&#8220; alt=&#8220;Gonflable Paddelbrett Delta 10&#8242;&#8220; title_text=&#8220;SUP-GONFLABLE-DELTA-10-GAMME-OK&#8220; align=&#8220;center&#8220; _builder_version=&#8220;4.9.0&#8243; _module_preset=&#8220;default&#8220; module_alignment=&#8220;center&#8220; max_height=&#8220;550px&#8220;][\/et_pb_image][\/et_pb_column][et_pb_column type=&#8220;3_5&#8243; _builder_version=&#8220;4.9.0&#8243; _module_preset=&#8220;default&#8220; custom_padding=&#8220;|50px||50px|false|false&#8220;][et_pb_wc_title _builder_version=&#8220;4.9.0&#8243; header_text_align=&#8220;left&#8220;][\/et_pb_wc_title][et_pb_wc_price _builder_version=&#8220;4.9.0&#8243; text_orientation=&#8220;left&#8220;][\/et_pb_wc_price][et_pb_wc_description _builder_version=&#8220;3.0.47&#8243;][\/et_pb_wc_description][et_pb_image src=&#8220;http:\/\/delta-paddle.com\/wp-content\/uploads\/ACCESSOIRES-DELTA500px.png&#8220; title_text=&#8220;DELTA-ZUBEH\u00d6R500px&#8220; _builder_version=&#8220;4.9.0&#8243; _module_preset=&#8220;default&#8220;][\/et_pb_image][\/et_pb_column][\/et_pb_row][\/et_pb_section][et_pb_section fb_built=&#8220;1&#8243; _builder_version=&#8220;4.9.0&#8243; background_enable_image=&#8220;off&#8220; custom_padding=&#8220;0px||||false|false&#8220;][et_pb_row _builder_version=&#8220;3.25&#8243; background_size=&#8220;initial&#8220; background_position=&#8220;top_left&#8220; background_repeat=&#8220;repeat&#8220; width=&#8220;100%&#8220;][et_pb_column type=&#8220;4_4&#8243; _builder_version=&#8220;3.25&#8243; custom_padding=&#8220;|||&#8220; custom_padding__hover=&#8220;|||&#8220;][et_pb_wc_tabs include_tabs=&#8220;|additional_information|reviews&#8220; _builder_version=&#8220;4.9.0&#8243;]\t\t\t\t\t[\/et_pb_wc_tabs][et_pb_wc_upsells _builder_version=&#8220;3.0.47&#8243;][\/et_pb_wc_upsells][et_pb_wc_related_products _builder_version=&#8220;3.0.47&#8243;][\/et_pb_wc_related_products][et_pb_wc_breadcrumb _builder_version=&#8220;4.9.0&#8243; custom_padding_tablet=&#8220;|||25px|false|false&#8220; custom_padding_phone=&#8220;&#8220; custom_padding_last_edited=&#8220;on|phone&#8220;][\/et_pb_wc_breadcrumb][\/et_pb_column][\/et_pb_row][\/et_pb_section][et_pb_section fb_built=&#8220;1&#8243; _builder_version=&#8220;4.9.0&#8243; _module_preset=&#8220;default&#8220; background_color=&#8220;#1F2638&#8243;][et_pb_row column_structure=&#8220;1_3,1_3,1_3&#8243; _builder_version=&#8220;4.9.0&#8243; _module_preset=&#8220;default&#8220; background_color=&#8220;RGBA(0,0,0,0)&#8220; width=&#8220;100%&#8220; max_width=&#8220;1920px&#8220; module_alignment=&#8220;center&#8220; sticky_position=&#8220;top_bottom&#8220; scroll_fade=&#8220;0|30|30|100|100%|100|100&#8243; sticky_position_tablet=&#8220;&#8220; sticky_position_phone=&#8220;none&#8220; sticky_position_last_edited=&#8220;on|phone&#8220;][et_pb_column type=&#8220;1_3&#8243; _builder_version=&#8220;4.9.0&#8243; _module_preset=&#8220;default&#8220;][\/et_pb_column][et_pb_column type=&#8220;1_3&#8243; _builder_version=&#8220;4.9.0&#8243; _module_preset=&#8220;default&#8220;][et_pb_wc_add_to_cart _builder_version=&#8220;4.9.0&#8243; custom_button=&#8220;on&#8220; button_text_size=&#8220;16px&#8220; button_text_color=&#8220;#ffffff&#8220; button_bg_color=&#8220;#FE0000&#8243; button_border_width=&#8220;0px&#8220; button_border_color=&#8220;RGBA(0,0,0,0)&#8220; button_border_radius=&#8220;50px&#8220; button_letter_spacing=&#8220;2px&#8220; button_font=&#8220;Karla|700||on|||||&#8220; button_use_icon=&#8220;off&#8220; button_custom_padding=&#8220;11px|25px|13px|25px|false|false&#8220; text_orientation=&#8220;center&#8220; box_shadow_style_button=&#8220;preset1&#8243; box_shadow_color_button=&#8220;rgba(254,0,0,0.75)&#8220;][\/et_pb_wc_add_to_cart][et_pb_wc_cart_notice _builder_version=&#8220;4.9.0&#8243; custom_button=&#8220;on&#8220; button_text_size=&#8220;16px&#8220; button_text_color=&#8220;#ffffff&#8220; button_bg_color=&#8220;#FE0000&#8243; button_border_color=&#8220;RGBA(0,0,0,0)&#8220; button_border_radius=&#8220;50px&#8220; button_letter_spacing=&#8220;2px&#8220; button_font=&#8220;Karla|700||on|||||&#8220; button_use_icon=&#8220;off&#8220;][\/et_pb_wc_cart_notice][\/et_pb_column][et_pb_column type=&#8220;1_3&#8243; _builder_version=&#8220;4.9.0&#8243; _module_preset=&#8220;default&#8220;][\/et_pb_column][\/et_pb_row][\/et_pb_section]<\/p>\n","protected":false},"excerpt":{"rendered":"<p>Das aufblasbare Paddle Delta 10&#8242; ist ein Board aus der Allround-Familie, das sich an fast alle Bedingungen auf dem Wasser anpassen kann. Es ist also ein vielseitiges SUP, das sich ideal f\u00fcr den Erstkauf oder die Nutzung durch die Familie eignet. Das Board wird als Komplettpaket verkauft, das aus Ausr\u00fcstungsgegenst\u00e4nden besteht, die direkt von unserem Team von Paddle-Experten ausgew\u00e4hlt wurden. Das Delta 10&#8242; wird daher mit einer Tragetasche, einem dreiteiligen, zerlegbaren SUP-Paddel, einer manuellen Hochdruckpumpe und einer coiled leash f\u00fcr die Sicherheit geliefert.<\/p>\n","protected":false},"featured_media":230402,"comment_status":"open","ping_status":"closed","template":"","meta":{"_et_pb_use_builder":"on","_et_pb_old_content":"","_et_gb_content_width":"","content-type":"","inline_featured_image":false},"product_cat":[63],"product_tag":[],"class_list":{"0":"post-230717","1":"product","2":"type-product","3":"status-publish","4":"has-post-thumbnail","6":"product_cat-alle-produkte","8":"first","9":"instock","10":"taxable","11":"shipping-taxable","12":"purchasable","13":"product-type-simple"},"_links":{"self":[{"href":"https:\/\/delta-paddle.com\/de\/wp-json\/wp\/v2\/product\/230717","targetHints":{"allow":["GET"]}}],"collection":[{"href":"https:\/\/delta-paddle.com\/de\/wp-json\/wp\/v2\/product"}],"about":[{"href":"https:\/\/delta-paddle.com\/de\/wp-json\/wp\/v2\/types\/product"}],"replies":[{"embeddable":true,"href":"https:\/\/delta-paddle.com\/de\/wp-json\/wp\/v2\/comments?post=230717"}],"wp:featuredmedia":[{"embeddable":true,"href":"https:\/\/delta-paddle.com\/de\/wp-json\/wp\/v2\/media\/230402"}],"wp:attachment":[{"href":"https:\/\/delta-paddle.com\/de\/wp-json\/wp\/v2\/media?parent=230717"}],"wp:term":[{"taxonomy":"product_cat","embeddable":true,"href":"https:\/\/delta-paddle.com\/de\/wp-json\/wp\/v2\/product_cat?post=230717"},{"taxonomy":"product_tag","embeddable":true,"href":"https:\/\/delta-paddle.com\/de\/wp-json\/wp\/v2\/product_tag?post=230717"}],"curies":[{"name":"wp","href":"https:\/\/api.w.org\/{rel}","templated":true}]}}