{"id":230701,"date":"2023-03-17T10:49:43","date_gmt":"2023-03-17T10:49:43","guid":{"rendered":"https:\/\/delta-paddle.com\/rechtliche-hinweise"},"modified":"2024-03-26T11:02:02","modified_gmt":"2024-03-26T11:02:02","slug":"rechtliche-hinweise","status":"publish","type":"page","link":"https:\/\/delta-paddle.com\/de\/rechtliche-hinweise\/","title":{"rendered":"Rechtliche Hinweise"},"content":{"rendered":"<p>[et_pb_section fb_built=&#8220;1&#8243; _builder_version=&#8220;4.16&#8243; global_colors_info=&#8220;{}&#8220;][et_pb_row column_structure=&#8220;3_4,1_4&#8243; _builder_version=&#8220;4.16&#8243; background_size=&#8220;initial&#8220; background_position=&#8220;top_left&#8220; background_repeat=&#8220;repeat&#8220; global_colors_info=&#8220;{}&#8220;][et_pb_column type=&#8220;3_4&#8243; _builder_version=&#8220;4.16&#8243; custom_padding=&#8220;|||&#8220; global_colors_info=&#8220;{}&#8220; custom_padding__hover=&#8220;|||&#8220;][et_pb_text admin_label=&#8220;DONNEES PERSONNELLES &#038; COOKIE&#8220; _builder_version=&#8220;4.16&#8243; _module_preset=&#8220;default&#8220; header_text_color=&#8220;#1f2638&#8243; custom_margin=&#8220;||50px||false|false&#8220; global_colors_info=&#8220;{}&#8220;]<\/p>\n<h1>RECHTLICHE HINWEISE<\/h1>\n<p>Regeln und Bedingungen f\u00fcr die Nutzung &#8211; G\u00fcltig am 01.01.2020<\/p>\n<p>[\/et_pb_text][et_pb_text admin_label=&#8220;Chartes&#8220; _builder_version=&#8220;4.16&#8243; background_size=&#8220;initial&#8220; background_position=&#8220;top_left&#8220; background_repeat=&#8220;repeat&#8220; global_colors_info=&#8220;{}&#8220;]<\/p>\n<h2>https:\/\/delta-paddle.com\/donnees-personnelles-et-cookies1. HERAUSGEBER DER WEBSITE<\/h2>\n<p>Die Website delta-paddle.com wird von der Firma OSP CONCEPT herausgegeben, einer vereinfachten Aktiengesellschaft mit einem einzigen Gesellschafter und einem Kapital von 10.000,00 \u20ac, die im Handels- und Gesellschaftsregister von Manosque eingetragen ist.<\/p>\n<p>SIRET : 89324503500017<br \/>Umsatzsteuer-Identifikationsnummer : FR22893245035<\/p>\n<p>GESELLSCHAFTSSITZ : 1264 AVENUE DE TRAVERSETOLO 04 700 ORAISON, FRANCE<\/p>\n<p>Tel. 04 92 79 77 03<br \/>Mail. hello@delta-paddle.com<\/p>\n<h2>2. HERAUSGEBER DER WEBSITE<\/h2>\n<p>M. Guillaume Barbier<\/p>\n<h2>3. WEBHOSTING<\/h2>\n<p>Hostinger International Ltd.<br \/>61 Lordou Vironos, Larnaca, CY, 6023<\/p>\n<p><span>https:\/\/www.hostinger.fr\/contact.<\/span><\/p>\n<p>&nbsp;<\/p>\n<h2>4. PERS\u00d6NLICHE DATEN<\/h2>\n<h3>4.1 POLITIK ZUM SCHUTZ PERSONENBEZOGENER DATEN<\/h3>\n<p>Die Website delta-paddle.com wird kontinuierlich gepflegt, um die Anforderungen der DSGVO zu erf\u00fcllen.<\/p>\n<p>Wenn Sie mehr \u00fcber unseren Umgang mit pers\u00f6nlichen Daten erfahren m\u00f6chten, laden wir Sie ein, unsere Charta zu lesen : <a href=\"https:\/\/delta-paddle.com\/donnees-personnelles-et-cookies\/\" target=\"_blank\" rel=\"noopener noreferrer\">Pers\u00f6nliche Daten und Cookies.<\/a><\/p>\n<h3>4.2 COOKIES<\/h3>\n<p>Die Website delta-paddle.com integriert interne und Drittanbieter-Cookies, um die Navigation und den Inhalt zu verbessern. Sie dienen auch dazu, uns Informationen dar\u00fcber zu liefern, wie die Website genutzt wird, um sicherzustellen, dass sie aktuell, relevant und fehlerfrei ist. Die meisten der auf unserer Seite verwendeten Cookies sind f\u00fcr das Funktionieren der Seite unerl\u00e4sslich. Diese Cookies k\u00f6nnen die Leistung verbessern und zus\u00e4tzliche Funktionen bereitstellen.<\/p>\n<p>Andere erm\u00f6glichen eine bessere Zielgruppenansprache, um Ihre Nutzungserfahrung zu verbessern. Sie sammeln z. B. Ihre Surfgewohnheiten, um die angebotenen Inhalte gezielter zu gestalten.<\/p>\n<p>Bei Ihrem ersten Besuch auf delta-paddle.com erscheint ein Banner in der Fu\u00dfzeile der Seite, das Ihnen die M\u00f6glichkeit gibt, die Verwendung dieser Cookies zu akzeptieren oder abzulehnen.<\/p>\n<p>Sp\u00e4ter k\u00f6nnen Sie Ihre Einstellungen direkt \u00fcber Ihren Browser \u00e4ndern :<\/p>\n<p>F\u00fcr Chrome\u2122: \u00d6ffnen Sie das Einstellungsmen\u00fc (Schraubenschl\u00fcssel-Logo), w\u00e4hlen Sie dann &#8222;Optionen&#8220;; klicken Sie auf &#8222;Erweiterte Optionen&#8220;, dann im Abschnitt &#8222;Datenschutz&#8220; auf &#8222;Inhaltseinstellungen&#8220; und w\u00e4hlen Sie die gew\u00fcnschten Optionen oder folgen Sie dem folgenden Link: http:\/\/support.google.com\/chrome\/bin\/answer.py?hl=fr&amp;hlrm=en&amp;answer=95647<\/p>\n<p>F\u00fcr Safari\u2122: W\u00e4hlen Sie &#8222;Safari &gt; Einstellungen&#8220; und klicken Sie dann auf &#8222;Sicherheit&#8220;; im Abschnitt &#8222;Cookies akzeptieren&#8220; w\u00e4hlen Sie die gew\u00fcnschten Optionen oder folgen Sie diesem Link: http:\/\/docs.info.apple.com\/article.html?path=Safari\/3.0\/fr\/9277.html<\/p>\n<p>F\u00fcr Firefox\u2122: \u00d6ffnen Sie das Men\u00fc &#8222;Extras&#8220; und w\u00e4hlen Sie dann &#8222;Optionen&#8220;; klicken Sie auf die Registerkarte &#8222;Privatsph\u00e4re&#8220; und w\u00e4hlen Sie dann die gew\u00fcnschten Optionen oder folgen Sie diesem Link: http:\/\/support.mozilla.org\/fr\/kb\/Activer%20et%20d%C3%A9sactiver%20les%20cookies<\/p>\n<p>F\u00fcr Opera\u2122: \u00d6ffnen Sie das Men\u00fc &#8222;Extras&#8220; oder &#8222;Einstellungen&#8220; und w\u00e4hlen Sie &#8222;Private Daten l\u00f6schen&#8220;; klicken Sie auf die Registerkarte &#8222;Detaillierte Optionen&#8220; und w\u00e4hlen Sie die gew\u00fcnschten Optionen oder folgen Sie diesem Link: http:\/\/help.opera.com\/Windows\/10.20\/fr\/cookies.html<\/p>\n<p>F\u00fcr Internet Explorer\u2122: \u00d6ffnen Sie das Men\u00fc &#8222;Extras&#8220; und w\u00e4hlen Sie dann &#8222;Internetoptionen&#8220;; klicken Sie auf die Registerkarte &#8222;Datenschutz&#8220; und dann auf die Registerkarte &#8222;Erweitert&#8220; w\u00e4hlen Sie die gew\u00fcnschte Stufe oder folgen Sie diesem Link: http:\/\/windows.microsoft.com\/fr-FR\/windows-vista\/Block-or-allow-cookies<\/p>\n<p>Wenn Sie mehr \u00fcber unsere Verwendung von Cookies erfahren m\u00f6chten, empfehlen wir Ihnen, den folgenden Link zu besuchen: https:\/\/delta-paddle.com\/donnees-personnelles-et-cookies<\/p>\n<p>Wenn Sie unsere Website weiter besuchen, erkl\u00e4ren Sie sich damit einverstanden, dass beim Surfen Cookies gesetzt werden.<\/p>\n<h2>5. VERANTWORTUNG<\/h2>\n<p>DELTA unternimmt st\u00e4ndig die besten Anstrengungen, um die Zuverl\u00e4ssigkeit aller auf der Website zur Verf\u00fcgung gestellten Informationen zum Zeitpunkt ihrer Ver\u00f6ffentlichung sowie ihre Verf\u00fcgbarkeit zu gew\u00e4hrleisten. Wir k\u00f6nnen jedoch keine absolute Zuverl\u00e4ssigkeit garantieren. Daher best\u00e4tigen Sie, dass Sie diese Informationen auf Ihre alleinige Verantwortung hin nutzen.<\/p>\n<p>DELTA beh\u00e4lt sich das Recht vor, den Inhalt der auf dieser Seite ver\u00f6ffentlichten Informationen und Materialien jederzeit und ohne Vorank\u00fcndigung zu \u00e4ndern oder zu korrigieren. DELTA haftet nicht f\u00fcr Fehler oder Auslassungen in den verbreiteten Informationen oder f\u00fcr technische Probleme, die auf der Seite und auf allen anderen Seiten, zu denen sie verlinkt, auftreten, oder f\u00fcr jegliche Interpretation der auf diesen Seiten ver\u00f6ffentlichten Informationen sowie f\u00fcr die Folgen ihrer Nutzung.<\/p>\n<p>Generell lehnt DELTA jegliche Haftung f\u00fcr direkte oder indirekte Sch\u00e4den ab, unabh\u00e4ngig von Ursache, Ursprung, Natur oder Folgen, die durch den Zugriff einer Person auf die Website abstract-sport.com oder die Unm\u00f6glichkeit des Zugriffs auf diese Website, die Nutzung der Website und\/oder den Glauben an Informationen, die direkt oder indirekt von dieser Website stammen, verursacht werden.<\/p>\n<h2>6. REKLAMATIONEN<\/h2>\n<p>Bei Fragen oder Beschwerden k\u00f6nnen Sie uns kontaktieren, telefonisch unter 0492797703 von Montag bis Freitag von 9 bis 18 Uhr oder per Post an die Adresse: DELTA &#8211; OSP CONCEPT 1264 AVENUE DE TRAVERSETOLO 04 700 ORAISON, FRANKREICH<\/p>\n<h2>7. GEISTIGES EIGENTUM<\/h2>\n<p>Die Website ist Eigentum von OSP CONCEPT. Sofern nicht anders angegeben, sind die geistigen Eigentumsrechte an den auf der Website zug\u00e4nglichen Elementen (insbesondere, aber nicht ausschlie\u00dflich, Texte, Fotografien, Bilder, Icons, Karten, T\u00f6ne, Videos, Software, Datenbanken, Daten, die ebenfalls durch geistige und industrielle Eigentumsrechte gesch\u00fctzt sind) ausschlie\u00dfliches Eigentum von OSP CONCEPT, die keine Lizenzen oder andere Rechte als das Recht, die Website zu konsultieren, einr\u00e4umt.<\/p>\n<p>Folglich ist jede vollst\u00e4ndige oder teilweise Vervielf\u00e4ltigung, auf welchem Tr\u00e4ger und mit welchen Mitteln auch immer, insbesondere von Texten und Fotografien, strengstens untersagt. Die Vervielf\u00e4ltigung, Anpassung, \u00c4nderung, Verbreitung oder Nutzung dieser Elemente, insbesondere zu kommerziellen Zwecken, kann Gegenstand geeigneter Ma\u00dfnahmen sein, insbesondere einer Klage wegen F\u00e4lschung.<\/p>\n<p>Informationsdatenbanken sind nach dem Gesetz vom 1. Juli 1998 gesch\u00fctzt. Daher kann jede vollst\u00e4ndige oder teilweise Extraktion oder versuchte Extraktion von der Website zivil- und strafrechtlich verfolgt werden. Es ist Ihnen daher untersagt, eine qualitativ oder quantitativ wesentliche Extraktion der auf der Website eingestellten Datenbanken vorzunehmen.<\/p>\n<h2>8. CREDITS<\/h2>\n<p>\u00a9 DELTA &#8211; OSP CONCEPT<\/p>\n<p>&nbsp;<\/p>\n<p>&nbsp;<\/p>\n<p>&nbsp;<\/p>\n<p><!-- \/divi:heading -->[\/et_pb_text][\/et_pb_column][et_pb_column type=&#8220;1_4&#8243; _builder_version=&#8220;4.16&#8243; custom_padding=&#8220;|||&#8220; global_colors_info=&#8220;{}&#8220; custom_padding__hover=&#8220;|||&#8220;][et_pb_image src=&#8220;http:\/\/delta-paddle.com\/wp-content\/uploads\/\/LOGO-DELTA-VERTICAL.svg&#8220; alt=&#8220;LOGO-DELTA-VERTICAL&#8220; title_text=&#8220;LOGO-DELTA-VERTICAL&#8220; admin_label=&#8220;Logo Delta Vertical&#8220; _builder_version=&#8220;4.16&#8243; _module_preset=&#8220;default&#8220; global_colors_info=&#8220;{}&#8220;][\/et_pb_image][\/et_pb_column][\/et_pb_row][\/et_pb_section]<\/p>\n","protected":false},"excerpt":{"rendered":"<p>RECHTLICHE HINWEISE Regeln und Bedingungen f\u00fcr die Nutzung &#8211; G\u00fcltig am 01.01.2020https:\/\/delta-paddle.com\/donnees-personnelles-et-cookies1. HERAUSGEBER DER WEBSITE Die Website delta-paddle.com wird von der Firma OSP CONCEPT herausgegeben, einer vereinfachten Aktiengesellschaft mit einem einzigen Gesellschafter und einem Kapital von 10.000,00 \u20ac, die im Handels- und Gesellschaftsregister von Manosque eingetragen ist. SIRET : 89324503500017Umsatzsteuer-Identifikationsnummer : FR22893245035 GESELLSCHAFTSSITZ : 1264 [&hellip;]<\/p>\n","protected":false},"author":2,"featured_media":0,"parent":0,"menu_order":0,"comment_status":"closed","ping_status":"closed","template":"","meta":{"_et_pb_use_builder":"on","_et_pb_old_content":"","_et_gb_content_width":"","content-type":"","inline_featured_image":false,"footnotes":""},"class_list":["post-230701","page","type-page","status-publish","hentry"],"_links":{"self":[{"href":"https:\/\/delta-paddle.com\/de\/wp-json\/wp\/v2\/pages\/230701","targetHints":{"allow":["GET"]}}],"collection":[{"href":"https:\/\/delta-paddle.com\/de\/wp-json\/wp\/v2\/pages"}],"about":[{"href":"https:\/\/delta-paddle.com\/de\/wp-json\/wp\/v2\/types\/page"}],"author":[{"embeddable":true,"href":"https:\/\/delta-paddle.com\/de\/wp-json\/wp\/v2\/users\/2"}],"replies":[{"embeddable":true,"href":"https:\/\/delta-paddle.com\/de\/wp-json\/wp\/v2\/comments?post=230701"}],"version-history":[{"count":13,"href":"https:\/\/delta-paddle.com\/de\/wp-json\/wp\/v2\/pages\/230701\/revisions"}],"predecessor-version":[{"id":230979,"href":"https:\/\/delta-paddle.com\/de\/wp-json\/wp\/v2\/pages\/230701\/revisions\/230979"}],"wp:attachment":[{"href":"https:\/\/delta-paddle.com\/de\/wp-json\/wp\/v2\/media?parent=230701"}],"curies":[{"name":"wp","href":"https:\/\/api.w.org\/{rel}","templated":true}]}}