{"id":230570,"date":"2023-06-27T11:47:35","date_gmt":"2023-06-27T11:47:35","guid":{"rendered":"https:\/\/delta-paddle.com\/kundenservice-sav"},"modified":"2024-03-25T08:48:35","modified_gmt":"2024-03-25T08:48:35","slug":"kundenservice-sav","status":"publish","type":"page","link":"https:\/\/delta-paddle.com\/de\/kundenservice-sav\/","title":{"rendered":"KUNDENSERVICE &#8211; SAV"},"content":{"rendered":"<p>[et_pb_section fb_built=&#8220;1&#8243; _builder_version=&#8220;4.16&#8243; global_colors_info=&#8220;{}&#8220;][et_pb_row column_structure=&#8220;3_4,1_4&#8243; _builder_version=&#8220;4.16&#8243; background_size=&#8220;initial&#8220; background_position=&#8220;top_left&#8220; background_repeat=&#8220;repeat&#8220; global_colors_info=&#8220;{}&#8220;][et_pb_column type=&#8220;3_4&#8243; _builder_version=&#8220;4.16&#8243; custom_padding=&#8220;|||&#8220; global_colors_info=&#8220;{}&#8220; custom_padding__hover=&#8220;|||&#8220;][et_pb_text admin_label=&#8220;DONNEES PERSONNELLES &#038; COOKIE&#8220; _builder_version=&#8220;4.16&#8243; _module_preset=&#8220;default&#8220; header_text_color=&#8220;#1f2638&#8243; custom_margin=&#8220;||50px||false|false&#8220; global_colors_info=&#8220;{}&#8220;]<\/p>\n<h1>KUNDENSERVICE &#8211; SAV<\/h1>\n<p>&nbsp;<\/p>\n<p>M\u00f6chten Sie eine Anfrage an den Kundendienst stellen? F\u00fcllen Sie einfach das untenstehende Formular aus.<br \/>Wenn Sie einfach nur eine Frage haben, k\u00f6nnen Sie auch einen Chat starten, wir werden Ihnen dann schneller antworten.<\/p>\n<p>[\/et_pb_text][et_pb_code _builder_version=&#8220;4.20.4&#8243; _module_preset=&#8220;default&#8220; hover_enabled=&#8220;0&#8243; sticky_enabled=&#8220;0&#8243;]<script charset=\"utf-8\" type=\"text\/javascript\" src=\"\/\/js-eu1.hsforms.net\/forms\/embed\/v2.js\"><\/script><!-- [et_pb_line_break_holder] --><script><!-- [et_pb_line_break_holder] -->  hbspt.forms.create({<!-- [et_pb_line_break_holder] -->    region: \"eu1\",<!-- [et_pb_line_break_holder] -->    portalId: \"26993702\",<!-- [et_pb_line_break_holder] -->    formId: \"6b716cb8-3d6c-4b72-8f38-1d491a19b8f7\"<!-- [et_pb_line_break_holder] -->  });<!-- [et_pb_line_break_holder] --><\/script>[\/et_pb_code][\/et_pb_column][et_pb_column type=&#8220;1_4&#8243; _builder_version=&#8220;4.16&#8243; custom_padding=&#8220;|||&#8220; global_colors_info=&#8220;{}&#8220; custom_padding__hover=&#8220;|||&#8220;][et_pb_image src=&#8220;http:\/\/delta-paddle.com\/wp-content\/uploads\/\/LOGO-DELTA-VERTICAL.svg&#8220; alt=&#8220;LOGO-DELTA-VERTICAL&#8220; title_text=&#8220;LOGO-DELTA-VERTICAL&#8220; admin_label=&#8220;Logo Delta Vertical&#8220; _builder_version=&#8220;4.16&#8243; _module_preset=&#8220;default&#8220; global_colors_info=&#8220;{}&#8220;][\/et_pb_image][\/et_pb_column][\/et_pb_row][\/et_pb_section]<\/p>\n","protected":false},"excerpt":{"rendered":"<p>KUNDENSERVICE &#8211; SAV &nbsp; M\u00f6chten Sie eine Anfrage an den Kundendienst stellen? F\u00fcllen Sie einfach das untenstehende Formular aus.Wenn Sie einfach nur eine Frage haben, k\u00f6nnen Sie auch einen Chat starten, wir werden Ihnen dann schneller antworten.<\/p>\n","protected":false},"author":2,"featured_media":0,"parent":0,"menu_order":0,"comment_status":"closed","ping_status":"closed","template":"","meta":{"_et_pb_use_builder":"on","_et_pb_old_content":"","_et_gb_content_width":"","content-type":"","inline_featured_image":false,"footnotes":""},"class_list":["post-230570","page","type-page","status-publish","hentry"],"_links":{"self":[{"href":"https:\/\/delta-paddle.com\/de\/wp-json\/wp\/v2\/pages\/230570","targetHints":{"allow":["GET"]}}],"collection":[{"href":"https:\/\/delta-paddle.com\/de\/wp-json\/wp\/v2\/pages"}],"about":[{"href":"https:\/\/delta-paddle.com\/de\/wp-json\/wp\/v2\/types\/page"}],"author":[{"embeddable":true,"href":"https:\/\/delta-paddle.com\/de\/wp-json\/wp\/v2\/users\/2"}],"replies":[{"embeddable":true,"href":"https:\/\/delta-paddle.com\/de\/wp-json\/wp\/v2\/comments?post=230570"}],"version-history":[{"count":9,"href":"https:\/\/delta-paddle.com\/de\/wp-json\/wp\/v2\/pages\/230570\/revisions"}],"predecessor-version":[{"id":230904,"href":"https:\/\/delta-paddle.com\/de\/wp-json\/wp\/v2\/pages\/230570\/revisions\/230904"}],"wp:attachment":[{"href":"https:\/\/delta-paddle.com\/de\/wp-json\/wp\/v2\/media?parent=230570"}],"curies":[{"name":"wp","href":"https:\/\/api.w.org\/{rel}","templated":true}]}}